{"id":553721,"date":"2025-03-04T02:40:17","date_gmt":"2025-03-04T01:40:17","guid":{"rendered":"https:\/\/shop.kustom.ch\/?post_type=product&#038;p=553721"},"modified":"2026-03-30T14:34:00","modified_gmt":"2026-03-30T13:34:00","slug":"haengetaschen-handwerker-customized","status":"publish","type":"product","link":"https:\/\/shop.kustom.ch\/fr\/produit\/haengetaschen-handwerker-customized\/","title":{"rendered":"Sacs suspendus, artisans CUSTOMIZED"},"content":{"rendered":"<p>Set de 2 sacs suspendus. Se fixe facilement et individuellement gr\u00e2ce au syst\u00e8me Click Pocket. Particuli\u00e8rement r\u00e9sistant et dot\u00e9 de nombreuses poches \u00e0 fond ferm\u00e9. L'un des sacs suspendus comporte deux grandes poches spacieuses et une poche \u00e0 fermeture \u00e9clair. L'autre sac \u00e0 suspendre avec deux grandes poches spacieuses, deux boucles et une petite poche \u00e0 outils. Boucle pour suspendre le sac apr\u00e8s l'avoir enlev\u00e9. Dimensions 20 x 25 cm.<\/p>\n<p>OEKO-TEX\u00ae STANDARD 100<br \/>\n100% Polyamide (tissu CORDURA\u00ae)<br \/>\nStructure en toile.<br \/>\n220 g\/m<br \/>\nLinge d\u00e9licat, max. 40\u00b0 C ; Ne pas blanchir ; Ne pas s\u00e9cher au s\u00e8che-linge ; Ne pas repasser ; Supporte le nettoyage normal<\/p>\n<p><a href=\"https:\/\/mascotsitecore-1ccb8.kxcdn.com\/pdf\/22450-012-010-de.pdf\" target=\"_blank\" rel=\"noopener\"><u>Ouvrir la fiche produit<\/u><\/a><\/p>","protected":false},"excerpt":{"rendered":"<ul>\n<li>Se fixe facilement et individuellement aux pantalons, shorts et pantalons trois-quarts gr\u00e2ce au syst\u00e8me Click Pocket.<\/li>\n<li>Con\u00e7u en collaboration avec des artisans pour r\u00e9pondre \u00e0 vos besoins.<\/li>\n<li>Pour plus d'espace de rangement, il suffit d'ajouter des poches suspendues suppl\u00e9mentaires.<\/li>\n<li>Lorsque le temps change, les poches suspendues se d\u00e9tachent facilement des pantalons longs et se fixent aux trois-quarts ou aux shorts.<\/li>\n<\/ul>","protected":false},"featured_media":553752,"template":"","meta":[],"product_brand":[],"product_cat":[9643,10507],"product_tag":[],"class_list":{"0":"post-553721","1":"product","2":"type-product","3":"status-publish","4":"has-post-thumbnail","6":"product_cat-equipment","7":"product_cat-haengetaschen","8":"pa_brand-mascot","9":"pa_brand-type-workwear","10":"pa_filter-color-grau","11":"pa_filter-color-gruen","12":"pa_filter-color-schwarz","13":"pa_filter-color-weiss","15":"first","16":"instock","17":"sale","18":"taxable","19":"shipping-taxable","20":"purchasable","21":"product-type-variable","22":"add-to-wishlist-before_image"},"exclude_global_add_ons":[],"addons":[],"acf":[],"_links":{"self":[{"href":"https:\/\/shop.kustom.ch\/fr\/wp-json\/wp\/v2\/product\/553721"}],"collection":[{"href":"https:\/\/shop.kustom.ch\/fr\/wp-json\/wp\/v2\/product"}],"about":[{"href":"https:\/\/shop.kustom.ch\/fr\/wp-json\/wp\/v2\/types\/product"}],"wp:featuredmedia":[{"embeddable":true,"href":"https:\/\/shop.kustom.ch\/fr\/wp-json\/wp\/v2\/media\/553752"}],"wp:attachment":[{"href":"https:\/\/shop.kustom.ch\/fr\/wp-json\/wp\/v2\/media?parent=553721"}],"wp:term":[{"taxonomy":"product_brand","embeddable":true,"href":"https:\/\/shop.kustom.ch\/fr\/wp-json\/wp\/v2\/product_brand?post=553721"},{"taxonomy":"product_cat","embeddable":true,"href":"https:\/\/shop.kustom.ch\/fr\/wp-json\/wp\/v2\/product_cat?post=553721"},{"taxonomy":"product_tag","embeddable":true,"href":"https:\/\/shop.kustom.ch\/fr\/wp-json\/wp\/v2\/product_tag?post=553721"}],"curies":[{"name":"wp","href":"https:\/\/api.w.org\/{rel}","templated":true}]}}