{"id":553670,"date":"2025-03-04T02:39:44","date_gmt":"2025-03-04T01:39:44","guid":{"rendered":"https:\/\/shop.kustom.ch\/?post_type=product&#038;p=553670"},"modified":"2026-03-30T14:33:59","modified_gmt":"2026-03-30T13:33:59","slug":"winterjacke-customized-4","status":"publish","type":"product","link":"https:\/\/shop.kustom.ch\/fr\/produit\/winterjacke-customized-4\/","title":{"rendered":"Veste d'hiver CUSTOMIZED"},"content":{"rendered":"<p>Respirant, coupe-vent et imperm\u00e9able avec coutures scell\u00e9es. Avec CLIMASCOT\u00ae Lightweight Insulation. Fermeture avec fermeture \u00e9clair et rabat de protection contre les intemp\u00e9ries \u00e0 l'int\u00e9rieur. Capuche doubl\u00e9e et amovible. Col montant. Poches sur le devant. Poche int\u00e9rieure avec fermeture velcro. Les manches \u00e0 la coupe ergonomique permettent une grande libert\u00e9 de mouvement. Fermeture velcro aux poignets. Fermeture \u00e9clair dans la doublure au dos pour apposer un logo\/une broderie. Effets r\u00e9fl\u00e9chissants. \u00c9lastique r\u00e9glable \u00e0 l'ourlet inf\u00e9rieur.<\/p>\n<p>OEKO-TEX\u00ae STANDARD 100 ; EN 342 3\/WP (2.10 clo) ; EN 343 4-1-X<br \/>\n100% Polyester<br \/>\nRipstop (tissu \u00e0 mailles serr\u00e9es). Peut r\u00e9tr\u00e9cir au maximum de 2%. Colonne d'eau &gt; 10.000 mm selon EN ISO 811.<br \/>\n210 g\/m\u00b2 (1,5 lb)<br \/>\nLinge d\u00e9licat, max. 40\u00b0 C ; Ne pas blanchir ; Ne pas s\u00e9cher au s\u00e8che-linge ; Ne pas repasser ; Supporte le nettoyage normal<\/p>\n<p><a href=\"https:\/\/mascotsitecore-1ccb8.kxcdn.com\/pdf\/22435-231-010-de.pdf\" target=\"_blank\" rel=\"noopener\"><u>Ouvrir la fiche produit<\/u><\/a><\/p>","protected":false},"excerpt":{"rendered":"<ul>\n<li>Veste d'hiver fonctionnelle pour tous ceux qui n'ont pas besoin de beaucoup de poches.<\/li>\n<li>Respirant, coupe-vent et imperm\u00e9able, il vous permet de donner le meilleur de vous-m\u00eame par tous les temps.<\/li>\n<li>CLIMASCOT\u00ae Lightweight Insulation tient chaud en hiver.<\/li>\n<\/ul>","protected":false},"featured_media":553687,"template":"","meta":[],"product_brand":[],"product_cat":[4186],"product_tag":[],"class_list":{"0":"post-553670","1":"product","2":"type-product","3":"status-publish","4":"has-post-thumbnail","6":"product_cat-jacken","7":"pa_brand-mascot","8":"pa_brand-type-workwear","9":"pa_filter-color-grau","10":"pa_filter-color-gruen","11":"pa_filter-color-schwarz","12":"pa_filter-color-weiss","14":"first","15":"instock","16":"sale","17":"taxable","18":"shipping-taxable","19":"purchasable","20":"product-type-variable","21":"add-to-wishlist-before_image"},"exclude_global_add_ons":[],"addons":[],"acf":[],"_links":{"self":[{"href":"https:\/\/shop.kustom.ch\/fr\/wp-json\/wp\/v2\/product\/553670"}],"collection":[{"href":"https:\/\/shop.kustom.ch\/fr\/wp-json\/wp\/v2\/product"}],"about":[{"href":"https:\/\/shop.kustom.ch\/fr\/wp-json\/wp\/v2\/types\/product"}],"wp:featuredmedia":[{"embeddable":true,"href":"https:\/\/shop.kustom.ch\/fr\/wp-json\/wp\/v2\/media\/553687"}],"wp:attachment":[{"href":"https:\/\/shop.kustom.ch\/fr\/wp-json\/wp\/v2\/media?parent=553670"}],"wp:term":[{"taxonomy":"product_brand","embeddable":true,"href":"https:\/\/shop.kustom.ch\/fr\/wp-json\/wp\/v2\/product_brand?post=553670"},{"taxonomy":"product_cat","embeddable":true,"href":"https:\/\/shop.kustom.ch\/fr\/wp-json\/wp\/v2\/product_cat?post=553670"},{"taxonomy":"product_tag","embeddable":true,"href":"https:\/\/shop.kustom.ch\/fr\/wp-json\/wp\/v2\/product_tag?post=553670"}],"curies":[{"name":"wp","href":"https:\/\/api.w.org\/{rel}","templated":true}]}}