{"id":553642,"date":"2025-03-04T02:39:41","date_gmt":"2025-03-04T01:39:41","guid":{"rendered":"https:\/\/shop.kustom.ch\/?post_type=product&#038;p=553642"},"modified":"2026-03-30T14:33:56","modified_gmt":"2026-03-30T13:33:56","slug":"kapuzensweatshirt-mit-reissverschluss-customized","status":"publish","type":"product","link":"https:\/\/shop.kustom.ch\/fr\/produit\/kapuzensweatshirt-mit-reissverschluss-customized\/","title":{"rendered":"Sweat \u00e0 capuche avec fermeture \u00e9clair CUSTOMIZED"},"content":{"rendered":"<p>De qualit\u00e9 sup\u00e9rieure. Coupe moderne. Membrane \u00e9tanche au vent. R\u00e9sistant \u00e0 l'eau. Capuche avec cordons de serrage. Fermeture avec zip. Poches avant avec r\u00e9flecteurs. Renforts aux coudes. Bords c\u00f4tes sur le bas et les poignets.<\/p>\n<p>OEKO-TEX\u00ae STANDARD 100<br \/>\n65% polyester\/27% coton\/8% PU<br \/>\nTricot au m\u00e8tre.<br \/>\n320 g\/m<br \/>\nLinge d\u00e9licat, max. 40\u00b0 C ; Ne pas blanchir ; Ne pas s\u00e9cher au s\u00e8che-linge ; Ne pas repasser ; Supporte le nettoyage normal<\/p>\n<p><a href=\"https:\/\/mascotsitecore-1ccb8.kxcdn.com\/pdf\/22386-365-010-de.pdf\" target=\"_blank\" rel=\"noopener\"><u>Ouvrir la fiche produit<\/u><\/a><\/p>","protected":false},"excerpt":{"rendered":"<ul>\n<li>Gr\u00e2ce \u00e0 la membrane coupe-vent, le sweat-shirt peut \u00eatre port\u00e9 comme couche ext\u00e9rieure.<\/li>\n<li>Rev\u00eatement hydrofuge et anti-salissures.<\/li>\n<li>R\u00e9sistant, notamment gr\u00e2ce aux renforts aux coudes.<\/li>\n<li>Des r\u00e9flecteurs sur les bords des poches augmentent la visibilit\u00e9 dans l'obscurit\u00e9.<\/li>\n<\/ul>","protected":false},"featured_media":553684,"template":"","meta":[],"product_brand":[],"product_cat":[4184],"product_tag":[],"class_list":{"0":"post-553642","1":"product","2":"type-product","3":"status-publish","4":"has-post-thumbnail","6":"product_cat-hoodies-pullover","7":"pa_brand-mascot","8":"pa_brand-type-workwear","9":"pa_filter-color-braun","10":"pa_filter-color-schwarz","12":"first","13":"instock","14":"sale","15":"taxable","16":"shipping-taxable","17":"purchasable","18":"product-type-variable","19":"add-to-wishlist-before_image"},"exclude_global_add_ons":[],"addons":[],"acf":[],"_links":{"self":[{"href":"https:\/\/shop.kustom.ch\/fr\/wp-json\/wp\/v2\/product\/553642"}],"collection":[{"href":"https:\/\/shop.kustom.ch\/fr\/wp-json\/wp\/v2\/product"}],"about":[{"href":"https:\/\/shop.kustom.ch\/fr\/wp-json\/wp\/v2\/types\/product"}],"wp:featuredmedia":[{"embeddable":true,"href":"https:\/\/shop.kustom.ch\/fr\/wp-json\/wp\/v2\/media\/553684"}],"wp:attachment":[{"href":"https:\/\/shop.kustom.ch\/fr\/wp-json\/wp\/v2\/media?parent=553642"}],"wp:term":[{"taxonomy":"product_brand","embeddable":true,"href":"https:\/\/shop.kustom.ch\/fr\/wp-json\/wp\/v2\/product_brand?post=553642"},{"taxonomy":"product_cat","embeddable":true,"href":"https:\/\/shop.kustom.ch\/fr\/wp-json\/wp\/v2\/product_cat?post=553642"},{"taxonomy":"product_tag","embeddable":true,"href":"https:\/\/shop.kustom.ch\/fr\/wp-json\/wp\/v2\/product_tag?post=553642"}],"curies":[{"name":"wp","href":"https:\/\/api.w.org\/{rel}","templated":true}]}}