{"id":553025,"date":"2025-03-04T02:34:37","date_gmt":"2025-03-04T01:34:37","guid":{"rendered":"https:\/\/shop.kustom.ch\/?post_type=product&#038;p=553025"},"modified":"2026-03-30T14:33:49","modified_gmt":"2026-03-30T13:33:49","slug":"hose-mit-knietaschen-customized-7","status":"publish","type":"product","link":"https:\/\/shop.kustom.ch\/fr\/produit\/hose-mit-knietaschen-customized-7\/","title":{"rendered":"Pantalon avec poches genouill\u00e8res CUSTOMIZED"},"content":{"rendered":"<p>Tissu stretch ultime, l\u00e9ger et tr\u00e8s r\u00e9sistant. Avec une finition hydrofuge. Pr\u00e9par\u00e9 pour les poches suspendues avec syst\u00e8me Click Pocket. Coutures \u00e0 double et triple rabattage sur les jambes et \u00e0 l'entrejambe. Les jambes du pantalon ont une forme ergonomique. Passants de ceinture. Braguette avec fermeture \u00e0 glissi\u00e8re. Poches sur le devant. Poches arri\u00e8re renforc\u00e9es. Passant pour marteau, r\u00e9glable. Bouton (amovible) pour fixer un porte-couteau. Poche pour m\u00e8tre pliant et petite poche ext\u00e9rieure renforc\u00e9es par du tissu CORDURA\u00ae. Poche sur la cuisse avec rabat \u00e0 fermeture magn\u00e9tique. Poches avec rabat sur le devant de la cuisse. Poches genouill\u00e8res en CORDURA\u00ae (1000 D) super r\u00e9sistant, r\u00e9glables en hauteur. R\u00e9glage simple et individuel de la hauteur des poches genouill\u00e8res. Effets r\u00e9fl\u00e9chissants. La longueur d'entrejambe peut \u00eatre rallong\u00e9e de 3 cm en coupant la couture rouge \u00e0 l'int\u00e9rieur de la jambe. Pour ce mod\u00e8le, nous recommandons les protections de genoux suivantes : 00418-100, 00718-100, 50451-916 ou 20118-915. Certifi\u00e9 avec le type de genouill\u00e8re SHORT ou LONG selon EN 14404.<\/p>\n<p>OEKO-TEX\u00ae STANDARD 100<br \/>\n92% Polyamide\/8% \u00c9lasthanne<br \/>\nSTRETCH ULTIME. Peut r\u00e9tr\u00e9cir de 2% maximum. Couleur 0689 : 88% polyester\/12% \u00e9lasthanne.<br \/>\n235 g\/m<br \/>\nLinge d\u00e9licat, max. 40\u00b0 C ; Ne pas blanchir ; Ne pas s\u00e9cher au s\u00e8che-linge ; Repasser \u00e0 basse temp\u00e9rature, max. 100\u00b0 C ; Supporte le nettoyage normal<\/p>\n<p><a href=\"https:\/\/mascotsitecore-1ccb8.kxcdn.com\/pdf\/22379-311-010-de.pdf\" target=\"_blank\" rel=\"noopener\"><u>Ouvrir la fiche produit<\/u><\/a><\/p>","protected":false},"excerpt":{"rendered":"<ul>\n<li>L\u00e9g\u00e8ret\u00e9, grande r\u00e9sistance et ULTIMATE STRETCH garantissent une grande libert\u00e9 de mouvement.<\/li>\n<li>Le syst\u00e8me Click Pocket permet de fixer exactement les sacs suspendus souhait\u00e9s.<\/li>\n<li>Des poches genouill\u00e8res r\u00e9glables en CORDURA\u00ae r\u00e9sistant permettent de placer les genouill\u00e8res de mani\u00e8re optimale.<\/li>\n<li>Rev\u00eatement hydrofuge et anti-salissures.<\/li>\n<li>Les jambes du pantalon peuvent \u00eatre facilement omises et rallong\u00e9es de 3 cm.<\/li>\n<\/ul>","protected":false},"featured_media":553070,"template":"","meta":[],"product_brand":[],"product_cat":[4185],"product_tag":[],"class_list":{"0":"post-553025","1":"product","2":"type-product","3":"status-publish","4":"has-post-thumbnail","6":"product_cat-hosen","7":"pa_brand-mascot","8":"pa_brand-type-workwear","9":"pa_filter-color-beige","10":"pa_filter-color-blau","11":"pa_filter-color-braun","12":"pa_filter-color-grau","13":"pa_filter-color-gruen","14":"pa_filter-color-rot","15":"pa_filter-color-schwarz","16":"pa_filter-color-weiss","18":"first","19":"instock","20":"sale","21":"taxable","22":"shipping-taxable","23":"purchasable","24":"product-type-variable","25":"add-to-wishlist-before_image"},"exclude_global_add_ons":[],"addons":[],"acf":[],"_links":{"self":[{"href":"https:\/\/shop.kustom.ch\/fr\/wp-json\/wp\/v2\/product\/553025"}],"collection":[{"href":"https:\/\/shop.kustom.ch\/fr\/wp-json\/wp\/v2\/product"}],"about":[{"href":"https:\/\/shop.kustom.ch\/fr\/wp-json\/wp\/v2\/types\/product"}],"wp:featuredmedia":[{"embeddable":true,"href":"https:\/\/shop.kustom.ch\/fr\/wp-json\/wp\/v2\/media\/553070"}],"wp:attachment":[{"href":"https:\/\/shop.kustom.ch\/fr\/wp-json\/wp\/v2\/media?parent=553025"}],"wp:term":[{"taxonomy":"product_brand","embeddable":true,"href":"https:\/\/shop.kustom.ch\/fr\/wp-json\/wp\/v2\/product_brand?post=553025"},{"taxonomy":"product_cat","embeddable":true,"href":"https:\/\/shop.kustom.ch\/fr\/wp-json\/wp\/v2\/product_cat?post=553025"},{"taxonomy":"product_tag","embeddable":true,"href":"https:\/\/shop.kustom.ch\/fr\/wp-json\/wp\/v2\/product_tag?post=553025"}],"curies":[{"name":"wp","href":"https:\/\/api.w.org\/{rel}","templated":true}]}}