{"id":552863,"date":"2025-03-04T02:33:15","date_gmt":"2025-03-04T01:33:15","guid":{"rendered":"https:\/\/shop.kustom.ch\/?post_type=product&#038;p=552863"},"modified":"2026-03-30T14:33:06","modified_gmt":"2026-03-30T13:33:06","slug":"thermoweste-customized-2","status":"publish","type":"product","link":"https:\/\/shop.kustom.ch\/fr\/produit\/thermoweste-customized-2\/","title":{"rendered":"Gilet thermique CUSTOMIZED"},"content":{"rendered":"<p>Forme adapt\u00e9e aux femmes. Respirant et d\u00e9perlant. Avec CLIMASCOT\u00ae Lightweight Insulation. Col montant. Fermeture avec fermeture \u00e9clair. Poches avant avec fermeture \u00e9clair. Poche int\u00e9rieure. Elastique aux poignets. \u00c9lastique r\u00e9glable \u00e0 l'ourlet inf\u00e9rieur. Tissu stretch sur les c\u00f4t\u00e9s et la poitrine. Effets r\u00e9fl\u00e9chissants.<\/p>\n<p>OEKO-TEX\u00ae STANDARD 100<br \/>\n100% Polyester<br \/>\nTissu piqu\u00e9 au m\u00e8tre. Peut r\u00e9tr\u00e9cir au maximum de 3%.<br \/>\n260 g\/m<br \/>\nLinge d\u00e9licat, max. 40\u00b0 C ; Ne pas blanchir ; Ne pas s\u00e9cher au s\u00e8che-linge ; Ne pas repasser ; Supporte le nettoyage normal<\/p>\n<p><a href=\"https:\/\/mascotsitecore-1ccb8.kxcdn.com\/pdf\/22375-318-010-de.pdf\" target=\"_blank\" rel=\"noopener\"><u>Ouvrir la fiche produit<\/u><\/a><\/p>","protected":false},"excerpt":{"rendered":"<ul>\n<li>Excellente isolation thermique CLIMASCOT\u00ae Lightweight Insulation.<\/li>\n<li>Coupe optimis\u00e9e pour les femmes, plus proche du corps.<\/li>\n<li>Rev\u00eatement hydrofuge et anti-salissures.<\/li>\n<li>Le tissu stretch sur les c\u00f4t\u00e9s et sur la poitrine offre une libert\u00e9 de mouvement suppl\u00e9mentaire.<\/li>\n<\/ul>","protected":false},"featured_media":552882,"template":"","meta":[],"product_brand":[],"product_cat":[4208],"product_tag":[],"class_list":{"0":"post-552863","1":"product","2":"type-product","3":"status-publish","4":"has-post-thumbnail","6":"product_cat-westen","7":"pa_brand-mascot","8":"pa_brand-type-workwear","9":"pa_filter-color-schwarz","10":"pa_filter-color-weiss","12":"first","13":"instock","14":"sale","15":"taxable","16":"shipping-taxable","17":"purchasable","18":"product-type-variable","19":"add-to-wishlist-before_image"},"exclude_global_add_ons":[],"addons":[],"acf":[],"_links":{"self":[{"href":"https:\/\/shop.kustom.ch\/fr\/wp-json\/wp\/v2\/product\/552863"}],"collection":[{"href":"https:\/\/shop.kustom.ch\/fr\/wp-json\/wp\/v2\/product"}],"about":[{"href":"https:\/\/shop.kustom.ch\/fr\/wp-json\/wp\/v2\/types\/product"}],"wp:featuredmedia":[{"embeddable":true,"href":"https:\/\/shop.kustom.ch\/fr\/wp-json\/wp\/v2\/media\/552882"}],"wp:attachment":[{"href":"https:\/\/shop.kustom.ch\/fr\/wp-json\/wp\/v2\/media?parent=552863"}],"wp:term":[{"taxonomy":"product_brand","embeddable":true,"href":"https:\/\/shop.kustom.ch\/fr\/wp-json\/wp\/v2\/product_brand?post=552863"},{"taxonomy":"product_cat","embeddable":true,"href":"https:\/\/shop.kustom.ch\/fr\/wp-json\/wp\/v2\/product_cat?post=552863"},{"taxonomy":"product_tag","embeddable":true,"href":"https:\/\/shop.kustom.ch\/fr\/wp-json\/wp\/v2\/product_tag?post=552863"}],"curies":[{"name":"wp","href":"https:\/\/api.w.org\/{rel}","templated":true}]}}