{"id":551402,"date":"2025-03-04T01:46:15","date_gmt":"2025-03-04T00:46:15","guid":{"rendered":"https:\/\/shop.kustom.ch\/?post_type=product&#038;p=551402"},"modified":"2026-03-30T13:38:59","modified_gmt":"2026-03-30T12:38:59","slug":"jacke-mit-kapuze-customized","status":"publish","type":"product","link":"https:\/\/shop.kustom.ch\/fr\/produit\/jacke-mit-kapuze-customized\/","title":{"rendered":"Veste avec capuche CUSTOMIZED"},"content":{"rendered":"<p>Tissu piqu\u00e9 au m\u00e8tre avec stretch. Coupe moderne. Respirant et d\u00e9perlant. Capuchon \u00e0 l'int\u00e9rieur. Fermeture avec fermeture \u00e9clair. Poche de poitrine avec fermeture \u00e9clair. Poches avant avec fermeture \u00e9clair. Poche int\u00e9rieure en filet. Porte-carte d'identit\u00e9 amovible. La coupe ergonomique des manches permet une grande libert\u00e9 de mouvement. Bande \u00e9lastique aux poignets et \u00e0 l'ourlet inf\u00e9rieur. Effets r\u00e9fl\u00e9chissants. Balles pour le s\u00e9chage des v\u00eatements dans le s\u00e8che-linge incluses.<\/p>\n<p>OEKO-TEX\u00ae STANDARD 100<br \/>\n86% Polyamide recycl\u00e9\/14% \u00c9lasthanne<br \/>\nTissu piqu\u00e9 au m\u00e8tre. Peut r\u00e9tr\u00e9cir au maximum de 3%.<br \/>\n130 g\/m<br \/>\nLinge d\u00e9licat, max. 40\u00b0 C ; Pas de blanchiment ; Supporte le s\u00e8che-linge - temp\u00e9rature de d\u00e9part max. 60\u00b0 C ; Pas de repassage ; Supporte le nettoyage normal<\/p>\n<p><a href=\"https:\/\/mascotsitecore-1ccb8.kxcdn.com\/pdf\/22215-607-010-de.pdf\" target=\"_blank\" rel=\"noopener\"><u>Ouvrir la fiche produit<\/u><\/a><\/p>","protected":false},"excerpt":{"rendered":"<ul>\n<li>Respirant.<\/li>\n<li>Isolation a\u00e9r\u00e9e et l\u00e9g\u00e8re qui n'entrave pas votre libert\u00e9 de mouvement.<\/li>\n<li>Le port ultral\u00e9ger et le stretch assurent un confort maximal, jour apr\u00e8s jour.<\/li>\n<li>Rev\u00eatement hydrofuge et anti-salissures.<\/li>\n<li>Haute teneur en polyamide recycl\u00e9 dans le mat\u00e9riau principal.<\/li>\n<\/ul>","protected":false},"featured_media":551413,"template":"","meta":[],"product_brand":[],"product_cat":[4186],"product_tag":[],"class_list":{"0":"post-551402","1":"product","2":"type-product","3":"status-publish","4":"has-post-thumbnail","6":"product_cat-jacken","7":"pa_brand-mascot","8":"pa_brand-type-workwear","9":"pa_filter-color-grau","10":"pa_filter-color-gruen","11":"pa_filter-color-schwarz","13":"first","14":"instock","15":"sale","16":"taxable","17":"shipping-taxable","18":"purchasable","19":"product-type-variable","20":"add-to-wishlist-before_image"},"exclude_global_add_ons":[],"addons":[],"acf":[],"_links":{"self":[{"href":"https:\/\/shop.kustom.ch\/fr\/wp-json\/wp\/v2\/product\/551402"}],"collection":[{"href":"https:\/\/shop.kustom.ch\/fr\/wp-json\/wp\/v2\/product"}],"about":[{"href":"https:\/\/shop.kustom.ch\/fr\/wp-json\/wp\/v2\/types\/product"}],"wp:featuredmedia":[{"embeddable":true,"href":"https:\/\/shop.kustom.ch\/fr\/wp-json\/wp\/v2\/media\/551413"}],"wp:attachment":[{"href":"https:\/\/shop.kustom.ch\/fr\/wp-json\/wp\/v2\/media?parent=551402"}],"wp:term":[{"taxonomy":"product_brand","embeddable":true,"href":"https:\/\/shop.kustom.ch\/fr\/wp-json\/wp\/v2\/product_brand?post=551402"},{"taxonomy":"product_cat","embeddable":true,"href":"https:\/\/shop.kustom.ch\/fr\/wp-json\/wp\/v2\/product_cat?post=551402"},{"taxonomy":"product_tag","embeddable":true,"href":"https:\/\/shop.kustom.ch\/fr\/wp-json\/wp\/v2\/product_tag?post=551402"}],"curies":[{"name":"wp","href":"https:\/\/api.w.org\/{rel}","templated":true}]}}