{"id":551329,"date":"2025-03-04T01:45:42","date_gmt":"2025-03-04T00:45:42","guid":{"rendered":"https:\/\/shop.kustom.ch\/?post_type=product&#038;p=551329"},"modified":"2026-03-30T13:38:46","modified_gmt":"2026-03-30T12:38:46","slug":"jacke-customized-4","status":"publish","type":"product","link":"https:\/\/shop.kustom.ch\/fr\/produit\/jacke-customized-4\/","title":{"rendered":"Veste CUSTOMIZED"},"content":{"rendered":"<p>Tissu stretch ultime, l\u00e9ger et tr\u00e8s r\u00e9sistant. Respirant, coupe-vent et d\u00e9perlant. Fermeture avec fermeture \u00e9clair. Capuche. Poche int\u00e9rieure. Poche de poitrine avec fermeture \u00e9clair. Poches avant avec fermeture \u00e9clair. Doublure en filet sur diff\u00e9rentes parties du produit. Elastique r\u00e9glable \u00e0 l'ourlet inf\u00e9rieur. Manches \u00e0 la coupe ergonomique permettant une grande libert\u00e9 de mouvement. Poignets avec \u00e9lastique. Porte-carte d'identit\u00e9 amovible. Effets r\u00e9fl\u00e9chissants.<\/p>\n<p>OEKO-TEX\u00ae STANDARD 100<br \/>\n50% Polyamide\/50% Polyester recycl\u00e9<br \/>\nTricot au m\u00e8tre. Peut r\u00e9tr\u00e9cir au maximum de 3%.<br \/>\n185 g\/m<br \/>\nLinge d\u00e9licat, max. 40\u00b0 C ; Ne pas blanchir ; Ne pas s\u00e9cher au s\u00e8che-linge ; Ne pas repasser ; Supporte le nettoyage normal<\/p>\n<p><a href=\"https:\/\/mascotsitecore-1ccb8.kxcdn.com\/pdf\/22201-615-010-de.pdf\" target=\"_blank\" rel=\"noopener\"><u>Ouvrir la fiche produit<\/u><\/a><\/p>","protected":false},"excerpt":{"rendered":"<ul>\n<li>Le port ultral\u00e9ger et le stretch assurent un confort maximal, jour apr\u00e8s jour.<\/li>\n<li>Respirant et coupe-vent, il vous permet de donner le meilleur de vous-m\u00eame par tous les temps.<\/li>\n<li>Rev\u00eatement hydrofuge et anti-salissures.<\/li>\n<li>Capuche ajust\u00e9e qui suit les mouvements de la t\u00eate.<\/li>\n<\/ul>","protected":false},"featured_media":551345,"template":"","meta":[],"product_brand":[],"product_cat":[4186],"product_tag":[],"class_list":{"0":"post-551329","1":"product","2":"type-product","3":"status-publish","4":"has-post-thumbnail","6":"product_cat-jacken","7":"pa_brand-mascot","8":"pa_brand-type-workwear","9":"pa_filter-color-blau","10":"pa_filter-color-grau","11":"pa_filter-color-gruen","12":"pa_filter-color-rot","13":"pa_filter-color-schwarz","14":"pa_filter-color-weiss","16":"first","17":"instock","18":"sale","19":"taxable","20":"shipping-taxable","21":"purchasable","22":"product-type-variable","23":"add-to-wishlist-before_image"},"exclude_global_add_ons":[],"addons":[],"acf":[],"_links":{"self":[{"href":"https:\/\/shop.kustom.ch\/fr\/wp-json\/wp\/v2\/product\/551329"}],"collection":[{"href":"https:\/\/shop.kustom.ch\/fr\/wp-json\/wp\/v2\/product"}],"about":[{"href":"https:\/\/shop.kustom.ch\/fr\/wp-json\/wp\/v2\/types\/product"}],"wp:featuredmedia":[{"embeddable":true,"href":"https:\/\/shop.kustom.ch\/fr\/wp-json\/wp\/v2\/media\/551345"}],"wp:attachment":[{"href":"https:\/\/shop.kustom.ch\/fr\/wp-json\/wp\/v2\/media?parent=551329"}],"wp:term":[{"taxonomy":"product_brand","embeddable":true,"href":"https:\/\/shop.kustom.ch\/fr\/wp-json\/wp\/v2\/product_brand?post=551329"},{"taxonomy":"product_cat","embeddable":true,"href":"https:\/\/shop.kustom.ch\/fr\/wp-json\/wp\/v2\/product_cat?post=551329"},{"taxonomy":"product_tag","embeddable":true,"href":"https:\/\/shop.kustom.ch\/fr\/wp-json\/wp\/v2\/product_tag?post=551329"}],"curies":[{"name":"wp","href":"https:\/\/api.w.org\/{rel}","templated":true}]}}