{"id":550602,"date":"2025-03-04T01:40:44","date_gmt":"2025-03-04T00:40:44","guid":{"rendered":"https:\/\/shop.kustom.ch\/?post_type=product&#038;p=550602"},"modified":"2026-03-30T13:36:28","modified_gmt":"2026-03-30T12:36:28","slug":"fleecepullover-mit-reissverschluss-und-futter-customized","status":"publish","type":"product","link":"https:\/\/shop.kustom.ch\/fr\/produit\/fleecepullover-mit-reissverschluss-und-futter-customized\/","title":{"rendered":"Pull polaire avec fermeture \u00e9clair et doublure CUSTOMIZED"},"content":{"rendered":"<p>Coupe moderne. Doublure, coupe-vent. Col montant. Fermeture avec fermeture \u00e9clair et rabat de protection contre les intemp\u00e9ries. Poches avant avec fermeture \u00e9clair. \u00c9lastique dans le bas avec r\u00e9glage sur le c\u00f4t\u00e9. \u00c9lastique aux poignets.<\/p>\n<p>OEKO-TEX\u00ae STANDARD 100<br \/>\n100% Polyester recycl\u00e9<br \/>\nTricot au m\u00e8tre. Peut r\u00e9tr\u00e9cir au maximum de 3%.<br \/>\n265 g\/m<br \/>\nLinge d\u00e9licat, max. 40\u00b0 C ; Ne pas blanchir ; Ne pas s\u00e9cher au s\u00e8che-linge ; Ne pas repasser ; Supporte le nettoyage normal<\/p>\n<p><a href=\"https:\/\/mascotsitecore-1ccb8.kxcdn.com\/pdf\/22105-681-010-de.pdf\" target=\"_blank\" rel=\"noopener\"><u>Ouvrir la fiche produit<\/u><\/a><\/p>","protected":false},"excerpt":{"rendered":"<ul>\n<li>Gr\u00e2ce \u00e0 sa doublure coupe-vent, ce v\u00eatement peut \u00eatre port\u00e9 comme couche ext\u00e9rieure.<\/li>\n<li>Haute teneur en polyester recycl\u00e9 dans le mat\u00e9riau principal.<\/li>\n<\/ul>","protected":false},"featured_media":550649,"template":"","meta":[],"product_brand":[],"product_cat":[4184],"product_tag":[],"class_list":{"0":"post-550602","1":"product","2":"type-product","3":"status-publish","4":"has-post-thumbnail","6":"product_cat-hoodies-pullover","7":"pa_brand-mascot","8":"pa_brand-type-workwear","9":"pa_filter-color-grau","10":"pa_filter-color-gruen","11":"pa_filter-color-schwarz","13":"first","14":"instock","15":"sale","16":"taxable","17":"shipping-taxable","18":"purchasable","19":"product-type-variable","20":"add-to-wishlist-before_image"},"exclude_global_add_ons":[],"addons":[],"acf":[],"_links":{"self":[{"href":"https:\/\/shop.kustom.ch\/fr\/wp-json\/wp\/v2\/product\/550602"}],"collection":[{"href":"https:\/\/shop.kustom.ch\/fr\/wp-json\/wp\/v2\/product"}],"about":[{"href":"https:\/\/shop.kustom.ch\/fr\/wp-json\/wp\/v2\/types\/product"}],"wp:featuredmedia":[{"embeddable":true,"href":"https:\/\/shop.kustom.ch\/fr\/wp-json\/wp\/v2\/media\/550649"}],"wp:attachment":[{"href":"https:\/\/shop.kustom.ch\/fr\/wp-json\/wp\/v2\/media?parent=550602"}],"wp:term":[{"taxonomy":"product_brand","embeddable":true,"href":"https:\/\/shop.kustom.ch\/fr\/wp-json\/wp\/v2\/product_brand?post=550602"},{"taxonomy":"product_cat","embeddable":true,"href":"https:\/\/shop.kustom.ch\/fr\/wp-json\/wp\/v2\/product_cat?post=550602"},{"taxonomy":"product_tag","embeddable":true,"href":"https:\/\/shop.kustom.ch\/fr\/wp-json\/wp\/v2\/product_tag?post=550602"}],"curies":[{"name":"wp","href":"https:\/\/api.w.org\/{rel}","templated":true}]}}