{"id":550569,"date":"2025-03-04T01:40:14","date_gmt":"2025-03-04T00:40:14","guid":{"rendered":"https:\/\/shop.kustom.ch\/?post_type=product&#038;p=550569"},"modified":"2026-03-30T13:36:24","modified_gmt":"2026-03-30T12:36:24","slug":"softshell-jacke-mit-kapuze-customized-2","status":"publish","type":"product","link":"https:\/\/shop.kustom.ch\/fr\/produit\/softshell-jacke-mit-kapuze-customized-2\/","title":{"rendered":"Veste softshell avec capuche CUSTOMIZED"},"content":{"rendered":"<p>Respirant, coupe-vent et d\u00e9perlant. Coupe moderne. Fermeture avec fermeture \u00e9clair. Capuche \u00e0 l'avant. Poches avant avec fermeture \u00e9clair. Poches int\u00e9rieures. Elastique aux poignets. \u00c9lastique r\u00e9glable \u00e0 l'ourlet inf\u00e9rieur. Effets r\u00e9fl\u00e9chissants.<\/p>\n<p>OEKO-TEX\u00ae STANDARD 100<br \/>\n61% Polyester recycl\u00e9\/36% Polyester\/3% \u00c9lasthanne<br \/>\nSoftshell \u00e0 3 couches. Peut r\u00e9tr\u00e9cir au maximum 3%.<br \/>\n305 g\/m<br \/>\nLinge d\u00e9licat, max. 40\u00b0 C ; Ne pas blanchir ; Ne pas s\u00e9cher au s\u00e8che-linge ; Ne pas repasser ; Supporte le nettoyage normal<\/p>\n<p><a href=\"https:\/\/mascotsitecore-1ccb8.kxcdn.com\/pdf\/22102-649-010-de.pdf\" target=\"_blank\" rel=\"noopener\"><u>Ouvrir la fiche produit<\/u><\/a><\/p>","protected":false},"excerpt":{"rendered":"<ul>\n<li>Imperm\u00e9able et coupe-vent, pour que vous puissiez donner le meilleur de vous-m\u00eame par tous les temps.<\/li>\n<li>Capuche ajust\u00e9e qui suit les mouvements de la t\u00eate.<\/li>\n<li>Rev\u00eatement hydrofuge et anti-salissures.<\/li>\n<li>Haute teneur en polyester recycl\u00e9 dans le mat\u00e9riau principal.<\/li>\n<\/ul>","protected":false},"featured_media":550586,"template":"","meta":[],"product_brand":[],"product_cat":[4186],"product_tag":[],"class_list":{"0":"post-550569","1":"product","2":"type-product","3":"status-publish","4":"has-post-thumbnail","6":"product_cat-jacken","7":"pa_brand-mascot","8":"pa_brand-type-workwear","9":"pa_filter-color-grau","10":"pa_filter-color-schwarz","12":"first","13":"instock","14":"sale","15":"taxable","16":"shipping-taxable","17":"purchasable","18":"product-type-variable","19":"add-to-wishlist-before_image"},"exclude_global_add_ons":[],"addons":[],"acf":[],"_links":{"self":[{"href":"https:\/\/shop.kustom.ch\/fr\/wp-json\/wp\/v2\/product\/550569"}],"collection":[{"href":"https:\/\/shop.kustom.ch\/fr\/wp-json\/wp\/v2\/product"}],"about":[{"href":"https:\/\/shop.kustom.ch\/fr\/wp-json\/wp\/v2\/types\/product"}],"wp:featuredmedia":[{"embeddable":true,"href":"https:\/\/shop.kustom.ch\/fr\/wp-json\/wp\/v2\/media\/550586"}],"wp:attachment":[{"href":"https:\/\/shop.kustom.ch\/fr\/wp-json\/wp\/v2\/media?parent=550569"}],"wp:term":[{"taxonomy":"product_brand","embeddable":true,"href":"https:\/\/shop.kustom.ch\/fr\/wp-json\/wp\/v2\/product_brand?post=550569"},{"taxonomy":"product_cat","embeddable":true,"href":"https:\/\/shop.kustom.ch\/fr\/wp-json\/wp\/v2\/product_cat?post=550569"},{"taxonomy":"product_tag","embeddable":true,"href":"https:\/\/shop.kustom.ch\/fr\/wp-json\/wp\/v2\/product_tag?post=550569"}],"curies":[{"name":"wp","href":"https:\/\/api.w.org\/{rel}","templated":true}]}}