{"id":550500,"date":"2025-03-04T01:39:45","date_gmt":"2025-03-04T00:39:45","guid":{"rendered":"https:\/\/shop.kustom.ch\/?post_type=product&#038;p=550500"},"modified":"2026-03-30T13:36:04","modified_gmt":"2026-03-30T12:36:04","slug":"softshell-jacke-customized","status":"publish","type":"product","link":"https:\/\/shop.kustom.ch\/fr\/produit\/softshell-jacke-customized\/","title":{"rendered":"Veste softshell CUSTOMIZED"},"content":{"rendered":"<p>Tissu au m\u00e8tre avec stretch. Respirant et hydrofuge. Coupe moderne. Fermeture avec fermeture \u00e9clair. Col montant. Poche de poitrine avec fermeture \u00e9clair. Poches avant avec fermeture \u00e9clair. Poches int\u00e9rieures. Porte-carte d'identit\u00e9 amovible. Bande \u00e9lastique aux poignets. Effets r\u00e9fl\u00e9chissants.<\/p>\n<p>OEKO-TEX\u00ae STANDARD 100<br \/>\n49% Polyester recycl\u00e9\/15% Polyester\/24% Polyamide\/12% \u00c9lasthanne<br \/>\nSoftshell \u00e0 3 couches.<br \/>\n470 g\/m<br \/>\nLinge d\u00e9licat, max. 40\u00b0 C ; Ne pas blanchir ; Ne pas s\u00e9cher au s\u00e8che-linge ; Ne pas repasser ; Supporte le nettoyage normal<\/p>\n<p><a href=\"https:\/\/mascotsitecore-1ccb8.kxcdn.com\/pdf\/22085-662-010-de.pdf\" target=\"_blank\" rel=\"noopener\"><u>Ouvrir la fiche produit<\/u><\/a><\/p>","protected":false},"excerpt":{"rendered":"<ul>\n<li>Haute r\u00e9sistance et bonne respirabilit\u00e9 pour un confort optimal.<\/li>\n<li>Le tissu stretch permet une libert\u00e9 de mouvement maximale.<\/li>\n<li>Rev\u00eatement hydrofuge et anti-salissures.<\/li>\n<\/ul>","protected":false},"featured_media":550518,"template":"","meta":[],"product_brand":[],"product_cat":[4186],"product_tag":[],"class_list":{"0":"post-550500","1":"product","2":"type-product","3":"status-publish","4":"has-post-thumbnail","6":"product_cat-jacken","7":"pa_brand-mascot","8":"pa_brand-type-workwear","9":"pa_filter-color-grau","10":"pa_filter-color-gruen","11":"pa_filter-color-schwarz","13":"first","14":"instock","15":"sale","16":"taxable","17":"shipping-taxable","18":"purchasable","19":"product-type-variable","20":"add-to-wishlist-before_image"},"exclude_global_add_ons":[],"addons":[],"acf":[],"_links":{"self":[{"href":"https:\/\/shop.kustom.ch\/fr\/wp-json\/wp\/v2\/product\/550500"}],"collection":[{"href":"https:\/\/shop.kustom.ch\/fr\/wp-json\/wp\/v2\/product"}],"about":[{"href":"https:\/\/shop.kustom.ch\/fr\/wp-json\/wp\/v2\/types\/product"}],"wp:featuredmedia":[{"embeddable":true,"href":"https:\/\/shop.kustom.ch\/fr\/wp-json\/wp\/v2\/media\/550518"}],"wp:attachment":[{"href":"https:\/\/shop.kustom.ch\/fr\/wp-json\/wp\/v2\/media?parent=550500"}],"wp:term":[{"taxonomy":"product_brand","embeddable":true,"href":"https:\/\/shop.kustom.ch\/fr\/wp-json\/wp\/v2\/product_brand?post=550500"},{"taxonomy":"product_cat","embeddable":true,"href":"https:\/\/shop.kustom.ch\/fr\/wp-json\/wp\/v2\/product_cat?post=550500"},{"taxonomy":"product_tag","embeddable":true,"href":"https:\/\/shop.kustom.ch\/fr\/wp-json\/wp\/v2\/product_tag?post=550500"}],"curies":[{"name":"wp","href":"https:\/\/api.w.org\/{rel}","templated":true}]}}