{"id":550412,"date":"2025-03-04T01:39:16","date_gmt":"2025-03-04T00:39:16","guid":{"rendered":"https:\/\/shop.kustom.ch\/?post_type=product&#038;p=550412"},"modified":"2026-03-30T13:35:48","modified_gmt":"2026-03-30T12:35:48","slug":"hose-mit-knietaschen-customized-2","status":"publish","type":"product","link":"https:\/\/shop.kustom.ch\/fr\/produit\/hose-mit-knietaschen-customized-2\/","title":{"rendered":"Pantalon avec poches genouill\u00e8res CUSTOMIZED"},"content":{"rendered":"<p>D\u00e9velopp\u00e9 en mettant l'accent sur le m\u00e9tier de peintre, sous forme de poches sp\u00e9ciales par exemple. Tissu stretch ultime, l\u00e9ger et tr\u00e8s r\u00e9sistant. Avec une finition hydrofuge. Pr\u00e9par\u00e9 pour les poches suspendues avec syst\u00e8me Click Pocket. Double et triple coutures rabattues sur les jambes et \u00e0 l'entrejambe. Les jambes du pantalon ont une forme ergonomique. Trous d'a\u00e9ration dans le creux du genou et \u00e0 l'arri\u00e8re de la taille. Passants de ceinture. Braguette avec fermeture \u00e0 glissi\u00e8re. Ventilation en filet avec fermeture \u00e9clair sur les c\u00f4t\u00e9s. Poches sur le devant. Deux poches arri\u00e8re, dont une avec rabat. Poche ouverte sur le c\u00f4t\u00e9 de la cuisse avec petite poche ext\u00e9rieure pouvant accueillir un pinceau de peintre. Poche sur la cuisse avec poche pour t\u00e9l\u00e9phone portable, fermeture magn\u00e9tique et porte-carte d'identit\u00e9 int\u00e9gr\u00e9. Le porte-carte d'identit\u00e9 est amovible. Poches avec rabat sur le devant de la cuisse. Poches genouill\u00e8res r\u00e9glables et ventil\u00e9es en CORDURA\u00ae ultra-r\u00e9sistant. R\u00e9glage simple et individuel de la hauteur des poches genouill\u00e8res. L'entrejambe peut \u00eatre rallong\u00e9 de 3 cm en coupant la couture rouge \u00e0 l'int\u00e9rieur de la jambe. Effets r\u00e9fl\u00e9chissants. Pour ce mod\u00e8le, nous recommandons les protections de genoux suivantes : 00418-100, 00718-100, 50451-916 ou 20118-915. Certifi\u00e9 avec le type de genouill\u00e8re SHORT ou LONG selon EN 14404.<\/p>\n<p>OEKO-TEX\u00ae STANDARD 100<br \/>\n89% Polyamide recycl\u00e9\/11% \u00c9lasthanne<br \/>\nSTRETCH ULTIME. Peut r\u00e9tr\u00e9cir au maximum de 3%. Couleur 0689 : 83% polyester recycl\u00e9\/17% \u00e9lasthanne.<br \/>\n180 g\/m<br \/>\nLinge d\u00e9licat, max. 40\u00b0 C ; Ne pas blanchir ; Ne pas s\u00e9cher au s\u00e8che-linge ; Ne pas repasser ; Supporte le nettoyage normal<\/p>\n<p><a href=\"https:\/\/mascotsitecore-1ccb8.kxcdn.com\/pdf\/22079-605-06-de.pdf\" target=\"_blank\" rel=\"noopener\"><u>Ouvrir la fiche produit<\/u><\/a><\/p>","protected":false},"excerpt":{"rendered":"<ul>\n<li>D\u00e9velopp\u00e9 en mettant l'accent sur le m\u00e9tier de peintre, sous forme de sacs sp\u00e9ciaux par exemple.<\/li>\n<li>Tissu stretch r\u00e9sistant et ultral\u00e9ger pour une libert\u00e9 de mouvement unique.<\/li>\n<li>Le syst\u00e8me Click Pocket permet de fixer exactement les sacs suspendus souhait\u00e9s.<\/li>\n<li>Un confort maximal gr\u00e2ce \u00e0 une ventilation suppl\u00e9mentaire, jour apr\u00e8s jour.<\/li>\n<li>Des poches genouill\u00e8res extr\u00eamement r\u00e9sistantes en CORDURA\u00ae m\u00e9nagent les genoux, sans restriction de qualit\u00e9.<\/li>\n<li>Rev\u00eatement hydrofuge et anti-salissures.<\/li>\n<li>Les jambes du pantalon peuvent \u00eatre facilement omises et rallong\u00e9es de 3 cm.<\/li>\n<\/ul>","protected":false},"featured_media":550456,"template":"","meta":[],"product_brand":[],"product_cat":[4185],"product_tag":[],"class_list":{"0":"post-550412","1":"product","2":"type-product","3":"status-publish","4":"has-post-thumbnail","6":"product_cat-hosen","7":"pa_brand-mascot","8":"pa_brand-type-workwear","9":"pa_filter-color-grau","10":"pa_filter-color-weiss","12":"first","13":"instock","14":"sale","15":"taxable","16":"shipping-taxable","17":"purchasable","18":"product-type-variable","19":"add-to-wishlist-before_image"},"exclude_global_add_ons":[],"addons":[],"acf":[],"_links":{"self":[{"href":"https:\/\/shop.kustom.ch\/fr\/wp-json\/wp\/v2\/product\/550412"}],"collection":[{"href":"https:\/\/shop.kustom.ch\/fr\/wp-json\/wp\/v2\/product"}],"about":[{"href":"https:\/\/shop.kustom.ch\/fr\/wp-json\/wp\/v2\/types\/product"}],"wp:featuredmedia":[{"embeddable":true,"href":"https:\/\/shop.kustom.ch\/fr\/wp-json\/wp\/v2\/media\/550456"}],"wp:attachment":[{"href":"https:\/\/shop.kustom.ch\/fr\/wp-json\/wp\/v2\/media?parent=550412"}],"wp:term":[{"taxonomy":"product_brand","embeddable":true,"href":"https:\/\/shop.kustom.ch\/fr\/wp-json\/wp\/v2\/product_brand?post=550412"},{"taxonomy":"product_cat","embeddable":true,"href":"https:\/\/shop.kustom.ch\/fr\/wp-json\/wp\/v2\/product_cat?post=550412"},{"taxonomy":"product_tag","embeddable":true,"href":"https:\/\/shop.kustom.ch\/fr\/wp-json\/wp\/v2\/product_tag?post=550412"}],"curies":[{"name":"wp","href":"https:\/\/api.w.org\/{rel}","templated":true}]}}