{"id":550240,"date":"2025-03-04T01:37:55","date_gmt":"2025-03-04T00:37:55","guid":{"rendered":"https:\/\/shop.kustom.ch\/?post_type=product&#038;p=550240"},"modified":"2026-03-30T13:35:27","modified_gmt":"2026-03-30T12:35:27","slug":"kombihose-mit-knietaschen-customized","status":"publish","type":"product","link":"https:\/\/shop.kustom.ch\/fr\/produit\/kombihose-mit-knietaschen-customized\/","title":{"rendered":"Pantalon combin\u00e9 avec poches genouill\u00e8res CUSTOMIZED"},"content":{"rendered":"<p>Tissu stretch ultime, l\u00e9ger et tr\u00e8s r\u00e9sistant. Avec une finition hydrofuge. Pr\u00e9par\u00e9 pour les poches suspendues avec syst\u00e8me Click Pocket. Coutures \u00e0 double et triple rabattage sur les jambes et \u00e0 l'entrejambe. Les jambes du pantalon ont une forme ergonomique. Passants de ceinture. Fermeture avec fermeture \u00e9clair \u00e0 double sens et rabat de protection contre les intemp\u00e9ries. Poches sur le devant. Deux poches arri\u00e8re, dont une avec rabat. Ventilation sur les c\u00f4t\u00e9s. Bouton (amovible) pour fixer un porte-couteau. Boucle pour marteau dissimul\u00e9e. Poche pour m\u00e8tre pliant et petite poche ext\u00e9rieure renforc\u00e9es par du tissu CORDURA\u00ae. Poche sur la cuisse avec poche pour t\u00e9l\u00e9phone portable, fermeture magn\u00e9tique et porte-carte d'identit\u00e9 int\u00e9gr\u00e9. Le porte-carte d'identit\u00e9 est amovible. Poches avec rabat sur le devant de la cuisse. Trous d'a\u00e9ration \u00e0 l'arri\u00e8re de la ceinture. Poches genouill\u00e8res r\u00e9glables et ventil\u00e9es en CORDURA\u00ae ultra-r\u00e9sistant. R\u00e9glage simple et individuel de la hauteur des poches genouill\u00e8res. Effets r\u00e9fl\u00e9chissants. Ventilation dans le dos. Poches poitrine, dont deux ouvertes, une avec rabat et fermeture magn\u00e9tique et une avec fermeture \u00e9clair. Bretelles r\u00e9glables par velcro. R\u00e9glage par boutons-pression aux chevilles. Pour ce mod\u00e8le, nous recommandons les genouill\u00e8res suivantes : 00418-100, 00718-100, 50451-916 ou 20118-915. Certifi\u00e9 avec genouill\u00e8res de type SHORT ou LONG selon EN 14404.<\/p>\n<p>OEKO-TEX\u00ae STANDARD 100<br \/>\n92% Polyamide\/8% \u00c9lasthanne<br \/>\nSTRETCH ULTIME. Peut r\u00e9tr\u00e9cir au maximum de 2%.<br \/>\n235 g\/m<br \/>\nLinge d\u00e9licat, max. 40\u00b0 C ; Ne pas blanchir ; Ne pas s\u00e9cher au s\u00e8che-linge ; Repasser \u00e0 basse temp\u00e9rature, max. 100\u00b0 C ; Supporte le nettoyage normal<\/p>\n<p><a href=\"https:\/\/mascotsitecore-1ccb8.kxcdn.com\/pdf\/22069-311-010-de.pdf\" target=\"_blank\" rel=\"noopener\"><u>Ouvrir la fiche produit<\/u><\/a><\/p>","protected":false},"excerpt":{"rendered":"<ul>\n<li>L\u00e9g\u00e8ret\u00e9, grande r\u00e9sistance et ULTIMATE STRETCH garantissent une grande libert\u00e9 de mouvement.<\/li>\n<li>Le syst\u00e8me Click Pocket permet de fixer exactement les sacs suspendus souhait\u00e9s.<\/li>\n<li>Un confort maximal gr\u00e2ce \u00e0 une ventilation suppl\u00e9mentaire, jour apr\u00e8s jour.<\/li>\n<li>Des poches genouill\u00e8res extr\u00eamement r\u00e9sistantes en CORDURA\u00ae m\u00e9nagent les genoux, sans restriction de qualit\u00e9.<\/li>\n<li>Rev\u00eatement hydrofuge et anti-salissures.<\/li>\n<\/ul>","protected":false},"featured_media":550270,"template":"","meta":[],"product_brand":[],"product_cat":[4185],"product_tag":[],"class_list":{"0":"post-550240","1":"product","2":"type-product","3":"status-publish","4":"has-post-thumbnail","6":"product_cat-hosen","7":"pa_brand-mascot","8":"pa_brand-type-workwear","9":"pa_filter-color-braun","10":"pa_filter-color-grau","11":"pa_filter-color-schwarz","13":"first","14":"instock","15":"sale","16":"taxable","17":"shipping-taxable","18":"purchasable","19":"product-type-variable","20":"add-to-wishlist-before_image"},"exclude_global_add_ons":[],"addons":[],"acf":[],"_links":{"self":[{"href":"https:\/\/shop.kustom.ch\/fr\/wp-json\/wp\/v2\/product\/550240"}],"collection":[{"href":"https:\/\/shop.kustom.ch\/fr\/wp-json\/wp\/v2\/product"}],"about":[{"href":"https:\/\/shop.kustom.ch\/fr\/wp-json\/wp\/v2\/types\/product"}],"wp:featuredmedia":[{"embeddable":true,"href":"https:\/\/shop.kustom.ch\/fr\/wp-json\/wp\/v2\/media\/550270"}],"wp:attachment":[{"href":"https:\/\/shop.kustom.ch\/fr\/wp-json\/wp\/v2\/media?parent=550240"}],"wp:term":[{"taxonomy":"product_brand","embeddable":true,"href":"https:\/\/shop.kustom.ch\/fr\/wp-json\/wp\/v2\/product_brand?post=550240"},{"taxonomy":"product_cat","embeddable":true,"href":"https:\/\/shop.kustom.ch\/fr\/wp-json\/wp\/v2\/product_cat?post=550240"},{"taxonomy":"product_tag","embeddable":true,"href":"https:\/\/shop.kustom.ch\/fr\/wp-json\/wp\/v2\/product_tag?post=550240"}],"curies":[{"name":"wp","href":"https:\/\/api.w.org\/{rel}","templated":true}]}}