{"id":549756,"date":"2025-03-04T01:34:15","date_gmt":"2025-03-04T00:34:15","guid":{"rendered":"https:\/\/shop.kustom.ch\/?post_type=product&#038;p=549756"},"modified":"2026-03-30T13:34:25","modified_gmt":"2026-03-30T12:34:25","slug":"funktionshose-customized","status":"publish","type":"product","link":"https:\/\/shop.kustom.ch\/fr\/produit\/funktionshose-customized\/","title":{"rendered":"Pantalon fonctionnel CUSTOMIZED"},"content":{"rendered":"<p>Forme adapt\u00e9e aux femmes DIAMOND. Tissu stretch ultime, l\u00e9ger et tr\u00e8s r\u00e9sistant. Avec une finition d\u00e9perlante. Pr\u00e9par\u00e9 pour les poches suspendues avec syst\u00e8me Click Pocket. Trous de ventilation sur certaines parties du produit. Passants pour ceinture. Fermeture avec fermeture \u00e0 glissi\u00e8re. Ventilation en filet avec fermeture \u00e9clair sur les c\u00f4t\u00e9s. Poches sur le devant. Poche arri\u00e8re avec rabat. Poche pour t\u00e9l\u00e9phone portable avec fermeture \u00e9clair. Poches avec fermeture \u00e9clair sur le devant de la cuisse. Poche \u00e0 rabat sur le devant de la cuisse. R\u00e9gulation par boutons-pression aux chevilles.<\/p>\n<p>OEKO-TEX\u00ae STANDARD 100<br \/>\n89% Polyamide recycl\u00e9\/11% \u00c9lasthanne<br \/>\nSTRETCH ULTIME. Peut r\u00e9tr\u00e9cir au maximum 3%.<br \/>\n180 g\/m<br \/>\nLinge d\u00e9licat, max. 40\u00b0 C ; Ne pas blanchir ; Ne pas s\u00e9cher au s\u00e8che-linge ; Ne pas repasser ; Supporte le nettoyage normal<\/p>\n<p><a href=\"https:\/\/mascotsitecore-1ccb8.kxcdn.com\/pdf\/22058-605-010-de.pdf\" target=\"_blank\" rel=\"noopener\"><u>Ouvrir la fiche produit<\/u><\/a><\/p>","protected":false},"excerpt":{"rendered":"<ul>\n<li>Tissu stretch r\u00e9sistant et ultral\u00e9ger pour une libert\u00e9 de mouvement unique.<\/li>\n<li>Le syst\u00e8me Click Pocket permet de fixer exactement les sacs suspendus souhait\u00e9s.<\/li>\n<li>Un confort maximal gr\u00e2ce \u00e0 une ventilation suppl\u00e9mentaire, jour apr\u00e8s jour.<\/li>\n<li>Rev\u00eatement hydrofuge et anti-salissures.<\/li>\n<\/ul>","protected":false},"featured_media":549777,"template":"","meta":[],"product_brand":[],"product_cat":[4185],"product_tag":[],"class_list":{"0":"post-549756","1":"product","2":"type-product","3":"status-publish","4":"has-post-thumbnail","6":"product_cat-hosen","7":"pa_brand-mascot","8":"pa_brand-type-workwear","9":"pa_filter-color-blau","10":"pa_filter-color-grau","11":"pa_filter-color-gruen","12":"pa_filter-color-schwarz","14":"first","15":"instock","16":"sale","17":"taxable","18":"shipping-taxable","19":"purchasable","20":"product-type-variable","21":"add-to-wishlist-before_image"},"exclude_global_add_ons":[],"addons":[],"acf":[],"_links":{"self":[{"href":"https:\/\/shop.kustom.ch\/fr\/wp-json\/wp\/v2\/product\/549756"}],"collection":[{"href":"https:\/\/shop.kustom.ch\/fr\/wp-json\/wp\/v2\/product"}],"about":[{"href":"https:\/\/shop.kustom.ch\/fr\/wp-json\/wp\/v2\/types\/product"}],"wp:featuredmedia":[{"embeddable":true,"href":"https:\/\/shop.kustom.ch\/fr\/wp-json\/wp\/v2\/media\/549777"}],"wp:attachment":[{"href":"https:\/\/shop.kustom.ch\/fr\/wp-json\/wp\/v2\/media?parent=549756"}],"wp:term":[{"taxonomy":"product_brand","embeddable":true,"href":"https:\/\/shop.kustom.ch\/fr\/wp-json\/wp\/v2\/product_brand?post=549756"},{"taxonomy":"product_cat","embeddable":true,"href":"https:\/\/shop.kustom.ch\/fr\/wp-json\/wp\/v2\/product_cat?post=549756"},{"taxonomy":"product_tag","embeddable":true,"href":"https:\/\/shop.kustom.ch\/fr\/wp-json\/wp\/v2\/product_tag?post=549756"}],"curies":[{"name":"wp","href":"https:\/\/api.w.org\/{rel}","templated":true}]}}