{"id":549717,"date":"2025-03-04T01:34:08","date_gmt":"2025-03-04T00:34:08","guid":{"rendered":"https:\/\/shop.kustom.ch\/?post_type=product&#038;p=549717"},"modified":"2026-03-30T13:34:02","modified_gmt":"2026-03-30T12:34:02","slug":"winterjacke-customized-2","status":"publish","type":"product","link":"https:\/\/shop.kustom.ch\/fr\/produit\/winterjacke-customized-2\/","title":{"rendered":"Veste d'hiver CUSTOMIZED"},"content":{"rendered":"<p>Forme adapt\u00e9e aux femmes. Tissu stretch ultime, l\u00e9ger et tr\u00e8s r\u00e9sistant. Respirant, coupe-vent et imperm\u00e9able. Les coutures sont coll\u00e9es. Avec CLIMASCOT\u00ae Lightweight Insulation. Fermeture avec fermeture \u00e9clair et rabat de protection contre les intemp\u00e9ries \u00e0 l'int\u00e9rieur. La capuche est doubl\u00e9e et amovible. La capuche a des inserts en plastique transparent sur les c\u00f4t\u00e9s. Col montant. Poches int\u00e9rieures. Poches avant avec fermeture \u00e9clair. Porte-carte d'identit\u00e9 amovible. Les manches \u00e0 la coupe ergonomique permettent une grande libert\u00e9 de mouvement. Elastique dans les poignets. Poignets c\u00f4tel\u00e9s (cach\u00e9s sous la patte de protection contre les intemp\u00e9ries). Trous pour les pouces aux poignets. Le dos est allong\u00e9. Fermeture \u00e0 glissi\u00e8re dans la doublure au dos pour apposer un logo\/une broderie. Effets r\u00e9fl\u00e9chissants.<\/p>\n<p>OEKO-TEX\u00ae STANDARD 100<br \/>\n100% Polyester recycl\u00e9<br \/>\nULTIMATE STRETCH. Tricot au m\u00e8tre. Peut r\u00e9tr\u00e9cir au maximum de 2%.<br \/>\n200 g\/m\u00b2 (1,5 lb)<br \/>\nLinge d\u00e9licat, max. 40\u00b0 C ; Ne pas blanchir ; Ne pas s\u00e9cher au s\u00e8che-linge ; Ne pas repasser ; Supporte le nettoyage normal<\/p>\n<p><a href=\"https:\/\/mascotsitecore-1ccb8.kxcdn.com\/pdf\/22045-657-010-de.pdf\" target=\"_blank\" rel=\"noopener\"><u>Ouvrir la fiche produit<\/u><\/a><\/p>","protected":false},"excerpt":{"rendered":"<ul>\n<li>Le stretch r\u00e9sistant et ultral\u00e9ger assure un confort maximal, jour apr\u00e8s jour.<\/li>\n<li>Respirant, coupe-vent et imperm\u00e9able, il vous permet de donner le meilleur de vous-m\u00eame par tous les temps.<\/li>\n<li>La forme sp\u00e9ciale pour femmes assure un meilleur ajustement.<\/li>\n<li>CLIMASCOT\u00ae Lightweight Insulation tient chaud en hiver.<\/li>\n<li>Capuche ajust\u00e9e avec parties lat\u00e9rales transparentes qui ne limitent pas le champ de vision.<\/li>\n<li>Les r\u00e9flecteurs sur les manches augmentent la visibilit\u00e9 dans l'obscurit\u00e9.<\/li>\n<li>Haute teneur en polyester recycl\u00e9 dans le mat\u00e9riau principal.<\/li>\n<\/ul>","protected":false},"featured_media":549772,"template":"","meta":[],"product_brand":[],"product_cat":[4186],"product_tag":[],"class_list":{"0":"post-549717","1":"product","2":"type-product","3":"status-publish","4":"has-post-thumbnail","6":"product_cat-jacken","7":"pa_brand-mascot","8":"pa_brand-type-workwear","9":"pa_filter-color-gruen","10":"pa_filter-color-schwarz","11":"pa_filter-color-weiss","13":"first","14":"instock","15":"sale","16":"taxable","17":"shipping-taxable","18":"purchasable","19":"product-type-variable","20":"add-to-wishlist-before_image"},"exclude_global_add_ons":[],"addons":[],"acf":[],"_links":{"self":[{"href":"https:\/\/shop.kustom.ch\/fr\/wp-json\/wp\/v2\/product\/549717"}],"collection":[{"href":"https:\/\/shop.kustom.ch\/fr\/wp-json\/wp\/v2\/product"}],"about":[{"href":"https:\/\/shop.kustom.ch\/fr\/wp-json\/wp\/v2\/types\/product"}],"wp:featuredmedia":[{"embeddable":true,"href":"https:\/\/shop.kustom.ch\/fr\/wp-json\/wp\/v2\/media\/549772"}],"wp:attachment":[{"href":"https:\/\/shop.kustom.ch\/fr\/wp-json\/wp\/v2\/media?parent=549717"}],"wp:term":[{"taxonomy":"product_brand","embeddable":true,"href":"https:\/\/shop.kustom.ch\/fr\/wp-json\/wp\/v2\/product_brand?post=549717"},{"taxonomy":"product_cat","embeddable":true,"href":"https:\/\/shop.kustom.ch\/fr\/wp-json\/wp\/v2\/product_cat?post=549717"},{"taxonomy":"product_tag","embeddable":true,"href":"https:\/\/shop.kustom.ch\/fr\/wp-json\/wp\/v2\/product_tag?post=549717"}],"curies":[{"name":"wp","href":"https:\/\/api.w.org\/{rel}","templated":true}]}}