{"id":549046,"date":"2025-03-04T01:28:39","date_gmt":"2025-03-04T00:28:39","guid":{"rendered":"https:\/\/shop.kustom.ch\/?post_type=product&#038;p=549046"},"modified":"2026-03-30T13:30:45","modified_gmt":"2026-03-30T12:30:45","slug":"polo-shirt-crossover-12","status":"publish","type":"product","link":"https:\/\/shop.kustom.ch\/fr\/produit\/polo-shirt-crossover-12\/","title":{"rendered":"Polo CROSSOVER"},"content":{"rendered":"<p>Basique, avec une coupe droite. Forme adapt\u00e9e aux femmes. Patte de boutonnage. Bords c\u00f4tes au col et aux manches. Bandeau de cou.<\/p>\n<p>OEKO-TEX\u00ae STANDARD 100<br \/>\n95% Coton\/5% \u00c9lasthanne<br \/>\nTissu piqu\u00e9 au m\u00e8tre. Peut r\u00e9tr\u00e9cir de 5% maximum. Couleur 08 : 90% coton\/10% viscose.<br \/>\n220 g\/m<br \/>\nLinge d\u00e9licat, max. 40\u00b0 C ; Ne pas blanchir ; Ne pas s\u00e9cher au s\u00e8che-linge ; Repasser \u00e0 temp\u00e9rature moyenne, max. 150\u00b0 C ; Supporte le nettoyage normal<\/p>\n<p><a href=\"https:\/\/mascotsitecore-1ccb8.kxcdn.com\/pdf\/51588-969-01-de.pdf\" target=\"_blank\" rel=\"noopener\"><u>Ouvrir la fiche produit<\/u><\/a><\/p>","protected":false},"excerpt":{"rendered":"<ul>\n<li>Sp\u00e9cialement con\u00e7u pour les femmes, avec une coupe cintr\u00e9e.<\/li>\n<li>Patte de boutonnage.<\/li>\n<li>Les coutures au niveau du cou sont cach\u00e9es par un mat\u00e9riau doux et rembourr\u00e9, de sorte qu'elles ne g\u00eanent pas.<\/li>\n<li>Col avec bordures c\u00f4tel\u00e9es.<\/li>\n<li>Bords c\u00f4tes aux manches.<\/li>\n<\/ul>","protected":false},"featured_media":549100,"template":"","meta":[],"product_brand":[],"product_cat":[4193],"product_tag":[],"class_list":{"0":"post-549046","1":"product","2":"type-product","3":"status-publish","4":"has-post-thumbnail","6":"product_cat-polos","7":"pa_brand-mascot","8":"pa_brand-type-workwear","9":"pa_filter-color-blau","10":"pa_filter-color-gelb","11":"pa_filter-color-grau","12":"pa_filter-color-gruen","13":"pa_filter-color-orange","14":"pa_filter-color-rot","15":"pa_filter-color-schwarz","16":"pa_filter-color-weiss","18":"first","19":"instock","20":"sale","21":"taxable","22":"shipping-taxable","23":"purchasable","24":"product-type-variable","25":"add-to-wishlist-before_image"},"exclude_global_add_ons":[],"addons":[],"acf":[],"_links":{"self":[{"href":"https:\/\/shop.kustom.ch\/fr\/wp-json\/wp\/v2\/product\/549046"}],"collection":[{"href":"https:\/\/shop.kustom.ch\/fr\/wp-json\/wp\/v2\/product"}],"about":[{"href":"https:\/\/shop.kustom.ch\/fr\/wp-json\/wp\/v2\/types\/product"}],"wp:featuredmedia":[{"embeddable":true,"href":"https:\/\/shop.kustom.ch\/fr\/wp-json\/wp\/v2\/media\/549100"}],"wp:attachment":[{"href":"https:\/\/shop.kustom.ch\/fr\/wp-json\/wp\/v2\/media?parent=549046"}],"wp:term":[{"taxonomy":"product_brand","embeddable":true,"href":"https:\/\/shop.kustom.ch\/fr\/wp-json\/wp\/v2\/product_brand?post=549046"},{"taxonomy":"product_cat","embeddable":true,"href":"https:\/\/shop.kustom.ch\/fr\/wp-json\/wp\/v2\/product_cat?post=549046"},{"taxonomy":"product_tag","embeddable":true,"href":"https:\/\/shop.kustom.ch\/fr\/wp-json\/wp\/v2\/product_tag?post=549046"}],"curies":[{"name":"wp","href":"https:\/\/api.w.org\/{rel}","templated":true}]}}