{"id":548610,"date":"2025-03-04T01:23:36","date_gmt":"2025-03-04T00:23:36","guid":{"rendered":"https:\/\/shop.kustom.ch\/?post_type=product&#038;p=548610"},"modified":"2026-03-30T13:26:41","modified_gmt":"2026-03-30T12:26:41","slug":"t-shirt-crossover-16","status":"publish","type":"product","link":"https:\/\/shop.kustom.ch\/fr\/produit\/t-shirt-crossover-16\/","title":{"rendered":"T-shirt CROSSOVER"},"content":{"rendered":"<p>Basique, avec une coupe droite. Forme adapt\u00e9e aux femmes. Encolure en V. Bords c\u00f4tes au cou. Bandeau de cou.<\/p>\n<p>OEKO-TEX\u00ae STANDARD 100<br \/>\n100% Coton<br \/>\nInterlock (fermeture \u00e0 glissi\u00e8re). Peut r\u00e9tr\u00e9cir au maximum de 5%. Couleur 08 : 90% coton\/10% viscose.<br \/>\n220 g\/m<br \/>\nLinge d\u00e9licat, max. 40\u00b0 C ; Ne pas blanchir ; Ne pas s\u00e9cher au s\u00e8che-linge ; Repasser \u00e0 temp\u00e9rature moyenne, max. 150\u00b0 C ; Supporte le nettoyage normal<\/p>\n<p><a href=\"https:\/\/mascotsitecore-1ccb8.kxcdn.com\/pdf\/51584-967-01-de.pdf\" target=\"_blank\" rel=\"noopener\"><u>Ouvrir la fiche produit<\/u><\/a><\/p>","protected":false},"excerpt":{"rendered":"<ul>\n<li>100% Mat\u00e9riau en coton, absorbant l'humidit\u00e9 et confortable sur la peau.<\/li>\n<li>Sp\u00e9cialement con\u00e7u pour les femmes, avec une coupe cintr\u00e9e.<\/li>\n<li>Bords c\u00f4tes au cou.<\/li>\n<li>Les coutures au niveau du cou sont cach\u00e9es par un mat\u00e9riau doux et rembourr\u00e9, de sorte qu'elles ne g\u00eanent pas.<\/li>\n<\/ul>","protected":false},"featured_media":548677,"template":"","meta":[],"product_brand":[],"product_cat":[4201],"product_tag":[],"class_list":{"0":"post-548610","1":"product","2":"type-product","3":"status-publish","4":"has-post-thumbnail","6":"product_cat-t-shirts","7":"pa_brand-mascot","8":"pa_brand-type-workwear","9":"pa_filter-color-beige","10":"pa_filter-color-blau","11":"pa_filter-color-gelb","12":"pa_filter-color-grau","13":"pa_filter-color-gruen","14":"pa_filter-color-orange","15":"pa_filter-color-rot","16":"pa_filter-color-schwarz","17":"pa_filter-color-violet","18":"pa_filter-color-weiss","20":"first","21":"instock","22":"sale","23":"taxable","24":"shipping-taxable","25":"purchasable","26":"product-type-variable","27":"add-to-wishlist-before_image"},"exclude_global_add_ons":[],"addons":[],"acf":[],"_links":{"self":[{"href":"https:\/\/shop.kustom.ch\/fr\/wp-json\/wp\/v2\/product\/548610"}],"collection":[{"href":"https:\/\/shop.kustom.ch\/fr\/wp-json\/wp\/v2\/product"}],"about":[{"href":"https:\/\/shop.kustom.ch\/fr\/wp-json\/wp\/v2\/types\/product"}],"wp:featuredmedia":[{"embeddable":true,"href":"https:\/\/shop.kustom.ch\/fr\/wp-json\/wp\/v2\/media\/548677"}],"wp:attachment":[{"href":"https:\/\/shop.kustom.ch\/fr\/wp-json\/wp\/v2\/media?parent=548610"}],"wp:term":[{"taxonomy":"product_brand","embeddable":true,"href":"https:\/\/shop.kustom.ch\/fr\/wp-json\/wp\/v2\/product_brand?post=548610"},{"taxonomy":"product_cat","embeddable":true,"href":"https:\/\/shop.kustom.ch\/fr\/wp-json\/wp\/v2\/product_cat?post=548610"},{"taxonomy":"product_tag","embeddable":true,"href":"https:\/\/shop.kustom.ch\/fr\/wp-json\/wp\/v2\/product_tag?post=548610"}],"curies":[{"name":"wp","href":"https:\/\/api.w.org\/{rel}","templated":true}]}}