{"id":548091,"date":"2025-03-04T01:19:07","date_gmt":"2025-03-04T00:19:07","guid":{"rendered":"https:\/\/shop.kustom.ch\/?post_type=product&#038;p=548091"},"modified":"2026-03-30T13:25:37","modified_gmt":"2026-03-30T12:25:37","slug":"t-shirt-crossover-13","status":"publish","type":"product","link":"https:\/\/shop.kustom.ch\/fr\/produit\/t-shirt-crossover-13\/","title":{"rendered":"T-shirt CROSSOVER"},"content":{"rendered":"<p>Basique de base. Coton peign\u00e9. Coupe moderne. Encolure ronde. Bords c\u00f4tes au cou. Bandeau de cou. Double couture au niveau des \u00e9paules.<\/p>\n<p>OEKO-TEX\u00ae STANDARD 100<br \/>\n100% Coton<br \/>\nTissu au m\u00e8tre en jersey simple. Peut r\u00e9tr\u00e9cir au maximum 5%.<br \/>\n175 g\/m<br \/>\nLavage de couleur, max. 60\u00b0 C ; Pas de blanchiment ; Pas de s\u00e9chage en tambour ; Repassage \u00e0 temp\u00e9rature moyenne, max. 150\u00b0 C ; Supporte le nettoyage normal<\/p>\n<p><a href=\"https:\/\/mascotsitecore-1ccb8.kxcdn.com\/pdf\/50662-965-010-de.pdf\" target=\"_blank\" rel=\"noopener\"><u>Ouvrir la fiche produit<\/u><\/a><\/p>","protected":false},"excerpt":{"rendered":"<ul>\n<li>Coupe moderne, pr\u00e8s du corps, offrant une grande libert\u00e9 de mouvement.<\/li>\n<li>Bords c\u00f4tes au cou.<\/li>\n<li>Les coutures au niveau du cou sont cach\u00e9es par un mat\u00e9riau doux et rembourr\u00e9, de sorte qu'elles ne g\u00eanent pas.<\/li>\n<\/ul>","protected":false},"featured_media":548122,"template":"","meta":[],"product_brand":[],"product_cat":[4201],"product_tag":[],"class_list":{"0":"post-548091","1":"product","2":"type-product","3":"status-publish","4":"has-post-thumbnail","6":"product_cat-t-shirts","7":"pa_brand-mascot","8":"pa_brand-type-workwear","9":"pa_filter-color-schwarz","10":"pa_filter-color-weiss","12":"first","13":"instock","14":"sale","15":"taxable","16":"shipping-taxable","17":"purchasable","18":"product-type-variable","19":"add-to-wishlist-before_image"},"exclude_global_add_ons":[],"addons":[],"acf":[],"_links":{"self":[{"href":"https:\/\/shop.kustom.ch\/fr\/wp-json\/wp\/v2\/product\/548091"}],"collection":[{"href":"https:\/\/shop.kustom.ch\/fr\/wp-json\/wp\/v2\/product"}],"about":[{"href":"https:\/\/shop.kustom.ch\/fr\/wp-json\/wp\/v2\/types\/product"}],"wp:featuredmedia":[{"embeddable":true,"href":"https:\/\/shop.kustom.ch\/fr\/wp-json\/wp\/v2\/media\/548122"}],"wp:attachment":[{"href":"https:\/\/shop.kustom.ch\/fr\/wp-json\/wp\/v2\/media?parent=548091"}],"wp:term":[{"taxonomy":"product_brand","embeddable":true,"href":"https:\/\/shop.kustom.ch\/fr\/wp-json\/wp\/v2\/product_brand?post=548091"},{"taxonomy":"product_cat","embeddable":true,"href":"https:\/\/shop.kustom.ch\/fr\/wp-json\/wp\/v2\/product_cat?post=548091"},{"taxonomy":"product_tag","embeddable":true,"href":"https:\/\/shop.kustom.ch\/fr\/wp-json\/wp\/v2\/product_tag?post=548091"}],"curies":[{"name":"wp","href":"https:\/\/api.w.org\/{rel}","templated":true}]}}