{"id":547964,"date":"2025-03-04T01:17:27","date_gmt":"2025-03-04T00:17:27","guid":{"rendered":"https:\/\/shop.kustom.ch\/?post_type=product&#038;p=547964"},"modified":"2026-03-30T13:25:19","modified_gmt":"2026-03-30T12:25:19","slug":"t-shirt-langarm-crossover-4","status":"publish","type":"product","link":"https:\/\/shop.kustom.ch\/fr\/produit\/t-shirt-langarm-crossover-4\/","title":{"rendered":"T-shirt, manches longues CROSSOVER"},"content":{"rendered":"<p>Basique, avec une coupe droite. Coupe \u00e9troite. Bords c\u00f4tes au col et aux manches. Patte de boutonnage. Bandeau de cou.<\/p>\n<p>OEKO-TEX\u00ae STANDARD 100<br \/>\n100% Coton<br \/>\nTricot \u00e0 c\u00f4tes. Peut r\u00e9tr\u00e9cir au maximum de 5%. Couleur 08 : 90% coton\/10% viscose.<br \/>\n220 g\/m<br \/>\nLinge d\u00e9licat, max. 40\u00b0 C ; Ne pas blanchir ; Ne pas s\u00e9cher au s\u00e8che-linge ; Repasser \u00e0 temp\u00e9rature moyenne, max. 150\u00b0 C ; Supporte le nettoyage normal<\/p>\n<p><a href=\"https:\/\/mascotsitecore-1ccb8.kxcdn.com\/pdf\/50581-964-06-de.pdf\" target=\"_blank\" rel=\"noopener\"><u>Ouvrir la fiche produit<\/u><\/a><\/p>","protected":false},"excerpt":{"rendered":"<ul>\n<li>La coupe la plus \u00e9troite de la gamme MASCOT - elle est ajust\u00e9e et suit tous les mouvements du corps.<\/li>\n<li>100% Mat\u00e9riau en coton, absorbant l'humidit\u00e9 et confortable sur la peau.<\/li>\n<li>Bords c\u00f4tes au cou et aux manches.<\/li>\n<li>Patte de boutonnage.<\/li>\n<li>Dos l\u00e9g\u00e8rement allong\u00e9.<\/li>\n<\/ul>","protected":false},"featured_media":548019,"template":"","meta":[],"product_brand":[],"product_cat":[4201],"product_tag":[],"class_list":{"0":"post-547964","1":"product","2":"type-product","3":"status-publish","4":"has-post-thumbnail","6":"product_cat-t-shirts","7":"pa_brand-mascot","8":"pa_brand-type-workwear","9":"pa_filter-color-grau","10":"pa_filter-color-schwarz","11":"pa_filter-color-weiss","13":"first","14":"instock","15":"sale","16":"taxable","17":"shipping-taxable","18":"purchasable","19":"product-type-variable","20":"add-to-wishlist-before_image"},"exclude_global_add_ons":[],"addons":[],"acf":[],"_links":{"self":[{"href":"https:\/\/shop.kustom.ch\/fr\/wp-json\/wp\/v2\/product\/547964"}],"collection":[{"href":"https:\/\/shop.kustom.ch\/fr\/wp-json\/wp\/v2\/product"}],"about":[{"href":"https:\/\/shop.kustom.ch\/fr\/wp-json\/wp\/v2\/types\/product"}],"wp:featuredmedia":[{"embeddable":true,"href":"https:\/\/shop.kustom.ch\/fr\/wp-json\/wp\/v2\/media\/548019"}],"wp:attachment":[{"href":"https:\/\/shop.kustom.ch\/fr\/wp-json\/wp\/v2\/media?parent=547964"}],"wp:term":[{"taxonomy":"product_brand","embeddable":true,"href":"https:\/\/shop.kustom.ch\/fr\/wp-json\/wp\/v2\/product_brand?post=547964"},{"taxonomy":"product_cat","embeddable":true,"href":"https:\/\/shop.kustom.ch\/fr\/wp-json\/wp\/v2\/product_cat?post=547964"},{"taxonomy":"product_tag","embeddable":true,"href":"https:\/\/shop.kustom.ch\/fr\/wp-json\/wp\/v2\/product_tag?post=547964"}],"curies":[{"name":"wp","href":"https:\/\/api.w.org\/{rel}","templated":true}]}}