{"id":547945,"date":"2025-03-04T01:17:25","date_gmt":"2025-03-04T00:17:25","guid":{"rendered":"https:\/\/shop.kustom.ch\/?post_type=product&#038;p=547945"},"modified":"2026-03-30T13:25:11","modified_gmt":"2026-03-30T12:25:11","slug":"funktionsunterhemd-crossover-11","status":"publish","type":"product","link":"https:\/\/shop.kustom.ch\/fr\/produit\/funktionsunterhemd-crossover-11\/","title":{"rendered":"Maillot de corps fonctionnel CROSSOVER"},"content":{"rendered":"<p>Faible poids. Coupe moderne. Transfert d'humidit\u00e9 COOLMAX\u00ae ALL SEASON avec Duoregulation\u2122 - le produit est \u00e0 la fois isolant par temps froid et rafra\u00eechissant par temps chaud. Tissu flexible qui s'adapte \u00e0 la forme du corps.  S\u00e9chage rapide. Encolure ronde. Convient aussi bien aux femmes qu'aux hommes. Grand confort sans coutures lat\u00e9rales (tailles S-XL). Les instructions d'entretien sont tiss\u00e9es - donc pas d'\u00e9tiquettes g\u00eanantes.<\/p>\n<p>OEKO-TEX\u00ae STANDARD 100<br \/>\n75% polyester (COOLMAX\u00ae ALL SEASON)\/17% polyamide\/8% \u00e9lasthanne (LYCRA\u00ae)<br \/>\nTricot au m\u00e8tre.<br \/>\n185 g\/m<br \/>\nLinge d\u00e9licat, max. 40\u00b0 C ; Pas de blanchiment ; Pas de s\u00e9chage en tambour ; Pas de repassage ; Ne convient pas au nettoyage \u00e0 sec<\/p>\n<p><a href=\"https:\/\/mascotsitecore-1ccb8.kxcdn.com\/pdf\/50561-940-09-de.pdf\" target=\"_blank\" rel=\"noopener\"><u>Ouvrir la fiche produit<\/u><\/a><\/p>","protected":false},"excerpt":{"rendered":"<ul>\n<li>Mat\u00e9riel l\u00e9ger.<\/li>\n<li>Produit sans couture, sans coutures g\u00eanantes ni instructions de lavage cousues.<\/li>\n<li>Le transport efficace de l'humidit\u00e9 garde le corps au sec et r\u00e9duit le risque d'avoir froid.<\/li>\n<li>S\u00e9chage rapide - important pour \u00e9viter le refroidissement du corps.<\/li>\n<li>Gr\u00e2ce \u00e0 son \u00e9lasticit\u00e9, la coupe convient aussi bien aux hommes qu'aux femmes.<\/li>\n<\/ul>","protected":false},"featured_media":548004,"template":"","meta":[],"product_brand":[],"product_cat":[4206],"product_tag":[],"class_list":{"0":"post-547945","1":"product","2":"type-product","3":"status-publish","4":"has-post-thumbnail","6":"product_cat-underwear","7":"pa_brand-mascot","8":"pa_brand-type-workwear","9":"pa_filter-color-schwarz","11":"first","12":"instock","13":"sale","14":"taxable","15":"shipping-taxable","16":"purchasable","17":"product-type-variable","18":"add-to-wishlist-before_image"},"exclude_global_add_ons":[],"addons":[],"acf":[],"_links":{"self":[{"href":"https:\/\/shop.kustom.ch\/fr\/wp-json\/wp\/v2\/product\/547945"}],"collection":[{"href":"https:\/\/shop.kustom.ch\/fr\/wp-json\/wp\/v2\/product"}],"about":[{"href":"https:\/\/shop.kustom.ch\/fr\/wp-json\/wp\/v2\/types\/product"}],"wp:featuredmedia":[{"embeddable":true,"href":"https:\/\/shop.kustom.ch\/fr\/wp-json\/wp\/v2\/media\/548004"}],"wp:attachment":[{"href":"https:\/\/shop.kustom.ch\/fr\/wp-json\/wp\/v2\/media?parent=547945"}],"wp:term":[{"taxonomy":"product_brand","embeddable":true,"href":"https:\/\/shop.kustom.ch\/fr\/wp-json\/wp\/v2\/product_brand?post=547945"},{"taxonomy":"product_cat","embeddable":true,"href":"https:\/\/shop.kustom.ch\/fr\/wp-json\/wp\/v2\/product_cat?post=547945"},{"taxonomy":"product_tag","embeddable":true,"href":"https:\/\/shop.kustom.ch\/fr\/wp-json\/wp\/v2\/product_tag?post=547945"}],"curies":[{"name":"wp","href":"https:\/\/api.w.org\/{rel}","templated":true}]}}