{"id":547859,"date":"2025-03-04T01:16:32","date_gmt":"2025-03-04T00:16:32","guid":{"rendered":"https:\/\/shop.kustom.ch\/?post_type=product&#038;p=547859"},"modified":"2026-03-30T13:24:52","modified_gmt":"2026-03-30T12:24:52","slug":"t-shirt-langarm-crossover-3","status":"publish","type":"product","link":"https:\/\/shop.kustom.ch\/fr\/produit\/t-shirt-langarm-crossover-3\/","title":{"rendered":"T-shirt, manches longues CROSSOVER"},"content":{"rendered":"<p>De qualit\u00e9 sup\u00e9rieure. Coton peign\u00e9. Coupe moderne. Qualit\u00e9 robuste. Pr\u00e9-r\u00e9tr\u00e9ci. Encolure ronde. Bords c\u00f4tes au cou et aux poignets. Bandeau de cou.<\/p>\n<p>OEKO-TEX\u00ae STANDARD 100<br \/>\n100% Coton<br \/>\nTissu au m\u00e8tre en jersey simple. Peut r\u00e9tr\u00e9cir au maximum de 5%. Couleur 08 : 90% coton\/10% viscose.<br \/>\n195 g\/m\u00b2 (en anglais)<br \/>\nLinge d\u00e9licat, max. 40\u00b0 C ; Ne pas blanchir ; Ne pas s\u00e9cher au s\u00e8che-linge ; Repasser \u00e0 temp\u00e9rature moyenne, max. 150\u00b0 C ; Supporte le nettoyage normal<\/p>\n<p><a href=\"https:\/\/mascotsitecore-1ccb8.kxcdn.com\/pdf\/50548-250-01-de.pdf\" target=\"_blank\" rel=\"noopener\"><u>Ouvrir la fiche produit<\/u><\/a><\/p>","protected":false},"excerpt":{"rendered":"<ul>\n<li>Coupe moderne, pr\u00e8s du corps, offrant une grande libert\u00e9 de mouvement.<\/li>\n<li>Le coton peign\u00e9 absorbe l'humidit\u00e9 et offre un grand confort.<\/li>\n<li>Bords c\u00f4tes au cou et aux manches.<\/li>\n<li>Les coutures au niveau du cou sont cach\u00e9es par un mat\u00e9riau doux et rembourr\u00e9, de sorte qu'elles ne g\u00eanent pas.<\/li>\n<\/ul>","protected":false},"featured_media":547869,"template":"","meta":[],"product_brand":[],"product_cat":[4201],"product_tag":[],"class_list":{"0":"post-547859","1":"product","2":"type-product","3":"status-publish","4":"has-post-thumbnail","6":"product_cat-t-shirts","7":"pa_brand-mascot","8":"pa_brand-type-workwear","9":"pa_filter-color-blau","10":"pa_filter-color-grau","11":"pa_filter-color-rot","12":"pa_filter-color-schwarz","13":"pa_filter-color-weiss","15":"first","16":"instock","17":"sale","18":"taxable","19":"shipping-taxable","20":"purchasable","21":"product-type-variable","22":"add-to-wishlist-before_image"},"exclude_global_add_ons":[],"addons":[],"acf":[],"_links":{"self":[{"href":"https:\/\/shop.kustom.ch\/fr\/wp-json\/wp\/v2\/product\/547859"}],"collection":[{"href":"https:\/\/shop.kustom.ch\/fr\/wp-json\/wp\/v2\/product"}],"about":[{"href":"https:\/\/shop.kustom.ch\/fr\/wp-json\/wp\/v2\/types\/product"}],"wp:featuredmedia":[{"embeddable":true,"href":"https:\/\/shop.kustom.ch\/fr\/wp-json\/wp\/v2\/media\/547869"}],"wp:attachment":[{"href":"https:\/\/shop.kustom.ch\/fr\/wp-json\/wp\/v2\/media?parent=547859"}],"wp:term":[{"taxonomy":"product_brand","embeddable":true,"href":"https:\/\/shop.kustom.ch\/fr\/wp-json\/wp\/v2\/product_brand?post=547859"},{"taxonomy":"product_cat","embeddable":true,"href":"https:\/\/shop.kustom.ch\/fr\/wp-json\/wp\/v2\/product_cat?post=547859"},{"taxonomy":"product_tag","embeddable":true,"href":"https:\/\/shop.kustom.ch\/fr\/wp-json\/wp\/v2\/product_tag?post=547859"}],"curies":[{"name":"wp","href":"https:\/\/api.w.org\/{rel}","templated":true}]}}