{"id":547662,"date":"2025-03-04T01:14:34","date_gmt":"2025-03-04T00:14:34","guid":{"rendered":"https:\/\/shop.kustom.ch\/?post_type=product&#038;p=547662"},"modified":"2026-03-30T13:24:08","modified_gmt":"2026-03-30T12:24:08","slug":"polo-shirt-crossover-8","status":"publish","type":"product","link":"https:\/\/shop.kustom.ch\/fr\/produit\/polo-shirt-crossover-8\/","title":{"rendered":"Polo CROSSOVER"},"content":{"rendered":"<p>De qualit\u00e9 sup\u00e9rieure. Coton peign\u00e9. Coupe moderne. Bandeau sur la nuque. Patte de boutonnage. Bords c\u00f4tes au col et aux manches. Fentes sur les c\u00f4t\u00e9s.<\/p>\n<p>OEKO-TEX\u00ae STANDARD 100<br \/>\n95% Coton\/5% \u00c9lasthanne<br \/>\nTissu piqu\u00e9 stretch au m\u00e8tre. Peut r\u00e9tr\u00e9cir au maximum 5%.<br \/>\n230 g\/m\u00b2 (1,5 lb)<br \/>\nLinge d\u00e9licat, max. 40\u00b0 C ; Ne pas blanchir ; Ne pas s\u00e9cher au s\u00e8che-linge ; Repasser \u00e0 basse temp\u00e9rature, max. 100\u00b0 C ; Supporte le nettoyage normal<\/p>\n<p><a href=\"https:\/\/mascotsitecore-1ccb8.kxcdn.com\/pdf\/50181-861-01-de.pdf\" target=\"_blank\" rel=\"noopener\"><u>Ouvrir la fiche produit<\/u><\/a><\/p>","protected":false},"excerpt":{"rendered":"<ul>\n<li>Fabriqu\u00e9 dans un mat\u00e9riau souple et d'une grande \u00e9lasticit\u00e9.<\/li>\n<li>Coupe moderne, pr\u00e8s du corps, offrant une grande libert\u00e9 de mouvement.<\/li>\n<li>Col avec bordures c\u00f4tel\u00e9es.<\/li>\n<li>Bords c\u00f4tes aux manches.<\/li>\n<li>Fentes sur les c\u00f4t\u00e9s.<\/li>\n<li>Les coutures au niveau du cou sont cach\u00e9es par un mat\u00e9riau doux et rembourr\u00e9, de sorte qu'elles ne g\u00eanent pas.<\/li>\n<\/ul>","protected":false},"featured_media":547696,"template":"","meta":[],"product_brand":[],"product_cat":[4193],"product_tag":[],"class_list":{"0":"post-547662","1":"product","2":"type-product","3":"status-publish","4":"has-post-thumbnail","6":"product_cat-polos","7":"pa_brand-mascot","8":"pa_brand-type-workwear","9":"pa_filter-color-blau","10":"pa_filter-color-grau","11":"pa_filter-color-schwarz","13":"first","14":"instock","15":"sale","16":"taxable","17":"shipping-taxable","18":"purchasable","19":"product-type-variable","20":"add-to-wishlist-before_image"},"exclude_global_add_ons":[],"addons":[],"acf":[],"_links":{"self":[{"href":"https:\/\/shop.kustom.ch\/fr\/wp-json\/wp\/v2\/product\/547662"}],"collection":[{"href":"https:\/\/shop.kustom.ch\/fr\/wp-json\/wp\/v2\/product"}],"about":[{"href":"https:\/\/shop.kustom.ch\/fr\/wp-json\/wp\/v2\/types\/product"}],"wp:featuredmedia":[{"embeddable":true,"href":"https:\/\/shop.kustom.ch\/fr\/wp-json\/wp\/v2\/media\/547696"}],"wp:attachment":[{"href":"https:\/\/shop.kustom.ch\/fr\/wp-json\/wp\/v2\/media?parent=547662"}],"wp:term":[{"taxonomy":"product_brand","embeddable":true,"href":"https:\/\/shop.kustom.ch\/fr\/wp-json\/wp\/v2\/product_brand?post=547662"},{"taxonomy":"product_cat","embeddable":true,"href":"https:\/\/shop.kustom.ch\/fr\/wp-json\/wp\/v2\/product_cat?post=547662"},{"taxonomy":"product_tag","embeddable":true,"href":"https:\/\/shop.kustom.ch\/fr\/wp-json\/wp\/v2\/product_tag?post=547662"}],"curies":[{"name":"wp","href":"https:\/\/api.w.org\/{rel}","templated":true}]}}