{"id":547639,"date":"2025-03-04T01:14:00","date_gmt":"2025-03-04T00:14:00","guid":{"rendered":"https:\/\/shop.kustom.ch\/?post_type=product&#038;p=547639"},"modified":"2026-03-30T13:23:53","modified_gmt":"2026-03-30T12:23:53","slug":"funktionsunterhemd-crossover-10","status":"publish","type":"product","link":"https:\/\/shop.kustom.ch\/fr\/produit\/funktionsunterhemd-crossover-10\/","title":{"rendered":"Maillot de corps fonctionnel CROSSOVER"},"content":{"rendered":"<p>Faible poids. Coupe moderne. Tissu flexible qui s'adapte \u00e0 la forme du corps.  Antibact\u00e9rien (test JIS L1902:2002) et \u00e9vacuant l'humidit\u00e9. S\u00e9chage rapide. Encolure arrondie. Convient aussi bien aux femmes qu'aux hommes. Grand confort sans coutures lat\u00e9rales (tailles S-XL). Les instructions d'entretien sont tiss\u00e9es - donc pas d'\u00e9tiquettes g\u00eanantes.<\/p>\n<p>OEKO-TEX\u00ae STANDARD 100<br \/>\n75% Polyester\/17% Polyamide\/8% \u00c9lasthanne<br \/>\nTissu au m\u00e8tre en jersey simple.<br \/>\n160 g\/m<br \/>\nLinge d\u00e9licat, max. 40\u00b0 C ; Pas de blanchiment ; Pas de s\u00e9chage en tambour ; Pas de repassage ; Ne convient pas au nettoyage \u00e0 sec<\/p>\n<p><a href=\"https:\/\/mascotsitecore-1ccb8.kxcdn.com\/pdf\/50178-870-18-de.pdf\" target=\"_blank\" rel=\"noopener\"><u>Ouvrir la fiche produit<\/u><\/a><\/p>","protected":false},"excerpt":{"rendered":"<ul>\n<li>Le mat\u00e9riau est isolant, \u00e9vacue la transpiration et est antibact\u00e9rien.<\/li>\n<li>Mat\u00e9riau \u00e9lastique qui s'adapte au corps.<\/li>\n<li>S\u00e9chage rapide - important pour \u00e9viter le refroidissement du corps.<\/li>\n<\/ul>","protected":false},"featured_media":547693,"template":"","meta":[],"product_brand":[],"product_cat":[4206],"product_tag":[],"class_list":{"0":"post-547639","1":"product","2":"type-product","3":"status-publish","4":"has-post-thumbnail","6":"product_cat-underwear","7":"pa_brand-mascot","8":"pa_brand-type-workwear","9":"pa_filter-color-grau","11":"first","12":"instock","13":"sale","14":"taxable","15":"shipping-taxable","16":"purchasable","17":"product-type-variable","18":"add-to-wishlist-before_image"},"exclude_global_add_ons":[],"addons":[],"acf":[],"_links":{"self":[{"href":"https:\/\/shop.kustom.ch\/fr\/wp-json\/wp\/v2\/product\/547639"}],"collection":[{"href":"https:\/\/shop.kustom.ch\/fr\/wp-json\/wp\/v2\/product"}],"about":[{"href":"https:\/\/shop.kustom.ch\/fr\/wp-json\/wp\/v2\/types\/product"}],"wp:featuredmedia":[{"embeddable":true,"href":"https:\/\/shop.kustom.ch\/fr\/wp-json\/wp\/v2\/media\/547693"}],"wp:attachment":[{"href":"https:\/\/shop.kustom.ch\/fr\/wp-json\/wp\/v2\/media?parent=547639"}],"wp:term":[{"taxonomy":"product_brand","embeddable":true,"href":"https:\/\/shop.kustom.ch\/fr\/wp-json\/wp\/v2\/product_brand?post=547639"},{"taxonomy":"product_cat","embeddable":true,"href":"https:\/\/shop.kustom.ch\/fr\/wp-json\/wp\/v2\/product_cat?post=547639"},{"taxonomy":"product_tag","embeddable":true,"href":"https:\/\/shop.kustom.ch\/fr\/wp-json\/wp\/v2\/product_tag?post=547639"}],"curies":[{"name":"wp","href":"https:\/\/api.w.org\/{rel}","templated":true}]}}