{"id":547604,"date":"2025-03-04T01:13:55","date_gmt":"2025-03-04T00:13:55","guid":{"rendered":"https:\/\/shop.kustom.ch\/?post_type=product&#038;p=547604"},"modified":"2026-03-30T13:23:47","modified_gmt":"2026-03-30T12:23:47","slug":"funktionsunterhose-crossover-6","status":"publish","type":"product","link":"https:\/\/shop.kustom.ch\/fr\/produit\/funktionsunterhose-crossover-6\/","title":{"rendered":"Cale\u00e7on fonctionnel CROSSOVER"},"content":{"rendered":"<p>Transfert d'humidit\u00e9 et isolation. Tissu flexible qui s'adapte \u00e0 la forme du corps.  Gr\u00e2ce \u00e0 la laine \u00e0 l'int\u00e9rieur, on se sent au sec et au chaud. Coutures contrast\u00e9es. Les instructions d'entretien sont imprim\u00e9es - donc pas d'\u00e9tiquettes g\u00eanantes.<\/p>\n<p>OEKO-TEX\u00ae STANDARD 100<br \/>\n80% Polyester (COOLMAX\u00ae PRO)\/20% Laine<br \/>\nTricot \u00e0 c\u00f4tes. Ne pas faire tremper.<br \/>\n190 g\/m\u00b2 (1,5 lb)<br \/>\nLinge d\u00e9licat, max. 40\u00b0 C ; Ne pas blanchir ; Ne pas s\u00e9cher au s\u00e8che-linge ; Repasser \u00e0 temp\u00e9rature moyenne, max. 150\u00b0 C ; Supporte le nettoyage normal<\/p>\n<p><a href=\"https:\/\/mascotsitecore-1ccb8.kxcdn.com\/pdf\/50025-871-09-de.pdf\" target=\"_blank\" rel=\"noopener\"><u>Ouvrir la fiche produit<\/u><\/a><\/p>","protected":false},"excerpt":{"rendered":"<ul>\n<li>Combinaison de mati\u00e8re COOLMAX\u00ae qui \u00e9vacue l'humidit\u00e9 et de laine isolante.<\/li>\n<li>COOLMAX\u00ae assure un transport efficace de l'humidit\u00e9, garde le corps au sec et emp\u00eache le refroidissement.<\/li>\n<li>La laine vers le corps garantit que le corps reste sec et chaud toute la journ\u00e9e.<\/li>\n<li>Coupe moderne, pr\u00e8s du corps, offrant une grande libert\u00e9 de mouvement.<\/li>\n<li>Dot\u00e9 de coutures plates qui, contrairement aux coutures normales, ne frottent pas contre la peau.<\/li>\n<\/ul>","protected":false},"featured_media":547648,"template":"","meta":[],"product_brand":[],"product_cat":[4206],"product_tag":[],"class_list":{"0":"post-547604","1":"product","2":"type-product","3":"status-publish","4":"has-post-thumbnail","6":"product_cat-underwear","7":"pa_brand-mascot","8":"pa_brand-type-workwear","9":"pa_filter-color-schwarz","11":"first","12":"instock","13":"sale","14":"taxable","15":"shipping-taxable","16":"purchasable","17":"product-type-variable","18":"add-to-wishlist-before_image"},"exclude_global_add_ons":[],"addons":[],"acf":[],"_links":{"self":[{"href":"https:\/\/shop.kustom.ch\/fr\/wp-json\/wp\/v2\/product\/547604"}],"collection":[{"href":"https:\/\/shop.kustom.ch\/fr\/wp-json\/wp\/v2\/product"}],"about":[{"href":"https:\/\/shop.kustom.ch\/fr\/wp-json\/wp\/v2\/types\/product"}],"wp:featuredmedia":[{"embeddable":true,"href":"https:\/\/shop.kustom.ch\/fr\/wp-json\/wp\/v2\/media\/547648"}],"wp:attachment":[{"href":"https:\/\/shop.kustom.ch\/fr\/wp-json\/wp\/v2\/media?parent=547604"}],"wp:term":[{"taxonomy":"product_brand","embeddable":true,"href":"https:\/\/shop.kustom.ch\/fr\/wp-json\/wp\/v2\/product_brand?post=547604"},{"taxonomy":"product_cat","embeddable":true,"href":"https:\/\/shop.kustom.ch\/fr\/wp-json\/wp\/v2\/product_cat?post=547604"},{"taxonomy":"product_tag","embeddable":true,"href":"https:\/\/shop.kustom.ch\/fr\/wp-json\/wp\/v2\/product_tag?post=547604"}],"curies":[{"name":"wp","href":"https:\/\/api.w.org\/{rel}","templated":true}]}}