{"id":547578,"date":"2025-03-04T01:13:23","date_gmt":"2025-03-04T00:13:23","guid":{"rendered":"https:\/\/shop.kustom.ch\/?post_type=product&#038;p=547578"},"modified":"2026-03-30T13:23:26","modified_gmt":"2026-03-30T12:23:26","slug":"funktionsunterhose-crossover-5","status":"publish","type":"product","link":"https:\/\/shop.kustom.ch\/fr\/produit\/funktionsunterhose-crossover-5\/","title":{"rendered":"Cale\u00e7on fonctionnel CROSSOVER"},"content":{"rendered":"<p>Antistatique et ignifuge. Coutures en fil ignifug\u00e9. \u00c9lastique \u00e0 la taille. Sans ouverture. Isolant et confortable. Gr\u00e2ce \u00e0 la laine \u00e0 l'int\u00e9rieur, on se sent au sec et au chaud. Les instructions d'entretien sont imprim\u00e9es - donc pas d'\u00e9tiquettes g\u00eanantes.<\/p>\n<p>OEKO-TEX\u00ae STANDARD 100 ; EN 1149-5 ; EN ISO 11612 (A1, A2, B1, C1, F1) ; EN IEC 61482-1-1 (ATPV - 5.8 cal\/cm\u00b2) (ELIM 4,9 cal\/cm\u00b2) ; EN 61482-1-2 (APC 1)<br \/>\n50% Viscose\/40% Laine\/8% Polyamide\/2% Fibres de carbone<br \/>\nTricot au m\u00e8tre. Peut r\u00e9tr\u00e9cir 0-5%.<br \/>\n230 g\/m\u00b2 (1,5 lb)<br \/>\nLavage de couleur, max. 60\u00b0 C ; Pas de blanchiment ; Supporte le s\u00e8che-linge - temp\u00e9rature de d\u00e9part max. 60\u00b0 C ; Repassage \u00e0 temp\u00e9rature moyenne, max. 150\u00b0 C ; Ne convient pas au nettoyage \u00e0 sec<\/p>\n<p><a href=\"https:\/\/mascotsitecore-1ccb8.kxcdn.com\/pdf\/21899-426-010-de.pdf\" target=\"_blank\" rel=\"noopener\"><u>Ouvrir la fiche produit<\/u><\/a><\/p>","protected":false},"excerpt":{"rendered":"<ul>\n<li>Antistatique et ignifuge.<\/li>\n<li>La laine vers le corps garantit que le corps reste sec et chaud toute la journ\u00e9e.<\/li>\n<\/ul>","protected":false},"featured_media":547590,"template":"","meta":[],"product_brand":[],"product_cat":[4206],"product_tag":[],"class_list":{"0":"post-547578","1":"product","2":"type-product","3":"status-publish","4":"has-post-thumbnail","6":"product_cat-underwear","7":"pa_brand-mascot","8":"pa_brand-type-workwear","9":"pa_filter-color-schwarz","11":"first","12":"instock","13":"sale","14":"taxable","15":"shipping-taxable","16":"purchasable","17":"product-type-variable","18":"add-to-wishlist-before_image"},"exclude_global_add_ons":[],"addons":[],"acf":[],"_links":{"self":[{"href":"https:\/\/shop.kustom.ch\/fr\/wp-json\/wp\/v2\/product\/547578"}],"collection":[{"href":"https:\/\/shop.kustom.ch\/fr\/wp-json\/wp\/v2\/product"}],"about":[{"href":"https:\/\/shop.kustom.ch\/fr\/wp-json\/wp\/v2\/types\/product"}],"wp:featuredmedia":[{"embeddable":true,"href":"https:\/\/shop.kustom.ch\/fr\/wp-json\/wp\/v2\/media\/547590"}],"wp:attachment":[{"href":"https:\/\/shop.kustom.ch\/fr\/wp-json\/wp\/v2\/media?parent=547578"}],"wp:term":[{"taxonomy":"product_brand","embeddable":true,"href":"https:\/\/shop.kustom.ch\/fr\/wp-json\/wp\/v2\/product_brand?post=547578"},{"taxonomy":"product_cat","embeddable":true,"href":"https:\/\/shop.kustom.ch\/fr\/wp-json\/wp\/v2\/product_cat?post=547578"},{"taxonomy":"product_tag","embeddable":true,"href":"https:\/\/shop.kustom.ch\/fr\/wp-json\/wp\/v2\/product_tag?post=547578"}],"curies":[{"name":"wp","href":"https:\/\/api.w.org\/{rel}","templated":true}]}}