{"id":545923,"date":"2025-03-04T01:01:17","date_gmt":"2025-03-04T00:01:17","guid":{"rendered":"https:\/\/shop.kustom.ch\/?post_type=product&#038;p=545923"},"modified":"2026-03-30T13:20:25","modified_gmt":"2026-03-30T12:20:25","slug":"funktionsunterhose-crossover-4","status":"publish","type":"product","link":"https:\/\/shop.kustom.ch\/fr\/produit\/funktionsunterhose-crossover-4\/","title":{"rendered":"Cale\u00e7on fonctionnel CROSSOVER"},"content":{"rendered":"<p>Faible poids. Transfert d'humidit\u00e9 et isolation. Les fibres de polypropyl\u00e8ne r\u00e9duisent la formation d'odeurs dans le produit. Tissu flexible qui s'adapte \u00e0 la forme du corps.  S\u00e9chage rapide. Haut niveau de confort. Les instructions d'entretien sont imprim\u00e9es - donc pas d'\u00e9tiquettes g\u00eanantes.<\/p>\n<p>OEKO-TEX\u00ae STANDARD 100<br \/>\n100% Polypropyl\u00e8ne<br \/>\nTricot au m\u00e8tre. Peut r\u00e9tr\u00e9cir au maximum de 5%.<br \/>\n130 g\/m<br \/>\nLavage de couleur, max. 60\u00b0 C ; Pas de blanchiment ; Supporte le s\u00e8che-linge - temp\u00e9rature de d\u00e9part max. 60\u00b0 C ; Pas de repassage ; Ne convient pas au nettoyage \u00e0 sec<\/p>\n<p><a href=\"https:\/\/mascotsitecore-1ccb8.kxcdn.com\/pdf\/19899-794-1809-de.pdf\" target=\"_blank\" rel=\"noopener\"><u>Ouvrir la fiche produit<\/u><\/a><\/p>","protected":false},"excerpt":{"rendered":"<ul>\n<li>Mat\u00e9riel l\u00e9ger.<\/li>\n<li>Les fibres de polypropyl\u00e8ne r\u00e9duisent la formation d'odeurs dans le produit.<\/li>\n<li>Le transport efficace de l'humidit\u00e9 garde le corps au sec et r\u00e9duit le risque d'avoir froid.<\/li>\n<li>S\u00e9chage rapide - important pour \u00e9viter le refroidissement du corps.<\/li>\n<li>Gr\u00e2ce \u00e0 son \u00e9lasticit\u00e9, la coupe convient aussi bien aux hommes qu'aux femmes.<\/li>\n<\/ul>","protected":false},"featured_media":545937,"template":"","meta":[],"product_brand":[],"product_cat":[4206],"product_tag":[],"class_list":{"0":"post-545923","1":"product","2":"type-product","3":"status-publish","4":"has-post-thumbnail","6":"product_cat-underwear","7":"pa_brand-mascot","8":"pa_brand-type-workwear","9":"pa_filter-color-grau","10":"pa_filter-color-schwarz","12":"first","13":"instock","14":"sale","15":"taxable","16":"shipping-taxable","17":"purchasable","18":"product-type-variable","19":"add-to-wishlist-before_image"},"exclude_global_add_ons":[],"addons":[],"acf":[],"_links":{"self":[{"href":"https:\/\/shop.kustom.ch\/fr\/wp-json\/wp\/v2\/product\/545923"}],"collection":[{"href":"https:\/\/shop.kustom.ch\/fr\/wp-json\/wp\/v2\/product"}],"about":[{"href":"https:\/\/shop.kustom.ch\/fr\/wp-json\/wp\/v2\/types\/product"}],"wp:featuredmedia":[{"embeddable":true,"href":"https:\/\/shop.kustom.ch\/fr\/wp-json\/wp\/v2\/media\/545937"}],"wp:attachment":[{"href":"https:\/\/shop.kustom.ch\/fr\/wp-json\/wp\/v2\/media?parent=545923"}],"wp:term":[{"taxonomy":"product_brand","embeddable":true,"href":"https:\/\/shop.kustom.ch\/fr\/wp-json\/wp\/v2\/product_brand?post=545923"},{"taxonomy":"product_cat","embeddable":true,"href":"https:\/\/shop.kustom.ch\/fr\/wp-json\/wp\/v2\/product_cat?post=545923"},{"taxonomy":"product_tag","embeddable":true,"href":"https:\/\/shop.kustom.ch\/fr\/wp-json\/wp\/v2\/product_tag?post=545923"}],"curies":[{"name":"wp","href":"https:\/\/api.w.org\/{rel}","templated":true}]}}