{"id":545215,"date":"2025-03-04T00:55:27","date_gmt":"2025-03-03T23:55:27","guid":{"rendered":"https:\/\/shop.kustom.ch\/?post_type=product&#038;p=545215"},"modified":"2026-03-30T13:18:46","modified_gmt":"2026-03-30T12:18:46","slug":"funktionsunterhemd-kurzarm-crossover","status":"publish","type":"product","link":"https:\/\/shop.kustom.ch\/fr\/produit\/funktionsunterhemd-kurzarm-crossover\/","title":{"rendered":"Maillot de corps fonctionnel, manches courtes CROSSOVER"},"content":{"rendered":"<p>COOLMAX\u00ae est un tissu au m\u00e8tre l\u00e9ger, doux et \u00e9lastique, \u00e0 une seule couche. Transporte l'humidit\u00e9. S\u00e9chage rapide. Encolure ronde.<\/p>\n<p>OEKO-TEX\u00ae STANDARD 100<br \/>\nPolyester 100% (COOLMAX\u00ae PRO)<br \/>\nTricot \u00e0 c\u00f4tes.<br \/>\n190 g\/m\u00b2 (1,5 lb)<br \/>\nLavage couleur, max. 60\u00b0 C ; Pas de blanchiment ; Supporte le s\u00e8che-linge - temp\u00e9rature de d\u00e9part max. 80\u00b0 C ; Repassage \u00e0 temp\u00e9rature moyenne, max. 150\u00b0 C ; Supporte le nettoyage normal<\/p>\n<p><a href=\"https:\/\/mascotsitecore-1ccb8.kxcdn.com\/pdf\/00597-350-01-de.pdf\" target=\"_blank\" rel=\"noopener\"><u>Ouvrir la fiche produit<\/u><\/a><\/p>","protected":false},"excerpt":{"rendered":"<ul>\n<li>COOLMAX\u00ae assure un transport efficace de l'humidit\u00e9, garde le corps au sec et emp\u00eache le refroidissement.<\/li>\n<li>S\u00e9chage rapide - important pour \u00e9viter le refroidissement du corps.<\/li>\n<li>Gr\u00e2ce \u00e0 son \u00e9lasticit\u00e9, la coupe convient aussi bien aux hommes qu'aux femmes.<\/li>\n<\/ul>","protected":false},"featured_media":545265,"template":"","meta":[],"product_brand":[],"product_cat":[4206],"product_tag":[],"class_list":{"0":"post-545215","1":"product","2":"type-product","3":"status-publish","4":"has-post-thumbnail","6":"product_cat-underwear","7":"pa_brand-mascot","8":"pa_brand-type-workwear","9":"pa_filter-color-blau","11":"first","12":"instock","13":"sale","14":"taxable","15":"shipping-taxable","16":"purchasable","17":"product-type-variable","18":"add-to-wishlist-before_image"},"exclude_global_add_ons":[],"addons":[],"acf":[],"_links":{"self":[{"href":"https:\/\/shop.kustom.ch\/fr\/wp-json\/wp\/v2\/product\/545215"}],"collection":[{"href":"https:\/\/shop.kustom.ch\/fr\/wp-json\/wp\/v2\/product"}],"about":[{"href":"https:\/\/shop.kustom.ch\/fr\/wp-json\/wp\/v2\/types\/product"}],"wp:featuredmedia":[{"embeddable":true,"href":"https:\/\/shop.kustom.ch\/fr\/wp-json\/wp\/v2\/media\/545265"}],"wp:attachment":[{"href":"https:\/\/shop.kustom.ch\/fr\/wp-json\/wp\/v2\/media?parent=545215"}],"wp:term":[{"taxonomy":"product_brand","embeddable":true,"href":"https:\/\/shop.kustom.ch\/fr\/wp-json\/wp\/v2\/product_brand?post=545215"},{"taxonomy":"product_cat","embeddable":true,"href":"https:\/\/shop.kustom.ch\/fr\/wp-json\/wp\/v2\/product_cat?post=545215"},{"taxonomy":"product_tag","embeddable":true,"href":"https:\/\/shop.kustom.ch\/fr\/wp-json\/wp\/v2\/product_tag?post=545215"}],"curies":[{"name":"wp","href":"https:\/\/api.w.org\/{rel}","templated":true}]}}