{"id":545208,"date":"2025-03-04T00:55:26","date_gmt":"2025-03-03T23:55:26","guid":{"rendered":"https:\/\/shop.kustom.ch\/?post_type=product&#038;p=545208"},"modified":"2026-03-30T13:18:44","modified_gmt":"2026-03-30T12:18:44","slug":"funktionsunterhemd-crossover-3","status":"publish","type":"product","link":"https:\/\/shop.kustom.ch\/fr\/produit\/funktionsunterhemd-crossover-3\/","title":{"rendered":"Maillot de corps fonctionnel CROSSOVER"},"content":{"rendered":"<p>Thermax\u00ae est un tissu isolant thermique \u00e0 trois couches au m\u00e8tre. Transporte l'humidit\u00e9. Turtleneck et fermeture \u00e9clair courte au cou.<\/p>\n<p>OEKO-TEX\u00ae STANDARD 100<br \/>\n55% Polyester\/23% Modal\/22% Coton<br \/>\nTricot \u00e0 c\u00f4tes.<br \/>\n260 g\/m<br \/>\nLavage de couleur, max. 60\u00b0 C ; Pas de blanchiment ; Pas de s\u00e9chage en tambour ; Repassage \u00e0 temp\u00e9rature moyenne, max. 150\u00b0 C ; Supporte le nettoyage normal<\/p>\n<p><a href=\"https:\/\/mascotsitecore-1ccb8.kxcdn.com\/pdf\/00596-380-01-de.pdf\" target=\"_blank\" rel=\"noopener\"><u>Ouvrir la fiche produit<\/u><\/a><\/p>","protected":false},"excerpt":{"rendered":"<ul>\n<li>Thermax\u00ae est un mat\u00e9riau triple couche qui isole et \u00e9vacue l'humidit\u00e9.<\/li>\n<li>Col montant avec fermeture \u00e9clair courte.<\/li>\n<li>Le transport efficace de l'humidit\u00e9 maintient la peau au sec et emp\u00eache le refroidissement.<\/li>\n<li>Les boucles dans le tissu \u00e9ponge retiennent l'air et isolent.<\/li>\n<\/ul>","protected":false},"featured_media":545264,"template":"","meta":[],"product_brand":[],"product_cat":[4206],"product_tag":[],"class_list":{"0":"post-545208","1":"product","2":"type-product","3":"status-publish","4":"has-post-thumbnail","6":"product_cat-underwear","7":"pa_brand-mascot","8":"pa_brand-type-workwear","9":"pa_filter-color-blau","11":"first","12":"instock","13":"sale","14":"taxable","15":"shipping-taxable","16":"purchasable","17":"product-type-variable","18":"add-to-wishlist-before_image"},"exclude_global_add_ons":[],"addons":[],"acf":[],"_links":{"self":[{"href":"https:\/\/shop.kustom.ch\/fr\/wp-json\/wp\/v2\/product\/545208"}],"collection":[{"href":"https:\/\/shop.kustom.ch\/fr\/wp-json\/wp\/v2\/product"}],"about":[{"href":"https:\/\/shop.kustom.ch\/fr\/wp-json\/wp\/v2\/types\/product"}],"wp:featuredmedia":[{"embeddable":true,"href":"https:\/\/shop.kustom.ch\/fr\/wp-json\/wp\/v2\/media\/545264"}],"wp:attachment":[{"href":"https:\/\/shop.kustom.ch\/fr\/wp-json\/wp\/v2\/media?parent=545208"}],"wp:term":[{"taxonomy":"product_brand","embeddable":true,"href":"https:\/\/shop.kustom.ch\/fr\/wp-json\/wp\/v2\/product_brand?post=545208"},{"taxonomy":"product_cat","embeddable":true,"href":"https:\/\/shop.kustom.ch\/fr\/wp-json\/wp\/v2\/product_cat?post=545208"},{"taxonomy":"product_tag","embeddable":true,"href":"https:\/\/shop.kustom.ch\/fr\/wp-json\/wp\/v2\/product_tag?post=545208"}],"curies":[{"name":"wp","href":"https:\/\/api.w.org\/{rel}","templated":true}]}}