{"id":545148,"date":"2025-03-04T00:53:43","date_gmt":"2025-03-03T23:53:43","guid":{"rendered":"https:\/\/shop.kustom.ch\/?post_type=product&#038;p=545148"},"modified":"2026-03-30T13:18:26","modified_gmt":"2026-03-30T12:18:26","slug":"hemd-kurzarm-crossover","status":"publish","type":"product","link":"https:\/\/shop.kustom.ch\/fr\/produit\/hemd-kurzarm-crossover\/","title":{"rendered":"Chemise, manches courtes CROSSOVER"},"content":{"rendered":"<p>Premium. Mod\u00e8le long, avec une grande libert\u00e9 de mouvement. Coutures rabattues doubles sur les manches et les c\u00f4t\u00e9s. Patte de boutonnage. Col avec baguettes de col. Epaulettes d\u00e9tachables. Poches poitrine avec rabat. Porte-stylo pour stylo. Plis d'extension dans le dos.<\/p>\n<p>OEKO-TEX\u00ae STANDARD 100<br \/>\n50% Coton\/50% Polyester<br \/>\nTissu en serg\u00e9. Peut r\u00e9tr\u00e9cir 1-2%.<br \/>\n205 g\/m\u00b2 (1,5 lb)<br \/>\nLavage couleur, max. 60\u00b0 C ; Pas de blanchiment ; Supporte le s\u00e8che-linge - temp\u00e9rature de d\u00e9part max. 80\u00b0 C ; Repassage \u00e0 basse temp\u00e9rature, max. 100\u00b0 C ; Supporte le nettoyage normal<\/p>\n<p><a href=\"https:\/\/mascotsitecore-1ccb8.kxcdn.com\/pdf\/00503-230-01-de.pdf\" target=\"_blank\" rel=\"noopener\"><u>Ouvrir la fiche produit<\/u><\/a><\/p>","protected":false},"excerpt":{"rendered":"<ul>\n<li>Mod\u00e8le extra long, avec une coupe g\u00e9n\u00e9reuse et un soufflet d'extension dans le dos.<\/li>\n<li>Patte de boutonnage.<\/li>\n<li>Col avec baguettes de col.<\/li>\n<li>Poches poitrine avec rabat.<\/li>\n<li>Epaulettes d\u00e9tachables.<\/li>\n<\/ul>","protected":false},"featured_media":545223,"template":"","meta":[],"product_brand":[],"product_cat":[9874],"product_tag":[],"class_list":{"0":"post-545148","1":"product","2":"type-product","3":"status-publish","4":"has-post-thumbnail","6":"product_cat-hemden","7":"pa_brand-mascot","8":"pa_brand-type-workwear","9":"pa_filter-color-blau","11":"first","12":"instock","13":"sale","14":"taxable","15":"shipping-taxable","16":"purchasable","17":"product-type-variable","18":"add-to-wishlist-before_image"},"exclude_global_add_ons":[],"addons":[],"acf":[],"_links":{"self":[{"href":"https:\/\/shop.kustom.ch\/fr\/wp-json\/wp\/v2\/product\/545148"}],"collection":[{"href":"https:\/\/shop.kustom.ch\/fr\/wp-json\/wp\/v2\/product"}],"about":[{"href":"https:\/\/shop.kustom.ch\/fr\/wp-json\/wp\/v2\/types\/product"}],"wp:featuredmedia":[{"embeddable":true,"href":"https:\/\/shop.kustom.ch\/fr\/wp-json\/wp\/v2\/media\/545223"}],"wp:attachment":[{"href":"https:\/\/shop.kustom.ch\/fr\/wp-json\/wp\/v2\/media?parent=545148"}],"wp:term":[{"taxonomy":"product_brand","embeddable":true,"href":"https:\/\/shop.kustom.ch\/fr\/wp-json\/wp\/v2\/product_brand?post=545148"},{"taxonomy":"product_cat","embeddable":true,"href":"https:\/\/shop.kustom.ch\/fr\/wp-json\/wp\/v2\/product_cat?post=545148"},{"taxonomy":"product_tag","embeddable":true,"href":"https:\/\/shop.kustom.ch\/fr\/wp-json\/wp\/v2\/product_tag?post=545148"}],"curies":[{"name":"wp","href":"https:\/\/api.w.org\/{rel}","templated":true}]}}