{"id":545146,"date":"2025-03-04T00:53:43","date_gmt":"2025-03-03T23:53:43","guid":{"rendered":"https:\/\/shop.kustom.ch\/?post_type=product&#038;p=545146"},"modified":"2026-03-30T13:18:24","modified_gmt":"2026-03-30T12:18:24","slug":"balaclava-complete-2","status":"publish","type":"product","link":"https:\/\/shop.kustom.ch\/fr\/produit\/balaclava-complete-2\/","title":{"rendered":"Balaclava COMPLETE"},"content":{"rendered":"<p>Con\u00e7u pour des conditions extr\u00eamement froides. Thermax\u00ae est un mat\u00e9riau \u00e9lastique, isolant et \u00e9vacuant l'humidit\u00e9, compos\u00e9 de trois couches.<\/p>\n<p>OEKO-TEX\u00ae STANDARD 100<br \/>\n55% Polyester\/23% Modal\/22% Coton<br \/>\nTricot \u00e0 c\u00f4tes.<br \/>\n260 g\/m<br \/>\nLavage de couleur, max. 60\u00b0 C ; Pas de blanchiment ; Pas de s\u00e9chage en tambour ; Repassage \u00e0 temp\u00e9rature moyenne, max. 150\u00b0 C ; Supporte le nettoyage normal<\/p>\n<p><a href=\"https:\/\/mascotsitecore-1ccb8.kxcdn.com\/pdf\/50604-380-09-de.pdf\" target=\"_blank\" rel=\"noopener\"><u>Ouvrir la fiche produit<\/u><\/a><\/p>","protected":false},"excerpt":{"rendered":"<ul>\n<li>Thermax\u00ae est un mat\u00e9riau triple couche qui isole et \u00e9vacue l'humidit\u00e9.<\/li>\n<li>Con\u00e7u pour des conditions extr\u00eamement froides.<\/li>\n<\/ul>","protected":false},"featured_media":545222,"template":"","meta":[],"product_brand":[],"product_cat":[9643,4177],"product_tag":[],"class_list":{"0":"post-545146","1":"product","2":"type-product","3":"status-publish","4":"has-post-thumbnail","6":"product_cat-equipment","7":"product_cat-caps-muetzen","8":"pa_brand-mascot","9":"pa_brand-type-workwear","10":"pa_filter-color-schwarz","12":"first","13":"instock","14":"sale","15":"taxable","16":"shipping-taxable","17":"purchasable","18":"product-type-variable","19":"add-to-wishlist-before_image"},"exclude_global_add_ons":[],"addons":[],"acf":[],"_links":{"self":[{"href":"https:\/\/shop.kustom.ch\/fr\/wp-json\/wp\/v2\/product\/545146"}],"collection":[{"href":"https:\/\/shop.kustom.ch\/fr\/wp-json\/wp\/v2\/product"}],"about":[{"href":"https:\/\/shop.kustom.ch\/fr\/wp-json\/wp\/v2\/types\/product"}],"wp:featuredmedia":[{"embeddable":true,"href":"https:\/\/shop.kustom.ch\/fr\/wp-json\/wp\/v2\/media\/545222"}],"wp:attachment":[{"href":"https:\/\/shop.kustom.ch\/fr\/wp-json\/wp\/v2\/media?parent=545146"}],"wp:term":[{"taxonomy":"product_brand","embeddable":true,"href":"https:\/\/shop.kustom.ch\/fr\/wp-json\/wp\/v2\/product_brand?post=545146"},{"taxonomy":"product_cat","embeddable":true,"href":"https:\/\/shop.kustom.ch\/fr\/wp-json\/wp\/v2\/product_cat?post=545146"},{"taxonomy":"product_tag","embeddable":true,"href":"https:\/\/shop.kustom.ch\/fr\/wp-json\/wp\/v2\/product_tag?post=545146"}],"curies":[{"name":"wp","href":"https:\/\/api.w.org\/{rel}","templated":true}]}}