{"id":545138,"date":"2025-03-04T00:53:42","date_gmt":"2025-03-03T23:53:42","guid":{"rendered":"https:\/\/shop.kustom.ch\/?post_type=product&#038;p=545138"},"modified":"2026-03-30T13:17:59","modified_gmt":"2026-03-30T12:17:59","slug":"guertel-complete-6","status":"publish","type":"product","link":"https:\/\/shop.kustom.ch\/fr\/produit\/guertel-complete-6\/","title":{"rendered":"Ceinture COMPLETE"},"content":{"rendered":"<p>Tissu flexible qui s'adapte \u00e0 la forme du corps. Les parties m\u00e9talliques sont exemptes de nickel, conform\u00e9ment aux exigences de l'UE. Qualit\u00e9 robuste qui assure une bonne tenue du pantalon, m\u00eame lorsque les poches sont remplies d'outils. Largeur de la ceinture : 4,5 cm.<br \/>\n55% Polypropyl\u00e8ne\/30% \u00c9lasthanne\/15% Polyester<br \/>\nNe pas laver ; Ne pas blanchir ; Ne pas s\u00e9cher au s\u00e8che-linge ; Ne pas repasser ; Ne convient pas au nettoyage \u00e0 sec<\/p>\n<p><a href=\"https:\/\/mascotsitecore-1ccb8.kxcdn.com\/pdf\/50456-990-09-de.pdf\" target=\"_blank\" rel=\"noopener\"><u>Ouvrir la fiche produit<\/u><\/a><\/p>","protected":false},"excerpt":{"rendered":"<ul>\n<li>Mat\u00e9riau \u00e9lastique qui s'adapte au corps.<\/li>\n<li>La boucle et l'extr\u00e9mit\u00e9 de la ceinture ne contiennent pas de nickel, conform\u00e9ment aux exigences de l'UE.<\/li>\n<li>Qualit\u00e9 robuste qui assure une bonne tenue du pantalon, m\u00eame lorsque les poches sont remplies d'outils.<\/li>\n<\/ul>","protected":false},"featured_media":545201,"template":"","meta":[],"product_brand":[],"product_cat":[9643,4178],"product_tag":[],"class_list":{"0":"post-545138","1":"product","2":"type-product","3":"status-publish","4":"has-post-thumbnail","6":"product_cat-equipment","7":"product_cat-guertel","8":"pa_brand-mascot","9":"pa_brand-type-workwear","10":"pa_filter-color-schwarz","12":"first","13":"instock","14":"sale","15":"taxable","16":"shipping-taxable","17":"purchasable","18":"product-type-variable","19":"add-to-wishlist-before_image"},"exclude_global_add_ons":[],"addons":[],"acf":[],"_links":{"self":[{"href":"https:\/\/shop.kustom.ch\/fr\/wp-json\/wp\/v2\/product\/545138"}],"collection":[{"href":"https:\/\/shop.kustom.ch\/fr\/wp-json\/wp\/v2\/product"}],"about":[{"href":"https:\/\/shop.kustom.ch\/fr\/wp-json\/wp\/v2\/types\/product"}],"wp:featuredmedia":[{"embeddable":true,"href":"https:\/\/shop.kustom.ch\/fr\/wp-json\/wp\/v2\/media\/545201"}],"wp:attachment":[{"href":"https:\/\/shop.kustom.ch\/fr\/wp-json\/wp\/v2\/media?parent=545138"}],"wp:term":[{"taxonomy":"product_brand","embeddable":true,"href":"https:\/\/shop.kustom.ch\/fr\/wp-json\/wp\/v2\/product_brand?post=545138"},{"taxonomy":"product_cat","embeddable":true,"href":"https:\/\/shop.kustom.ch\/fr\/wp-json\/wp\/v2\/product_cat?post=545138"},{"taxonomy":"product_tag","embeddable":true,"href":"https:\/\/shop.kustom.ch\/fr\/wp-json\/wp\/v2\/product_tag?post=545138"}],"curies":[{"name":"wp","href":"https:\/\/api.w.org\/{rel}","templated":true}]}}