{"id":545126,"date":"2025-03-04T00:53:07","date_gmt":"2025-03-03T23:53:07","guid":{"rendered":"https:\/\/shop.kustom.ch\/?post_type=product&#038;p=545126"},"modified":"2026-03-30T13:17:57","modified_gmt":"2026-03-30T12:17:57","slug":"socken-complete-8","status":"publish","type":"product","link":"https:\/\/shop.kustom.ch\/fr\/produit\/socken-complete-8\/","title":{"rendered":"Chaussettes COMPLETE"},"content":{"rendered":"<p>Qualit\u00e9 robuste. Les chaussettes contiennent de la laine chaude. Les parties du talon et des orteils sont renforc\u00e9es. Conviennent pour les chaussures robustes et ferm\u00e9es, les bottes et les bottes en caoutchouc.<\/p>\n<p>OEKO-TEX\u00ae STANDARD 100<br \/>\n33% Laine\/33% Polyacrylique\/32% Polyamide\/2% \u00c9lasthanne<br \/>\n85 g par paire<br \/>\nLinge d\u00e9licat, max. 30\u00b0 C ; Pas de blanchiment ; Pas de s\u00e9chage en tambour ; Pas de repassage ; Ne convient pas au nettoyage \u00e0 sec<\/p>\n<p><a href=\"https:\/\/mascotsitecore-1ccb8.kxcdn.com\/pdf\/50455-914-09-de.pdf\" target=\"_blank\" rel=\"noopener\"><u>Ouvrir la fiche produit<\/u><\/a><\/p>","protected":false},"excerpt":{"rendered":"<ul>\n<li>Chaussettes robustes.<\/li>\n<li>Contient de la laine qui isole et am\u00e9liore le confort par temps froid.<\/li>\n<li>Un talon et des orteils renforc\u00e9s augmentent la r\u00e9sistance et offrent une protection suppl\u00e9mentaire.<\/li>\n<li>Convient pour les chaussures ferm\u00e9es.<\/li>\n<\/ul>","protected":false},"featured_media":545200,"template":"","meta":[],"product_brand":[],"product_cat":[4199],"product_tag":[],"class_list":{"0":"post-545126","1":"product","2":"type-product","3":"status-publish","4":"has-post-thumbnail","6":"product_cat-socken","7":"pa_brand-mascot","8":"pa_brand-type-workwear","9":"pa_filter-color-schwarz","11":"first","12":"instock","13":"sale","14":"taxable","15":"shipping-taxable","16":"purchasable","17":"product-type-variable","18":"add-to-wishlist-before_image"},"exclude_global_add_ons":[],"addons":[],"acf":[],"_links":{"self":[{"href":"https:\/\/shop.kustom.ch\/fr\/wp-json\/wp\/v2\/product\/545126"}],"collection":[{"href":"https:\/\/shop.kustom.ch\/fr\/wp-json\/wp\/v2\/product"}],"about":[{"href":"https:\/\/shop.kustom.ch\/fr\/wp-json\/wp\/v2\/types\/product"}],"wp:featuredmedia":[{"embeddable":true,"href":"https:\/\/shop.kustom.ch\/fr\/wp-json\/wp\/v2\/media\/545200"}],"wp:attachment":[{"href":"https:\/\/shop.kustom.ch\/fr\/wp-json\/wp\/v2\/media?parent=545126"}],"wp:term":[{"taxonomy":"product_brand","embeddable":true,"href":"https:\/\/shop.kustom.ch\/fr\/wp-json\/wp\/v2\/product_brand?post=545126"},{"taxonomy":"product_cat","embeddable":true,"href":"https:\/\/shop.kustom.ch\/fr\/wp-json\/wp\/v2\/product_cat?post=545126"},{"taxonomy":"product_tag","embeddable":true,"href":"https:\/\/shop.kustom.ch\/fr\/wp-json\/wp\/v2\/product_tag?post=545126"}],"curies":[{"name":"wp","href":"https:\/\/api.w.org\/{rel}","templated":true}]}}