{"id":545122,"date":"2025-03-04T00:53:06","date_gmt":"2025-03-03T23:53:06","guid":{"rendered":"https:\/\/shop.kustom.ch\/?post_type=product&#038;p=545122"},"modified":"2026-03-30T13:17:55","modified_gmt":"2026-03-30T12:17:55","slug":"socken-complete-7","status":"publish","type":"product","link":"https:\/\/shop.kustom.ch\/fr\/produit\/socken-complete-7\/","title":{"rendered":"Chaussettes COMPLETE"},"content":{"rendered":"<p>Qualit\u00e9 robuste. La composition du mat\u00e9riau assure un grand confort. Les parties du talon et des orteils sont renforc\u00e9es. Des renforts souples au niveau de la semelle assurent un confort de port particuli\u00e8rement agr\u00e9able. Convient aux chaussures robustes et ferm\u00e9es, aux bottes et aux bottes en caoutchouc.<\/p>\n<p>OEKO-TEX\u00ae STANDARD 100<br \/>\n34% coton\/32% polyamide\/29% polyester\/3% viscose\/2% \u00e9lasthanne<br \/>\n70 g par paire<br \/>\nLinge d\u00e9licat, max. 40\u00b0 C ; Pas de blanchiment ; Supporte le s\u00e8che-linge - temp\u00e9rature de d\u00e9part max. 80\u00b0 C ; Pas de repassage ; Ne convient pas au nettoyage \u00e0 sec<\/p>\n<p><a href=\"https:\/\/mascotsitecore-1ccb8.kxcdn.com\/pdf\/50454-913-09-de.pdf\" target=\"_blank\" rel=\"noopener\"><u>Ouvrir la fiche produit<\/u><\/a><\/p>","protected":false},"excerpt":{"rendered":"<ul>\n<li>Chaussettes robustes.<\/li>\n<li>Un talon et des orteils renforc\u00e9s augmentent la r\u00e9sistance et offrent une protection suppl\u00e9mentaire.<\/li>\n<\/ul>","protected":false},"featured_media":545199,"template":"","meta":[],"product_brand":[],"product_cat":[4199],"product_tag":[],"class_list":{"0":"post-545122","1":"product","2":"type-product","3":"status-publish","4":"has-post-thumbnail","6":"product_cat-socken","7":"pa_brand-mascot","8":"pa_brand-type-workwear","9":"pa_filter-color-schwarz","11":"first","12":"instock","13":"sale","14":"taxable","15":"shipping-taxable","16":"purchasable","17":"product-type-variable","18":"add-to-wishlist-before_image"},"exclude_global_add_ons":[],"addons":[],"acf":[],"_links":{"self":[{"href":"https:\/\/shop.kustom.ch\/fr\/wp-json\/wp\/v2\/product\/545122"}],"collection":[{"href":"https:\/\/shop.kustom.ch\/fr\/wp-json\/wp\/v2\/product"}],"about":[{"href":"https:\/\/shop.kustom.ch\/fr\/wp-json\/wp\/v2\/types\/product"}],"wp:featuredmedia":[{"embeddable":true,"href":"https:\/\/shop.kustom.ch\/fr\/wp-json\/wp\/v2\/media\/545199"}],"wp:attachment":[{"href":"https:\/\/shop.kustom.ch\/fr\/wp-json\/wp\/v2\/media?parent=545122"}],"wp:term":[{"taxonomy":"product_brand","embeddable":true,"href":"https:\/\/shop.kustom.ch\/fr\/wp-json\/wp\/v2\/product_brand?post=545122"},{"taxonomy":"product_cat","embeddable":true,"href":"https:\/\/shop.kustom.ch\/fr\/wp-json\/wp\/v2\/product_cat?post=545122"},{"taxonomy":"product_tag","embeddable":true,"href":"https:\/\/shop.kustom.ch\/fr\/wp-json\/wp\/v2\/product_tag?post=545122"}],"curies":[{"name":"wp","href":"https:\/\/api.w.org\/{rel}","templated":true}]}}