{"id":545092,"date":"2025-03-04T00:52:34","date_gmt":"2025-03-03T23:52:34","guid":{"rendered":"https:\/\/shop.kustom.ch\/?post_type=product&#038;p=545092"},"modified":"2026-03-30T13:17:45","modified_gmt":"2026-03-30T12:17:45","slug":"socken-complete-4","status":"publish","type":"product","link":"https:\/\/shop.kustom.ch\/fr\/produit\/socken-complete-4\/","title":{"rendered":"Chaussettes COMPLETE"},"content":{"rendered":"<p>Transporte l'humidit\u00e9. Le mat\u00e9riau garde le pied au sec. L'\u00e9lasthanne stabilise et assure une bonne tenue. Les parties du talon et des orteils sont renforc\u00e9es. Des renforts souples au niveau de la semelle assurent un confort particuli\u00e8rement agr\u00e9able. Les chaussettes sont sp\u00e9cialement adapt\u00e9es au pied droit ou gauche afin de les soutenir de mani\u00e8re optimale. Convient \u00e0 tous les produits MASCOT\u00ae FOOTWEAR.<\/p>\n<p>OEKO-TEX\u00ae STANDARD 100<br \/>\n39% polyester (COOLMAX\u00ae)\/35% coton\/24% polyamide\/2% \u00e9lasthanne (LYCRA\u00ae)<br \/>\n74 g par paire<br \/>\nLinge d\u00e9licat, max. 30\u00b0 C ; Pas de blanchiment ; Pas de s\u00e9chage en tambour ; Pas de repassage ; Ne convient pas au nettoyage \u00e0 sec<\/p>\n<p><a href=\"https:\/\/mascotsitecore-1ccb8.kxcdn.com\/pdf\/50410-881-0918-de.pdf\" target=\"_blank\" rel=\"noopener\"><u>Ouvrir la fiche produit<\/u><\/a><\/p>","protected":false},"excerpt":{"rendered":"<ul>\n<li>COOLMAX\u00ae assure un transport efficace de l'humidit\u00e9, garde le corps au sec et emp\u00eache le refroidissement.<\/li>\n<li>La forme des chaussettes a \u00e9t\u00e9 sp\u00e9cialement adapt\u00e9e au pied droit et au pied gauche afin d'offrir un soutien optimal.<\/li>\n<li>Le mat\u00e9riau \u00e9lastique stabilise et assure une bonne tenue de la chaussette sur le pied.<\/li>\n<li>Un talon et des orteils renforc\u00e9s augmentent la r\u00e9sistance et offrent une protection suppl\u00e9mentaire.<\/li>\n<\/ul>","protected":false},"featured_media":545178,"template":"","meta":[],"product_brand":[],"product_cat":[4199],"product_tag":[],"class_list":{"0":"post-545092","1":"product","2":"type-product","3":"status-publish","4":"has-post-thumbnail","6":"product_cat-socken","7":"pa_brand-mascot","8":"pa_brand-type-workwear","9":"pa_filter-color-grau","10":"pa_filter-color-schwarz","12":"first","13":"instock","14":"sale","15":"taxable","16":"shipping-taxable","17":"purchasable","18":"product-type-variable","19":"add-to-wishlist-before_image"},"exclude_global_add_ons":[],"addons":[],"acf":[],"_links":{"self":[{"href":"https:\/\/shop.kustom.ch\/fr\/wp-json\/wp\/v2\/product\/545092"}],"collection":[{"href":"https:\/\/shop.kustom.ch\/fr\/wp-json\/wp\/v2\/product"}],"about":[{"href":"https:\/\/shop.kustom.ch\/fr\/wp-json\/wp\/v2\/types\/product"}],"wp:featuredmedia":[{"embeddable":true,"href":"https:\/\/shop.kustom.ch\/fr\/wp-json\/wp\/v2\/media\/545178"}],"wp:attachment":[{"href":"https:\/\/shop.kustom.ch\/fr\/wp-json\/wp\/v2\/media?parent=545092"}],"wp:term":[{"taxonomy":"product_brand","embeddable":true,"href":"https:\/\/shop.kustom.ch\/fr\/wp-json\/wp\/v2\/product_brand?post=545092"},{"taxonomy":"product_cat","embeddable":true,"href":"https:\/\/shop.kustom.ch\/fr\/wp-json\/wp\/v2\/product_cat?post=545092"},{"taxonomy":"product_tag","embeddable":true,"href":"https:\/\/shop.kustom.ch\/fr\/wp-json\/wp\/v2\/product_tag?post=545092"}],"curies":[{"name":"wp","href":"https:\/\/api.w.org\/{rel}","templated":true}]}}