{"id":545089,"date":"2025-03-04T00:52:34","date_gmt":"2025-03-03T23:52:34","guid":{"rendered":"https:\/\/shop.kustom.ch\/?post_type=product&#038;p=545089"},"modified":"2026-03-30T13:17:43","modified_gmt":"2026-03-30T12:17:43","slug":"socken-complete-3","status":"publish","type":"product","link":"https:\/\/shop.kustom.ch\/fr\/produit\/socken-complete-3\/","title":{"rendered":"Chaussettes COMPLETE"},"content":{"rendered":"<p>Qualit\u00e9 l\u00e9g\u00e8re. Respirant, absorbant l'humidit\u00e9 et r\u00e9sistant. L'\u00e9lasthanne stabilise et assure une bonne tenue. Des renforts souples au niveau de la semelle assurent un confort de port particuli\u00e8rement agr\u00e9able. Le mat\u00e9riau ne forme pas de plis abrasifs. Convient pour les sandales, les bottes l\u00e9g\u00e8res et les chaussures de sport.<\/p>\n<p>OEKO-TEX\u00ae STANDARD 100<br \/>\n80% Coton\/19% Polyamide\/1% \u00c9lasthanne<br \/>\n61 g par paire<br \/>\nLinge d\u00e9licat, max. 30\u00b0 C ; Pas de blanchiment ; Pas de s\u00e9chage en tambour ; Pas de repassage ; Ne convient pas au nettoyage \u00e0 sec<\/p>\n<p><a href=\"https:\/\/mascotsitecore-1ccb8.kxcdn.com\/pdf\/50407-875-1809-de.pdf\" target=\"_blank\" rel=\"noopener\"><u>Ouvrir la fiche produit<\/u><\/a><\/p>","protected":false},"excerpt":{"rendered":"<ul>\n<li>Mat\u00e9riel l\u00e9ger.<\/li>\n<li>Respirant, absorbant l'humidit\u00e9 et r\u00e9sistant.<\/li>\n<li>Le mat\u00e9riau \u00e9lastique stabilise et assure une bonne tenue de la chaussette sur le pied.<\/li>\n<li>Le rembourrage en \u00e9ponge de la semelle offre une protection et une r\u00e9sistance suppl\u00e9mentaires.<\/li>\n<\/ul>","protected":false},"featured_media":545160,"template":"","meta":[],"product_brand":[],"product_cat":[4199],"product_tag":[],"class_list":{"0":"post-545089","1":"product","2":"type-product","3":"status-publish","4":"has-post-thumbnail","6":"product_cat-socken","7":"pa_brand-mascot","8":"pa_brand-type-workwear","9":"pa_filter-color-grau","10":"pa_filter-color-schwarz","12":"first","13":"instock","14":"sale","15":"taxable","16":"shipping-taxable","17":"purchasable","18":"product-type-variable","19":"add-to-wishlist-before_image"},"exclude_global_add_ons":[],"addons":[],"acf":[],"_links":{"self":[{"href":"https:\/\/shop.kustom.ch\/fr\/wp-json\/wp\/v2\/product\/545089"}],"collection":[{"href":"https:\/\/shop.kustom.ch\/fr\/wp-json\/wp\/v2\/product"}],"about":[{"href":"https:\/\/shop.kustom.ch\/fr\/wp-json\/wp\/v2\/types\/product"}],"wp:featuredmedia":[{"embeddable":true,"href":"https:\/\/shop.kustom.ch\/fr\/wp-json\/wp\/v2\/media\/545160"}],"wp:attachment":[{"href":"https:\/\/shop.kustom.ch\/fr\/wp-json\/wp\/v2\/media?parent=545089"}],"wp:term":[{"taxonomy":"product_brand","embeddable":true,"href":"https:\/\/shop.kustom.ch\/fr\/wp-json\/wp\/v2\/product_brand?post=545089"},{"taxonomy":"product_cat","embeddable":true,"href":"https:\/\/shop.kustom.ch\/fr\/wp-json\/wp\/v2\/product_cat?post=545089"},{"taxonomy":"product_tag","embeddable":true,"href":"https:\/\/shop.kustom.ch\/fr\/wp-json\/wp\/v2\/product_tag?post=545089"}],"curies":[{"name":"wp","href":"https:\/\/api.w.org\/{rel}","templated":true}]}}