{"id":545086,"date":"2025-03-04T00:52:33","date_gmt":"2025-03-03T23:52:33","guid":{"rendered":"https:\/\/shop.kustom.ch\/?post_type=product&#038;p=545086"},"modified":"2026-03-30T13:17:41","modified_gmt":"2026-03-30T12:17:41","slug":"socken-complete-2","status":"publish","type":"product","link":"https:\/\/shop.kustom.ch\/fr\/produit\/socken-complete-2\/","title":{"rendered":"Chaussettes COMPLETE"},"content":{"rendered":"<p>Qualit\u00e9 robuste. Transporte l'humidit\u00e9. Le mat\u00e9riau garde le pied au sec. La composition du mat\u00e9riau offre un grand confort et une grande respirabilit\u00e9. L'\u00e9lasthanne stabilise et assure une bonne tenue. Les parties du talon et des orteils sont renforc\u00e9es. Convient aux chaussures fortes et ferm\u00e9es, aux bottes et aux bottes en caoutchouc.<\/p>\n<p>OEKO-TEX\u00ae STANDARD 100<br \/>\n86% polyester (COOLMAX\u00ae PRO)\/13% polyamide\/1% \u00e9lasthanne (LYCRA\u00ae)<br \/>\n95 g par paire<br \/>\nLinge d\u00e9licat, max. 30\u00b0 C ; Pas de blanchiment ; Pas de s\u00e9chage en tambour ; Pas de repassage ; Ne convient pas au nettoyage \u00e0 sec<\/p>\n<p><a href=\"https:\/\/mascotsitecore-1ccb8.kxcdn.com\/pdf\/50406-877-A42-de.pdf\" target=\"_blank\" rel=\"noopener\"><u>Ouvrir la fiche produit<\/u><\/a><\/p>","protected":false},"excerpt":{"rendered":"<ul>\n<li>COOLMAX\u00ae assure un transport efficace de l'humidit\u00e9, garde le corps au sec et emp\u00eache le refroidissement.<\/li>\n<li>Respirant et absorbant l'humidit\u00e9.<\/li>\n<li>Le mat\u00e9riau \u00e9lastique stabilise et assure une bonne tenue de la chaussette sur le pied.<\/li>\n<li>Un talon et des orteils renforc\u00e9s augmentent la r\u00e9sistance et offrent une protection suppl\u00e9mentaire.<\/li>\n<\/ul>","protected":false},"featured_media":545159,"template":"","meta":[],"product_brand":[],"product_cat":[4199],"product_tag":[],"class_list":{"0":"post-545086","1":"product","2":"type-product","3":"status-publish","4":"has-post-thumbnail","6":"product_cat-socken","7":"pa_brand-mascot","8":"pa_brand-type-workwear","9":"pa_filter-color-grau","11":"first","12":"instock","13":"sale","14":"taxable","15":"shipping-taxable","16":"purchasable","17":"product-type-variable","18":"add-to-wishlist-before_image"},"exclude_global_add_ons":[],"addons":[],"acf":[],"_links":{"self":[{"href":"https:\/\/shop.kustom.ch\/fr\/wp-json\/wp\/v2\/product\/545086"}],"collection":[{"href":"https:\/\/shop.kustom.ch\/fr\/wp-json\/wp\/v2\/product"}],"about":[{"href":"https:\/\/shop.kustom.ch\/fr\/wp-json\/wp\/v2\/types\/product"}],"wp:featuredmedia":[{"embeddable":true,"href":"https:\/\/shop.kustom.ch\/fr\/wp-json\/wp\/v2\/media\/545159"}],"wp:attachment":[{"href":"https:\/\/shop.kustom.ch\/fr\/wp-json\/wp\/v2\/media?parent=545086"}],"wp:term":[{"taxonomy":"product_brand","embeddable":true,"href":"https:\/\/shop.kustom.ch\/fr\/wp-json\/wp\/v2\/product_brand?post=545086"},{"taxonomy":"product_cat","embeddable":true,"href":"https:\/\/shop.kustom.ch\/fr\/wp-json\/wp\/v2\/product_cat?post=545086"},{"taxonomy":"product_tag","embeddable":true,"href":"https:\/\/shop.kustom.ch\/fr\/wp-json\/wp\/v2\/product_tag?post=545086"}],"curies":[{"name":"wp","href":"https:\/\/api.w.org\/{rel}","templated":true}]}}