{"id":545075,"date":"2025-03-04T00:52:00","date_gmt":"2025-03-03T23:52:00","guid":{"rendered":"https:\/\/shop.kustom.ch\/?post_type=product&#038;p=545075"},"modified":"2026-03-30T13:17:40","modified_gmt":"2026-03-30T12:17:40","slug":"socken-complete","status":"publish","type":"product","link":"https:\/\/shop.kustom.ch\/fr\/produit\/socken-complete\/","title":{"rendered":"Chaussettes COMPLETE"},"content":{"rendered":"<p>Mod\u00e8le long. Qualit\u00e9 robuste. L'\u00e9lasthanne stabilise et assure une bonne tenue. La composition du mat\u00e9riau offre un grand confort et une grande respirabilit\u00e9. Les parties du talon et des orteils sont renforc\u00e9es. Convient aux chaussures fortes et ferm\u00e9es, aux bottes et aux bottes en caoutchouc.<\/p>\n<p>OEKO-TEX\u00ae STANDARD 100<br \/>\n34% Laine\/57% Polyacrylique\/8% Polyamide\/1% \u00c9lasthanne<br \/>\n90 g par paire<br \/>\nLinge d\u00e9licat, max. 30\u00b0 C ; Pas de blanchiment ; Pas de s\u00e9chage en tambour ; Pas de repassage ; Ne convient pas au nettoyage \u00e0 sec<\/p>\n<p><a href=\"https:\/\/mascotsitecore-1ccb8.kxcdn.com\/pdf\/50404-876-0918-de.pdf\" target=\"_blank\" rel=\"noopener\"><u>Ouvrir la fiche produit<\/u><\/a><\/p>","protected":false},"excerpt":{"rendered":"<ul>\n<li>Le m\u00e9lange de laine et d'acrylique est particuli\u00e8rement chaud, respirant et assure un grand confort.<\/li>\n<li>En mat\u00e9riau solide et ind\u00e9formable.<\/li>\n<li>Le mat\u00e9riau \u00e9lastique stabilise et assure une bonne tenue de la chaussette sur le pied.<\/li>\n<li>Un talon et des orteils renforc\u00e9s augmentent la r\u00e9sistance et offrent une protection suppl\u00e9mentaire.<\/li>\n<li>Convient pour les chaussures ferm\u00e9es.<\/li>\n<\/ul>","protected":false},"featured_media":545158,"template":"","meta":[],"product_brand":[],"product_cat":[4199],"product_tag":[],"class_list":{"0":"post-545075","1":"product","2":"type-product","3":"status-publish","4":"has-post-thumbnail","6":"product_cat-socken","7":"pa_brand-mascot","8":"pa_brand-type-workwear","9":"pa_filter-color-grau","10":"pa_filter-color-schwarz","12":"first","13":"instock","14":"sale","15":"taxable","16":"shipping-taxable","17":"purchasable","18":"product-type-variable","19":"add-to-wishlist-before_image"},"exclude_global_add_ons":[],"addons":[],"acf":[],"_links":{"self":[{"href":"https:\/\/shop.kustom.ch\/fr\/wp-json\/wp\/v2\/product\/545075"}],"collection":[{"href":"https:\/\/shop.kustom.ch\/fr\/wp-json\/wp\/v2\/product"}],"about":[{"href":"https:\/\/shop.kustom.ch\/fr\/wp-json\/wp\/v2\/types\/product"}],"wp:featuredmedia":[{"embeddable":true,"href":"https:\/\/shop.kustom.ch\/fr\/wp-json\/wp\/v2\/media\/545158"}],"wp:attachment":[{"href":"https:\/\/shop.kustom.ch\/fr\/wp-json\/wp\/v2\/media?parent=545075"}],"wp:term":[{"taxonomy":"product_brand","embeddable":true,"href":"https:\/\/shop.kustom.ch\/fr\/wp-json\/wp\/v2\/product_brand?post=545075"},{"taxonomy":"product_cat","embeddable":true,"href":"https:\/\/shop.kustom.ch\/fr\/wp-json\/wp\/v2\/product_cat?post=545075"},{"taxonomy":"product_tag","embeddable":true,"href":"https:\/\/shop.kustom.ch\/fr\/wp-json\/wp\/v2\/product_tag?post=545075"}],"curies":[{"name":"wp","href":"https:\/\/api.w.org\/{rel}","templated":true}]}}