{"id":545073,"date":"2025-03-04T00:52:00","date_gmt":"2025-03-03T23:52:00","guid":{"rendered":"https:\/\/shop.kustom.ch\/?post_type=product&#038;p=545073"},"modified":"2026-03-30T13:17:13","modified_gmt":"2026-03-30T12:17:13","slug":"hammerhalter-complete","status":"publish","type":"product","link":"https:\/\/shop.kustom.ch\/fr\/produit\/hammerhalter-complete\/","title":{"rendered":"Porte-marteau COMPLETE"},"content":{"rendered":"<p>Le mat\u00e9riau est r\u00e9sistant et flexible. Utilisable pour diff\u00e9rentes tailles de marteaux. Facile \u00e0 installer dans tous les produits MASCOT\u00ae avec boucle porte-outils.<br \/>\n100% TPU<br \/>\nNe pas laver ; Ne pas blanchir ; Ne pas s\u00e9cher au s\u00e8che-linge ; Ne pas repasser ; Ne convient pas au nettoyage \u00e0 sec<\/p>\n<p><a href=\"https:\/\/mascotsitecore-1ccb8.kxcdn.com\/pdf\/50164-990-09-de.pdf\" target=\"_blank\" rel=\"noopener\"><u>Ouvrir la fiche produit<\/u><\/a><\/p>","protected":false},"excerpt":{"rendered":"<ul>\n<li>Extr\u00eamement r\u00e9sistant et en m\u00eame temps flexible.<\/li>\n<li>Convient \u00e0 diff\u00e9rents types de marteaux.<\/li>\n<li>Se fixe facilement \u00e0 tous les produits MASCOT \u00e9quip\u00e9s d'une boucle porte-outils.<\/li>\n<\/ul>","protected":false},"featured_media":545157,"template":"","meta":[],"product_brand":[],"product_cat":[9643,4209],"product_tag":[],"class_list":{"0":"post-545073","1":"product","2":"type-product","3":"status-publish","4":"has-post-thumbnail","6":"product_cat-equipment","7":"product_cat-zubehoer","8":"pa_brand-mascot","9":"pa_brand-type-workwear","10":"pa_filter-color-schwarz","12":"first","13":"instock","14":"sale","15":"taxable","16":"shipping-taxable","17":"purchasable","18":"product-type-variable","19":"add-to-wishlist-before_image"},"exclude_global_add_ons":[],"addons":[],"acf":[],"_links":{"self":[{"href":"https:\/\/shop.kustom.ch\/fr\/wp-json\/wp\/v2\/product\/545073"}],"collection":[{"href":"https:\/\/shop.kustom.ch\/fr\/wp-json\/wp\/v2\/product"}],"about":[{"href":"https:\/\/shop.kustom.ch\/fr\/wp-json\/wp\/v2\/types\/product"}],"wp:featuredmedia":[{"embeddable":true,"href":"https:\/\/shop.kustom.ch\/fr\/wp-json\/wp\/v2\/media\/545157"}],"wp:attachment":[{"href":"https:\/\/shop.kustom.ch\/fr\/wp-json\/wp\/v2\/media?parent=545073"}],"wp:term":[{"taxonomy":"product_brand","embeddable":true,"href":"https:\/\/shop.kustom.ch\/fr\/wp-json\/wp\/v2\/product_brand?post=545073"},{"taxonomy":"product_cat","embeddable":true,"href":"https:\/\/shop.kustom.ch\/fr\/wp-json\/wp\/v2\/product_cat?post=545073"},{"taxonomy":"product_tag","embeddable":true,"href":"https:\/\/shop.kustom.ch\/fr\/wp-json\/wp\/v2\/product_tag?post=545073"}],"curies":[{"name":"wp","href":"https:\/\/api.w.org\/{rel}","templated":true}]}}