{"id":545047,"date":"2025-03-04T00:51:23","date_gmt":"2025-03-03T23:51:23","guid":{"rendered":"https:\/\/shop.kustom.ch\/?post_type=product&#038;p=545047"},"modified":"2026-03-30T13:16:35","modified_gmt":"2026-03-30T12:16:35","slug":"guertel-complete-4","status":"publish","type":"product","link":"https:\/\/shop.kustom.ch\/fr\/produit\/guertel-complete-4\/","title":{"rendered":"Ceinture COMPLETE"},"content":{"rendered":"<p>La ceinture est ignifug\u00e9e et ne contient pas de m\u00e9taux. Tissu flexible qui s'adapte \u00e0 la forme du corps. Fermeture avec boucle r\u00e9glable. Largeur de la ceinture : 3,8 cm.<br \/>\n45% Modacrylique\/30% Coton\/15% \u00c9lasthanne\/10% Polyester<br \/>\nNe pas laver ; Ne pas blanchir ; Ne pas s\u00e9cher au s\u00e8che-linge ; Ne pas repasser ; Ne convient pas au nettoyage \u00e0 sec<\/p>\n<p><a href=\"https:\/\/mascotsitecore-1ccb8.kxcdn.com\/pdf\/21450-990-09-de.pdf\" target=\"_blank\" rel=\"noopener\"><u>Ouvrir la fiche produit<\/u><\/a><\/p>","protected":false},"excerpt":{"rendered":"<ul>\n<li>La ceinture est ignifug\u00e9e et ne contient pas de m\u00e9taux.<\/li>\n<li>Mat\u00e9riau \u00e9lastique qui s'adapte au corps.<\/li>\n<li>Fermeture avec boucle r\u00e9glable.<\/li>\n<\/ul>","protected":false},"featured_media":545134,"template":"","meta":[],"product_brand":[],"product_cat":[9643,4178],"product_tag":[],"class_list":{"0":"post-545047","1":"product","2":"type-product","3":"status-publish","4":"has-post-thumbnail","6":"product_cat-equipment","7":"product_cat-guertel","8":"pa_brand-mascot","9":"pa_brand-type-workwear","10":"pa_filter-color-schwarz","12":"first","13":"instock","14":"sale","15":"taxable","16":"shipping-taxable","17":"purchasable","18":"product-type-variable","19":"add-to-wishlist-before_image"},"exclude_global_add_ons":[],"addons":[],"acf":[],"_links":{"self":[{"href":"https:\/\/shop.kustom.ch\/fr\/wp-json\/wp\/v2\/product\/545047"}],"collection":[{"href":"https:\/\/shop.kustom.ch\/fr\/wp-json\/wp\/v2\/product"}],"about":[{"href":"https:\/\/shop.kustom.ch\/fr\/wp-json\/wp\/v2\/types\/product"}],"wp:featuredmedia":[{"embeddable":true,"href":"https:\/\/shop.kustom.ch\/fr\/wp-json\/wp\/v2\/media\/545134"}],"wp:attachment":[{"href":"https:\/\/shop.kustom.ch\/fr\/wp-json\/wp\/v2\/media?parent=545047"}],"wp:term":[{"taxonomy":"product_brand","embeddable":true,"href":"https:\/\/shop.kustom.ch\/fr\/wp-json\/wp\/v2\/product_brand?post=545047"},{"taxonomy":"product_cat","embeddable":true,"href":"https:\/\/shop.kustom.ch\/fr\/wp-json\/wp\/v2\/product_cat?post=545047"},{"taxonomy":"product_tag","embeddable":true,"href":"https:\/\/shop.kustom.ch\/fr\/wp-json\/wp\/v2\/product_tag?post=545047"}],"curies":[{"name":"wp","href":"https:\/\/api.w.org\/{rel}","templated":true}]}}