{"id":545001,"date":"2025-03-04T00:50:18","date_gmt":"2025-03-03T23:50:18","guid":{"rendered":"https:\/\/shop.kustom.ch\/?post_type=product&#038;p=545001"},"modified":"2026-03-30T13:16:19","modified_gmt":"2026-03-30T12:16:19","slug":"haengetaschen-complete-3","status":"publish","type":"product","link":"https:\/\/shop.kustom.ch\/fr\/produit\/haengetaschen-complete-3\/","title":{"rendered":"Sacs suspendus COMPLETE"},"content":{"rendered":"<p>Renforts en tissu CORDURA\u00ae sur diff\u00e9rentes parties du produit. Se fixe \u00e0 l'aide de boutons brevet\u00e9s. Dimensions 20 x 24 cm. S'adapte \u00e0 certains sous-v\u00eatements MASCOT\u00ae ACCELERATE SAFE.<\/p>\n<p>OEKO-TEX\u00ae STANDARD 100<br \/>\n100% Polyester<br \/>\nStructure en toile.<br \/>\n190 g\/m\u00b2 (1,5 lb)<br \/>\nLinge d\u00e9licat, max. 40\u00b0 C ; Pas de blanchiment ; Pas de s\u00e9chage en tambour ; Pas de repassage ; Ne convient pas au nettoyage \u00e0 sec<\/p>\n<p><a href=\"https:\/\/mascotsitecore-1ccb8.kxcdn.com\/pdf\/19450-126-010-de.pdf\" target=\"_blank\" rel=\"noopener\"><u>Ouvrir la fiche produit<\/u><\/a><\/p>","protected":false},"excerpt":{"rendered":"<ul>\n<li>Tissu CORDURA\u00ae Renforts sur diff\u00e9rentes parties du produit.<\/li>\n<li>Se fixe \u00e0 l'aide de boutons brevet\u00e9s.<\/li>\n<li>Dimensions 20 x 24 cm.<\/li>\n<\/ul>","protected":false},"featured_media":545083,"template":"","meta":[],"product_brand":[],"product_cat":[9643,10507],"product_tag":[],"class_list":{"0":"post-545001","1":"product","2":"type-product","3":"status-publish","4":"has-post-thumbnail","6":"product_cat-equipment","7":"product_cat-haengetaschen","8":"pa_brand-mascot","9":"pa_brand-type-workwear","10":"pa_filter-color-blau","11":"pa_filter-color-gelb","12":"pa_filter-color-grau","13":"pa_filter-color-orange","14":"pa_filter-color-rot","15":"pa_filter-color-schwarz","17":"first","18":"instock","19":"sale","20":"taxable","21":"shipping-taxable","22":"purchasable","23":"product-type-variable","24":"add-to-wishlist-before_image"},"exclude_global_add_ons":[],"addons":[],"acf":[],"_links":{"self":[{"href":"https:\/\/shop.kustom.ch\/fr\/wp-json\/wp\/v2\/product\/545001"}],"collection":[{"href":"https:\/\/shop.kustom.ch\/fr\/wp-json\/wp\/v2\/product"}],"about":[{"href":"https:\/\/shop.kustom.ch\/fr\/wp-json\/wp\/v2\/types\/product"}],"wp:featuredmedia":[{"embeddable":true,"href":"https:\/\/shop.kustom.ch\/fr\/wp-json\/wp\/v2\/media\/545083"}],"wp:attachment":[{"href":"https:\/\/shop.kustom.ch\/fr\/wp-json\/wp\/v2\/media?parent=545001"}],"wp:term":[{"taxonomy":"product_brand","embeddable":true,"href":"https:\/\/shop.kustom.ch\/fr\/wp-json\/wp\/v2\/product_brand?post=545001"},{"taxonomy":"product_cat","embeddable":true,"href":"https:\/\/shop.kustom.ch\/fr\/wp-json\/wp\/v2\/product_cat?post=545001"},{"taxonomy":"product_tag","embeddable":true,"href":"https:\/\/shop.kustom.ch\/fr\/wp-json\/wp\/v2\/product_tag?post=545001"}],"curies":[{"name":"wp","href":"https:\/\/api.w.org\/{rel}","templated":true}]}}