{"id":544987,"date":"2025-03-04T00:49:45","date_gmt":"2025-03-03T23:49:45","guid":{"rendered":"https:\/\/shop.kustom.ch\/?post_type=product&#038;p=544987"},"modified":"2026-03-30T13:15:49","modified_gmt":"2026-03-30T12:15:49","slug":"haengetaschen-complete-2","status":"publish","type":"product","link":"https:\/\/shop.kustom.ch\/fr\/produit\/haengetaschen-complete-2\/","title":{"rendered":"Sacs suspendus COMPLETE"},"content":{"rendered":"<p>Tissu stretch ultime, l\u00e9ger et tr\u00e8s r\u00e9sistant. Poche int\u00e9rieure suspendue avec fermeture \u00e0 bouton-pression. Poche doubl\u00e9e pour t\u00e9l\u00e9phone portable et fermeture magn\u00e9tique. Tr\u00e8s r\u00e9sistant et nombreuses poches. Renforts en tissu Kevlar\u00ae et CORDURA\u00ae sur diff\u00e9rentes parties du produit. Peut \u00eatre fix\u00e9 \u00e0 la ceinture \u00e0 volont\u00e9. A fixer sur une ceinture solide, p.ex. 0352A-990. dimensions 20 x 24 cm.<\/p>\n<p>OEKO-TEX\u00ae STANDARD 100<br \/>\n92% Polyester\/8% \u00c9lasthanne<br \/>\nSTRETCH ULTIME. Peut r\u00e9tr\u00e9cir au maximum de 2%. Le produit est certifi\u00e9 comme conservant ses propri\u00e9t\u00e9s apr\u00e8s 50 lavages \u00e0 la maison.<br \/>\n265 g\/m<br \/>\nLinge d\u00e9licat, max. 40\u00b0 C ; Ne pas blanchir ; Ne pas s\u00e9cher au s\u00e8che-linge ; Ne pas repasser ; Supporte le nettoyage normal<\/p>\n<p><a href=\"https:\/\/mascotsitecore-1ccb8.kxcdn.com\/pdf\/19050-711-14-de.pdf\" target=\"_blank\" rel=\"noopener\"><u>Ouvrir la fiche produit<\/u><\/a><\/p>","protected":false},"excerpt":{"rendered":"<ul>\n<li>Le tissu stretch multifonctionnel allie l\u00e9g\u00e8ret\u00e9 et r\u00e9sistance \u00e0 l'usure tout en \u00e9tant hydrofuge.<\/li>\n<li>Renforts en tissu Kevlar\u00ae et CORDURA\u00ae sur diff\u00e9rentes parties du produit.<\/li>\n<li>\u00c0 fixer \u00e0 une ceinture solide, par exemple MASCOT\u00ae Zanzibar.<\/li>\n<li>Peut \u00eatre fix\u00e9 \u00e0 la ceinture \u00e0 n'importe quel endroit.<\/li>\n<li>Particuli\u00e8rement r\u00e9sistant, nombreuses poches \u00e0 fond ferm\u00e9.<\/li>\n<\/ul>","protected":false},"featured_media":545078,"template":"","meta":[],"product_brand":[],"product_cat":[9643,10507],"product_tag":[],"class_list":{"0":"post-544987","1":"product","2":"type-product","3":"status-publish","4":"has-post-thumbnail","6":"product_cat-equipment","7":"product_cat-haengetaschen","8":"pa_brand-mascot","9":"pa_brand-type-workwear","10":"pa_filter-color-gelb","11":"pa_filter-color-orange","12":"pa_filter-color-rot","14":"first","15":"instock","16":"sale","17":"taxable","18":"shipping-taxable","19":"purchasable","20":"product-type-variable","21":"add-to-wishlist-before_image"},"exclude_global_add_ons":[],"addons":[],"acf":[],"_links":{"self":[{"href":"https:\/\/shop.kustom.ch\/fr\/wp-json\/wp\/v2\/product\/544987"}],"collection":[{"href":"https:\/\/shop.kustom.ch\/fr\/wp-json\/wp\/v2\/product"}],"about":[{"href":"https:\/\/shop.kustom.ch\/fr\/wp-json\/wp\/v2\/types\/product"}],"wp:featuredmedia":[{"embeddable":true,"href":"https:\/\/shop.kustom.ch\/fr\/wp-json\/wp\/v2\/media\/545078"}],"wp:attachment":[{"href":"https:\/\/shop.kustom.ch\/fr\/wp-json\/wp\/v2\/media?parent=544987"}],"wp:term":[{"taxonomy":"product_brand","embeddable":true,"href":"https:\/\/shop.kustom.ch\/fr\/wp-json\/wp\/v2\/product_brand?post=544987"},{"taxonomy":"product_cat","embeddable":true,"href":"https:\/\/shop.kustom.ch\/fr\/wp-json\/wp\/v2\/product_cat?post=544987"},{"taxonomy":"product_tag","embeddable":true,"href":"https:\/\/shop.kustom.ch\/fr\/wp-json\/wp\/v2\/product_tag?post=544987"}],"curies":[{"name":"wp","href":"https:\/\/api.w.org\/{rel}","templated":true}]}}