{"id":544985,"date":"2025-03-04T00:49:45","date_gmt":"2025-03-03T23:49:45","guid":{"rendered":"https:\/\/shop.kustom.ch\/?post_type=product&#038;p=544985"},"modified":"2026-03-30T13:15:47","modified_gmt":"2026-03-30T12:15:47","slug":"kapuze-complete-12","status":"publish","type":"product","link":"https:\/\/shop.kustom.ch\/fr\/produit\/kapuze-complete-12\/","title":{"rendered":"Capuche COMPLETE"},"content":{"rendered":"<p>Fluorescent, il est tr\u00e8s r\u00e9sistant. R\u00e9siste \u00e0 la salet\u00e9. Antistatique, ignifuge et avec protection contre les acides. Prot\u00e8ge contre les arcs \u00e9lectriques et la soudure occasionnelle. Les propri\u00e9t\u00e9s ci-dessus sont activ\u00e9es lorsque la capuche est fix\u00e9e \u00e0 la veste multirisque 19835-217. Respirant, imperm\u00e9able au vent et \u00e0 l'eau. Les coutures sont coll\u00e9es. Cordons \u00e9lastiques r\u00e9glables sur le bord avant. Se fixent \u00e0 l'aide de boutons-pression. Stabilisation r\u00e9glable sur les deux c\u00f4t\u00e9s.<\/p>\n<p>OEKO-TEX\u00ae STANDARD 100<br \/>\n55% Modacrylique\/39% Coton\/5% Polyamide\/1% Fibres de carbone<br \/>\nTwill\/ripstop.<br \/>\n320 g\/m<br \/>\nLavage de couleur, max. 60\u00b0 C ; Ne pas blanchir ; Ne pas s\u00e9cher au s\u00e8che-linge ; Ne pas repasser ; Supporte le nettoyage normal<\/p>\n<p><a href=\"https:\/\/mascotsitecore-1ccb8.kxcdn.com\/pdf\/19044-217-17-de.pdf\" target=\"_blank\" rel=\"noopener\"><u>Ouvrir la fiche produit<\/u><\/a><\/p>","protected":false},"excerpt":{"rendered":"<ul>\n<li>Antistatique, ignifuge et avec protection contre les acides.<\/li>\n<li>Respirant, \u00e9tanche au vent et \u00e0 l'eau avec coutures scell\u00e9es.<\/li>\n<li>R\u00e9siste \u00e0 la salet\u00e9.<\/li>\n<li>Fil r\u00e9glable de chaque c\u00f4t\u00e9 de la capuche.<\/li>\n<li>Les caract\u00e9ristiques ci-dessus sont activ\u00e9es lorsque la capuche est attach\u00e9e \u00e0 la veste de protection multirisque MASCOT\u00ae 19835-217.<\/li>\n<\/ul>","protected":false},"featured_media":545077,"template":"","meta":[],"product_brand":[],"product_cat":[9643,4209],"product_tag":[],"class_list":{"0":"post-544985","1":"product","2":"type-product","3":"status-publish","4":"has-post-thumbnail","6":"product_cat-equipment","7":"product_cat-zubehoer","8":"pa_brand-mascot","9":"pa_brand-type-workwear","10":"pa_filter-color-gelb","12":"first","13":"instock","14":"sale","15":"taxable","16":"shipping-taxable","17":"purchasable","18":"product-type-variable","19":"add-to-wishlist-before_image"},"exclude_global_add_ons":[],"addons":[],"acf":[],"_links":{"self":[{"href":"https:\/\/shop.kustom.ch\/fr\/wp-json\/wp\/v2\/product\/544985"}],"collection":[{"href":"https:\/\/shop.kustom.ch\/fr\/wp-json\/wp\/v2\/product"}],"about":[{"href":"https:\/\/shop.kustom.ch\/fr\/wp-json\/wp\/v2\/types\/product"}],"wp:featuredmedia":[{"embeddable":true,"href":"https:\/\/shop.kustom.ch\/fr\/wp-json\/wp\/v2\/media\/545077"}],"wp:attachment":[{"href":"https:\/\/shop.kustom.ch\/fr\/wp-json\/wp\/v2\/media?parent=544985"}],"wp:term":[{"taxonomy":"product_brand","embeddable":true,"href":"https:\/\/shop.kustom.ch\/fr\/wp-json\/wp\/v2\/product_brand?post=544985"},{"taxonomy":"product_cat","embeddable":true,"href":"https:\/\/shop.kustom.ch\/fr\/wp-json\/wp\/v2\/product_cat?post=544985"},{"taxonomy":"product_tag","embeddable":true,"href":"https:\/\/shop.kustom.ch\/fr\/wp-json\/wp\/v2\/product_tag?post=544985"}],"curies":[{"name":"wp","href":"https:\/\/api.w.org\/{rel}","templated":true}]}}