{"id":544967,"date":"2025-03-04T00:49:12","date_gmt":"2025-03-03T23:49:12","guid":{"rendered":"https:\/\/shop.kustom.ch\/?post_type=product&#038;p=544967"},"modified":"2026-03-30T13:15:39","modified_gmt":"2026-03-30T12:15:39","slug":"cap-complete","status":"publish","type":"product","link":"https:\/\/shop.kustom.ch\/fr\/produit\/cap-complete\/","title":{"rendered":"Cap COMPLETE"},"content":{"rendered":"<p>R\u00e9glage de la taille \u00e0 l'arri\u00e8re de la t\u00eate. Trous de ventilation. Bandeau de transpiration en coton 100%.<br \/>\n100% Coton<br \/>\nArmure serg\u00e9.<br \/>\n180 g\/m<br \/>\nLavage \u00e0 la main ; Ne pas blanchir ; Ne pas s\u00e9cher au s\u00e8che-linge ; Ne pas repasser ; Ne convient pas au nettoyage \u00e0 sec<\/p>\n<p><a href=\"https:\/\/mascotsitecore-1ccb8.kxcdn.com\/pdf\/18050-802-010-de.pdf\" target=\"_blank\" rel=\"noopener\"><u>Ouvrir la fiche produit<\/u><\/a><\/p>","protected":false},"excerpt":{"rendered":"<ul>\n<li>Trous d'a\u00e9ration pour la ventilation.<\/li>\n<li>Bande de transpiration en coton 100%.<\/li>\n<li>R\u00e9glage de la taille \u00e0 l'arri\u00e8re de la t\u00eate.<\/li>\n<\/ul>","protected":false},"featured_media":545058,"template":"","meta":[],"product_brand":[],"product_cat":[9643,4177],"product_tag":[],"class_list":{"0":"post-544967","1":"product","2":"type-product","3":"status-publish","4":"has-post-thumbnail","6":"product_cat-equipment","7":"product_cat-caps-muetzen","8":"pa_brand-mascot","9":"pa_brand-type-workwear","10":"pa_filter-color-schwarz","12":"first","13":"instock","14":"sale","15":"taxable","16":"shipping-taxable","17":"purchasable","18":"product-type-variable","19":"add-to-wishlist-before_image"},"exclude_global_add_ons":[],"addons":[],"acf":[],"_links":{"self":[{"href":"https:\/\/shop.kustom.ch\/fr\/wp-json\/wp\/v2\/product\/544967"}],"collection":[{"href":"https:\/\/shop.kustom.ch\/fr\/wp-json\/wp\/v2\/product"}],"about":[{"href":"https:\/\/shop.kustom.ch\/fr\/wp-json\/wp\/v2\/types\/product"}],"wp:featuredmedia":[{"embeddable":true,"href":"https:\/\/shop.kustom.ch\/fr\/wp-json\/wp\/v2\/media\/545058"}],"wp:attachment":[{"href":"https:\/\/shop.kustom.ch\/fr\/wp-json\/wp\/v2\/media?parent=544967"}],"wp:term":[{"taxonomy":"product_brand","embeddable":true,"href":"https:\/\/shop.kustom.ch\/fr\/wp-json\/wp\/v2\/product_brand?post=544967"},{"taxonomy":"product_cat","embeddable":true,"href":"https:\/\/shop.kustom.ch\/fr\/wp-json\/wp\/v2\/product_cat?post=544967"},{"taxonomy":"product_tag","embeddable":true,"href":"https:\/\/shop.kustom.ch\/fr\/wp-json\/wp\/v2\/product_tag?post=544967"}],"curies":[{"name":"wp","href":"https:\/\/api.w.org\/{rel}","templated":true}]}}