{"id":544965,"date":"2025-03-04T00:49:12","date_gmt":"2025-03-03T23:49:12","guid":{"rendered":"https:\/\/shop.kustom.ch\/?post_type=product&#038;p=544965"},"modified":"2026-03-30T13:15:37","modified_gmt":"2026-03-30T12:15:37","slug":"guertel-complete-3","status":"publish","type":"product","link":"https:\/\/shop.kustom.ch\/fr\/produit\/guertel-complete-3\/","title":{"rendered":"Ceinture COMPLETE"},"content":{"rendered":"<p>Tissu flexible qui s'adapte \u00e0 la forme du corps. Boucle rev\u00eatue de caoutchouc pour \u00e9viter les \u00e9raflures. Qualit\u00e9 robuste qui assure une bonne tenue du pantalon, m\u00eame lorsque les poches sont remplies d'outils. Possibilit\u00e9 de raccourcir (longueur totale 130 cm). Largeur de la ceinture 4 cm.<br \/>\n77% Polypropyl\u00e8ne\/23% \u00c9lasthanne<br \/>\nNe pas laver ; Ne pas blanchir ; Ne pas s\u00e9cher au s\u00e8che-linge ; Ne pas repasser ; Ne convient pas au nettoyage \u00e0 sec<\/p>\n<p><a href=\"https:\/\/mascotsitecore-1ccb8.kxcdn.com\/pdf\/17044-990-09-de.pdf\" target=\"_blank\" rel=\"noopener\"><u>Ouvrir la fiche produit<\/u><\/a><\/p>","protected":false},"excerpt":{"rendered":"<ul>\n<li>Mat\u00e9riau \u00e9lastique qui s'adapte au corps.<\/li>\n<li>Boucle recouverte de caoutchouc pour \u00e9viter les rayures.<\/li>\n<li>Qualit\u00e9 robuste qui assure une bonne tenue du pantalon, m\u00eame lorsque les poches sont remplies d'outils.<\/li>\n<li>La ceinture peut \u00eatre raccourcie individuellement (longueur totale 130 cm).<\/li>\n<\/ul>","protected":false},"featured_media":545057,"template":"","meta":[],"product_brand":[],"product_cat":[9643,4178],"product_tag":[],"class_list":{"0":"post-544965","1":"product","2":"type-product","3":"status-publish","4":"has-post-thumbnail","6":"product_cat-equipment","7":"product_cat-guertel","8":"pa_brand-mascot","9":"pa_brand-type-workwear","10":"pa_filter-color-schwarz","12":"first","13":"instock","14":"sale","15":"taxable","16":"shipping-taxable","17":"purchasable","18":"product-type-variable","19":"add-to-wishlist-before_image"},"exclude_global_add_ons":[],"addons":[],"acf":[],"_links":{"self":[{"href":"https:\/\/shop.kustom.ch\/fr\/wp-json\/wp\/v2\/product\/544965"}],"collection":[{"href":"https:\/\/shop.kustom.ch\/fr\/wp-json\/wp\/v2\/product"}],"about":[{"href":"https:\/\/shop.kustom.ch\/fr\/wp-json\/wp\/v2\/types\/product"}],"wp:featuredmedia":[{"embeddable":true,"href":"https:\/\/shop.kustom.ch\/fr\/wp-json\/wp\/v2\/media\/545057"}],"wp:attachment":[{"href":"https:\/\/shop.kustom.ch\/fr\/wp-json\/wp\/v2\/media?parent=544965"}],"wp:term":[{"taxonomy":"product_brand","embeddable":true,"href":"https:\/\/shop.kustom.ch\/fr\/wp-json\/wp\/v2\/product_brand?post=544965"},{"taxonomy":"product_cat","embeddable":true,"href":"https:\/\/shop.kustom.ch\/fr\/wp-json\/wp\/v2\/product_cat?post=544965"},{"taxonomy":"product_tag","embeddable":true,"href":"https:\/\/shop.kustom.ch\/fr\/wp-json\/wp\/v2\/product_tag?post=544965"}],"curies":[{"name":"wp","href":"https:\/\/api.w.org\/{rel}","templated":true}]}}