{"id":544958,"date":"2025-03-04T00:49:11","date_gmt":"2025-03-03T23:49:11","guid":{"rendered":"https:\/\/shop.kustom.ch\/?post_type=product&#038;p=544958"},"modified":"2026-03-30T13:15:33","modified_gmt":"2026-03-30T12:15:33","slug":"haengetaschen-complete","status":"publish","type":"product","link":"https:\/\/shop.kustom.ch\/fr\/produit\/haengetaschen-complete\/","title":{"rendered":"Sacs suspendus COMPLETE"},"content":{"rendered":"<p>Particuli\u00e8rement r\u00e9sistante et dot\u00e9e de nombreuses poches \u00e0 fond ferm\u00e9. Peut \u00eatre fix\u00e9e \u00e0 n'importe quelle ceinture. \u00c0 fixer \u00e0 une ceinture solide, par exemple 0352A-990. Dimensions : 16 x 21 cm.<\/p>\n<p>OEKO-TEX\u00ae STANDARD 100<br \/>\n100% Polyamide (tissu CORDURA\u00ae)<br \/>\nStructure en toile.<br \/>\n220 g\/m<br \/>\nLavage en couleurs, max. 60\u00b0 C ; Pas de blanchiment ; Supporte le s\u00e8che-linge - temp\u00e9rature de d\u00e9part max. 60\u00b0 C ; Repassage \u00e0 basse temp\u00e9rature, max. 100\u00b0 C ; Supporte le nettoyage normal<\/p>\n<p><a href=\"https:\/\/mascotsitecore-1ccb8.kxcdn.com\/pdf\/11011-012-010-de.pdf\" target=\"_blank\" rel=\"noopener\"><u>Ouvrir la fiche produit<\/u><\/a><\/p>","protected":false},"excerpt":{"rendered":"<ul>\n<li>En tissu CORDURA\u00ae 100% particuli\u00e8rement r\u00e9sistant.<\/li>\n<li>\u00c0 fixer \u00e0 une ceinture solide, par exemple MASCOT\u00ae Zanzibar.<\/li>\n<li>Peut \u00eatre fix\u00e9 \u00e0 la ceinture \u00e0 n'importe quel endroit.<\/li>\n<li>Particuli\u00e8rement r\u00e9sistant, nombreuses poches \u00e0 fond ferm\u00e9.<\/li>\n<\/ul>","protected":false},"featured_media":545040,"template":"","meta":[],"product_brand":[],"product_cat":[9643,10507],"product_tag":[],"class_list":{"0":"post-544958","1":"product","2":"type-product","3":"status-publish","4":"has-post-thumbnail","6":"product_cat-equipment","7":"product_cat-haengetaschen","8":"pa_brand-mascot","9":"pa_brand-type-workwear","10":"pa_filter-color-grau","11":"pa_filter-color-schwarz","13":"first","14":"instock","15":"sale","16":"taxable","17":"shipping-taxable","18":"purchasable","19":"product-type-variable","20":"add-to-wishlist-before_image"},"exclude_global_add_ons":[],"addons":[],"acf":[],"_links":{"self":[{"href":"https:\/\/shop.kustom.ch\/fr\/wp-json\/wp\/v2\/product\/544958"}],"collection":[{"href":"https:\/\/shop.kustom.ch\/fr\/wp-json\/wp\/v2\/product"}],"about":[{"href":"https:\/\/shop.kustom.ch\/fr\/wp-json\/wp\/v2\/types\/product"}],"wp:featuredmedia":[{"embeddable":true,"href":"https:\/\/shop.kustom.ch\/fr\/wp-json\/wp\/v2\/media\/545040"}],"wp:attachment":[{"href":"https:\/\/shop.kustom.ch\/fr\/wp-json\/wp\/v2\/media?parent=544958"}],"wp:term":[{"taxonomy":"product_brand","embeddable":true,"href":"https:\/\/shop.kustom.ch\/fr\/wp-json\/wp\/v2\/product_brand?post=544958"},{"taxonomy":"product_cat","embeddable":true,"href":"https:\/\/shop.kustom.ch\/fr\/wp-json\/wp\/v2\/product_cat?post=544958"},{"taxonomy":"product_tag","embeddable":true,"href":"https:\/\/shop.kustom.ch\/fr\/wp-json\/wp\/v2\/product_tag?post=544958"}],"curies":[{"name":"wp","href":"https:\/\/api.w.org\/{rel}","templated":true}]}}