{"id":544956,"date":"2025-03-04T00:49:10","date_gmt":"2025-03-03T23:49:10","guid":{"rendered":"https:\/\/shop.kustom.ch\/?post_type=product&#038;p=544956"},"modified":"2026-03-30T13:15:10","modified_gmt":"2026-03-30T12:15:10","slug":"kapuze-complete-10","status":"publish","type":"product","link":"https:\/\/shop.kustom.ch\/fr\/produit\/kapuze-complete-10\/","title":{"rendered":"Capuche COMPLETE"},"content":{"rendered":"<p>Fluorescent, il est tr\u00e8s r\u00e9sistant. R\u00e9sistant \u00e0 l'eau. Doublure en fourrure synth\u00e9tique. Cordons \u00e9lastiques sur le bord avant, r\u00e9glables. Se fixe \u00e0 l'aide de boutons-pression. Convient \u00e0 00920-660 et 05020-660.<\/p>\n<p>OEKO-TEX\u00ae STANDARD 100<br \/>\n80% Polyester\/20% Coton<br \/>\nLe serg\u00e9. Ne pas faire tremper. Laver s\u00e9par\u00e9ment.<br \/>\n300 g\/m<br \/>\nLinge d\u00e9licat, max. 40\u00b0 C ; Ne pas blanchir ; Ne pas s\u00e9cher au s\u00e8che-linge ; Ne pas repasser ; Supporte le nettoyage normal<\/p>\n<p><a href=\"https:\/\/mascotsitecore-1ccb8.kxcdn.com\/pdf\/10544-660-14-de.pdf\" target=\"_blank\" rel=\"noopener\"><u>Ouvrir la fiche produit<\/u><\/a><\/p>","protected":false},"excerpt":{"rendered":"<ul>\n<li>R\u00e9sistant \u00e0 l'eau.<\/li>\n<li>Doublure en fausse fourrure.<\/li>\n<li>\u00c9lastique r\u00e9glable.<\/li>\n<\/ul>","protected":false},"featured_media":545039,"template":"","meta":[],"product_brand":[],"product_cat":[9643,4209],"product_tag":[],"class_list":{"0":"post-544956","1":"product","2":"type-product","3":"status-publish","4":"has-post-thumbnail","6":"product_cat-equipment","7":"product_cat-zubehoer","8":"pa_brand-mascot","9":"pa_brand-type-workwear","10":"pa_filter-color-orange","12":"first","13":"instock","14":"sale","15":"taxable","16":"shipping-taxable","17":"purchasable","18":"product-type-variable","19":"add-to-wishlist-before_image"},"exclude_global_add_ons":[],"addons":[],"acf":[],"_links":{"self":[{"href":"https:\/\/shop.kustom.ch\/fr\/wp-json\/wp\/v2\/product\/544956"}],"collection":[{"href":"https:\/\/shop.kustom.ch\/fr\/wp-json\/wp\/v2\/product"}],"about":[{"href":"https:\/\/shop.kustom.ch\/fr\/wp-json\/wp\/v2\/types\/product"}],"wp:featuredmedia":[{"embeddable":true,"href":"https:\/\/shop.kustom.ch\/fr\/wp-json\/wp\/v2\/media\/545039"}],"wp:attachment":[{"href":"https:\/\/shop.kustom.ch\/fr\/wp-json\/wp\/v2\/media?parent=544956"}],"wp:term":[{"taxonomy":"product_brand","embeddable":true,"href":"https:\/\/shop.kustom.ch\/fr\/wp-json\/wp\/v2\/product_brand?post=544956"},{"taxonomy":"product_cat","embeddable":true,"href":"https:\/\/shop.kustom.ch\/fr\/wp-json\/wp\/v2\/product_cat?post=544956"},{"taxonomy":"product_tag","embeddable":true,"href":"https:\/\/shop.kustom.ch\/fr\/wp-json\/wp\/v2\/product_tag?post=544956"}],"curies":[{"name":"wp","href":"https:\/\/api.w.org\/{rel}","templated":true}]}}