{"id":544945,"date":"2025-03-04T00:49:09","date_gmt":"2025-03-03T23:49:09","guid":{"rendered":"https:\/\/shop.kustom.ch\/?post_type=product&#038;p=544945"},"modified":"2026-03-30T13:15:06","modified_gmt":"2026-03-30T12:15:06","slug":"kapuze-complete-8","status":"publish","type":"product","link":"https:\/\/shop.kustom.ch\/fr\/produit\/kapuze-complete-8\/","title":{"rendered":"Capuche COMPLETE"},"content":{"rendered":"<p>Respirant, imperm\u00e9able au vent et \u00e0 l'eau. Les coutures sont coll\u00e9es. Doublure en polaire. Cordons \u00e9lastiques dans le bord avant, r\u00e9glables. Fermeture velcro au menton. Se fixe \u00e0 l'aide de boutons-pression. Va avec 05035-025.<\/p>\n<p>OEKO-TEX\u00ae STANDARD 100<br \/>\n100% Polyester<br \/>\nStructure en toile. Ne pas utiliser d'adoucissant.<br \/>\n300 g\/m<br \/>\nLinge d\u00e9licat, max. 40\u00b0 C ; Pas de blanchiment ; Pas de s\u00e9chage en tambour ; Pas de repassage ; Ne convient pas au nettoyage \u00e0 sec<\/p>\n<p><a href=\"https:\/\/mascotsitecore-1ccb8.kxcdn.com\/pdf\/07114-025-01-de.pdf\" target=\"_blank\" rel=\"noopener\"><u>Ouvrir la fiche produit<\/u><\/a><\/p>","protected":false},"excerpt":{"rendered":"<ul>\n<li>MASCOTEX\u00ae respirant, imperm\u00e9able au vent et \u00e0 l'eau avec coutures soud\u00e9es.<\/li>\n<li>Doublure en polaire.<\/li>\n<li>\u00c9lastique r\u00e9glable.<\/li>\n<li>Fermeture velcro au menton.<\/li>\n<li>Se fixe \u00e0 l'aide de boutons-pression.<\/li>\n<\/ul>","protected":false},"featured_media":545017,"template":"","meta":[],"product_brand":[],"product_cat":[9643,4209],"product_tag":[],"class_list":{"0":"post-544945","1":"product","2":"type-product","3":"status-publish","4":"has-post-thumbnail","6":"product_cat-equipment","7":"product_cat-zubehoer","8":"pa_brand-mascot","9":"pa_brand-type-workwear","10":"pa_filter-color-beige","11":"pa_filter-color-blau","12":"pa_filter-color-grau","13":"pa_filter-color-weiss","15":"first","16":"instock","17":"sale","18":"taxable","19":"shipping-taxable","20":"purchasable","21":"product-type-variable","22":"add-to-wishlist-before_image"},"exclude_global_add_ons":[],"addons":[],"acf":[],"_links":{"self":[{"href":"https:\/\/shop.kustom.ch\/fr\/wp-json\/wp\/v2\/product\/544945"}],"collection":[{"href":"https:\/\/shop.kustom.ch\/fr\/wp-json\/wp\/v2\/product"}],"about":[{"href":"https:\/\/shop.kustom.ch\/fr\/wp-json\/wp\/v2\/types\/product"}],"wp:featuredmedia":[{"embeddable":true,"href":"https:\/\/shop.kustom.ch\/fr\/wp-json\/wp\/v2\/media\/545017"}],"wp:attachment":[{"href":"https:\/\/shop.kustom.ch\/fr\/wp-json\/wp\/v2\/media?parent=544945"}],"wp:term":[{"taxonomy":"product_brand","embeddable":true,"href":"https:\/\/shop.kustom.ch\/fr\/wp-json\/wp\/v2\/product_brand?post=544945"},{"taxonomy":"product_cat","embeddable":true,"href":"https:\/\/shop.kustom.ch\/fr\/wp-json\/wp\/v2\/product_cat?post=544945"},{"taxonomy":"product_tag","embeddable":true,"href":"https:\/\/shop.kustom.ch\/fr\/wp-json\/wp\/v2\/product_tag?post=544945"}],"curies":[{"name":"wp","href":"https:\/\/api.w.org\/{rel}","templated":true}]}}