{"id":544925,"date":"2025-03-04T00:48:35","date_gmt":"2025-03-03T23:48:35","guid":{"rendered":"https:\/\/shop.kustom.ch\/?post_type=product&#038;p=544925"},"modified":"2026-03-30T13:14:57","modified_gmt":"2026-03-30T12:14:57","slug":"kapuze-complete-3","status":"publish","type":"product","link":"https:\/\/shop.kustom.ch\/fr\/produit\/kapuze-complete-3\/","title":{"rendered":"Capuche COMPLETE"},"content":{"rendered":"<p>Antistatique, ignifuge et avec protection contre les acides. Les propri\u00e9t\u00e9s ci-dessus sont activ\u00e9es lorsque la capuche est fix\u00e9e \u00e0 la veste multirisque 06831-064. Respirant, imperm\u00e9able au vent et \u00e0 l'eau. Les coutures sont coll\u00e9es. Bord avant r\u00e9glable \u00e0 l'aide d'un \u00e9lastique et d'une fermeture velcro. Se fixe \u00e0 l'aide de boutons-pression (cach\u00e9s).<\/p>\n<p>OEKO-TEX\u00ae STANDARD 100<br \/>\n98% Polyester\/2% Fibres de carbone<br \/>\nStructure en toile. Le produit est certifi\u00e9 comme conservant ses propri\u00e9t\u00e9s apr\u00e8s 25 lavages \u00e0 domicile.<br \/>\n250 g\/m<br \/>\nLinge d\u00e9licat, max. 40\u00b0 C ; Pas de blanchiment ; Pas de s\u00e9chage en tambour ; Pas de repassage ; Ne convient pas au nettoyage \u00e0 sec<\/p>\n<p><a href=\"https:\/\/mascotsitecore-1ccb8.kxcdn.com\/pdf\/04014-064-01-de.pdf\" target=\"_blank\" rel=\"noopener\"><u>Ouvrir la fiche produit<\/u><\/a><\/p>","protected":false},"excerpt":{"rendered":"<ul>\n<li>Antistatique, ignifuge et avec protection contre les acides lorsqu'elle est mont\u00e9e sur la veste multirisque MASCOT\u00ae Lungern.<\/li>\n<li>Respirant, \u00e9tanche au vent et \u00e0 l'eau avec coutures scell\u00e9es.<\/li>\n<li>Se fixe \u00e0 l'aide de boutons-pression dissimul\u00e9s.<\/li>\n<\/ul>","protected":false},"featured_media":544995,"template":"","meta":[],"product_brand":[],"product_cat":[9643,4209],"product_tag":[],"class_list":{"0":"post-544925","1":"product","2":"type-product","3":"status-publish","4":"has-post-thumbnail","6":"product_cat-equipment","7":"product_cat-zubehoer","8":"pa_brand-mascot","9":"pa_brand-type-workwear","10":"pa_filter-color-blau","12":"first","13":"instock","14":"sale","15":"taxable","16":"shipping-taxable","17":"purchasable","18":"product-type-variable","19":"add-to-wishlist-before_image"},"exclude_global_add_ons":[],"addons":[],"acf":[],"_links":{"self":[{"href":"https:\/\/shop.kustom.ch\/fr\/wp-json\/wp\/v2\/product\/544925"}],"collection":[{"href":"https:\/\/shop.kustom.ch\/fr\/wp-json\/wp\/v2\/product"}],"about":[{"href":"https:\/\/shop.kustom.ch\/fr\/wp-json\/wp\/v2\/types\/product"}],"wp:featuredmedia":[{"embeddable":true,"href":"https:\/\/shop.kustom.ch\/fr\/wp-json\/wp\/v2\/media\/544995"}],"wp:attachment":[{"href":"https:\/\/shop.kustom.ch\/fr\/wp-json\/wp\/v2\/media?parent=544925"}],"wp:term":[{"taxonomy":"product_brand","embeddable":true,"href":"https:\/\/shop.kustom.ch\/fr\/wp-json\/wp\/v2\/product_brand?post=544925"},{"taxonomy":"product_cat","embeddable":true,"href":"https:\/\/shop.kustom.ch\/fr\/wp-json\/wp\/v2\/product_cat?post=544925"},{"taxonomy":"product_tag","embeddable":true,"href":"https:\/\/shop.kustom.ch\/fr\/wp-json\/wp\/v2\/product_tag?post=544925"}],"curies":[{"name":"wp","href":"https:\/\/api.w.org\/{rel}","templated":true}]}}