{"id":544923,"date":"2025-03-04T00:48:35","date_gmt":"2025-03-03T23:48:35","guid":{"rendered":"https:\/\/shop.kustom.ch\/?post_type=product&#038;p=544923"},"modified":"2026-03-30T13:14:55","modified_gmt":"2026-03-30T12:14:55","slug":"guertel-complete-2","status":"publish","type":"product","link":"https:\/\/shop.kustom.ch\/fr\/produit\/guertel-complete-2\/","title":{"rendered":"Ceinture COMPLETE"},"content":{"rendered":"<p>Qualit\u00e9 robuste. Les parties m\u00e9talliques sont exemptes de nickel, conform\u00e9ment aux exigences de l'UE. Boucle \u00e0 double trou en m\u00e9tal. Possibilit\u00e9 de raccourcir la boucle (longueur totale 140 cm). Le raccourcissement peut \u00eatre effectu\u00e9 en retirant les deux vis \u00e0 l'arri\u00e8re de la boucle. Couper le morceau souhait\u00e9, percer deux nouveaux trous \u00e0 l'aide d'une pince perforatrice et refixer la boucle. Largeur de la ceinture : 4,3 cm.<br \/>\n100% Cuir<br \/>\nNe pas laver ; Ne pas blanchir ; Ne pas s\u00e9cher au s\u00e8che-linge ; Ne pas repasser ; Ne convient pas au nettoyage \u00e0 sec<\/p>\n<p><a href=\"https:\/\/mascotsitecore-1ccb8.kxcdn.com\/pdf\/0352A-990-09-de.pdf\" target=\"_blank\" rel=\"noopener\"><u>Ouvrir la fiche produit<\/u><\/a><\/p>","protected":false},"excerpt":{"rendered":"<ul>\n<li>Cuir de base solide avec boucle en m\u00e9tal.<\/li>\n<li>La boucle et l'extr\u00e9mit\u00e9 de la ceinture ne contiennent pas de nickel, conform\u00e9ment aux exigences de l'UE.<\/li>\n<li>La ceinture peut \u00eatre raccourcie individuellement (longueur totale 140 cm).<\/li>\n<li>Extr\u00eamement r\u00e9sistant.<\/li>\n<\/ul>","protected":false},"featured_media":544994,"template":"","meta":[],"product_brand":[],"product_cat":[9643,4178],"product_tag":[],"class_list":{"0":"post-544923","1":"product","2":"type-product","3":"status-publish","4":"has-post-thumbnail","6":"product_cat-equipment","7":"product_cat-guertel","8":"pa_brand-mascot","9":"pa_brand-type-workwear","10":"pa_filter-color-schwarz","12":"first","13":"instock","14":"sale","15":"taxable","16":"shipping-taxable","17":"purchasable","18":"product-type-variable","19":"add-to-wishlist-before_image"},"exclude_global_add_ons":[],"addons":[],"acf":[],"_links":{"self":[{"href":"https:\/\/shop.kustom.ch\/fr\/wp-json\/wp\/v2\/product\/544923"}],"collection":[{"href":"https:\/\/shop.kustom.ch\/fr\/wp-json\/wp\/v2\/product"}],"about":[{"href":"https:\/\/shop.kustom.ch\/fr\/wp-json\/wp\/v2\/types\/product"}],"wp:featuredmedia":[{"embeddable":true,"href":"https:\/\/shop.kustom.ch\/fr\/wp-json\/wp\/v2\/media\/544994"}],"wp:attachment":[{"href":"https:\/\/shop.kustom.ch\/fr\/wp-json\/wp\/v2\/media?parent=544923"}],"wp:term":[{"taxonomy":"product_brand","embeddable":true,"href":"https:\/\/shop.kustom.ch\/fr\/wp-json\/wp\/v2\/product_brand?post=544923"},{"taxonomy":"product_cat","embeddable":true,"href":"https:\/\/shop.kustom.ch\/fr\/wp-json\/wp\/v2\/product_cat?post=544923"},{"taxonomy":"product_tag","embeddable":true,"href":"https:\/\/shop.kustom.ch\/fr\/wp-json\/wp\/v2\/product_tag?post=544923"}],"curies":[{"name":"wp","href":"https:\/\/api.w.org\/{rel}","templated":true}]}}