{"id":544904,"date":"2025-03-04T00:48:32","date_gmt":"2025-03-03T23:48:32","guid":{"rendered":"https:\/\/shop.kustom.ch\/?post_type=product&#038;p=544904"},"modified":"2026-03-30T13:14:23","modified_gmt":"2026-03-30T12:14:23","slug":"kapuze-complete","status":"publish","type":"product","link":"https:\/\/shop.kustom.ch\/fr\/produit\/kapuze-complete\/","title":{"rendered":"Capuche COMPLETE"},"content":{"rendered":"<p>R\u00e9sistant \u00e0 l'eau. Doublure en fourrure synth\u00e9tique. Cordons \u00e9lastiques sur le devant, r\u00e9glables. Se fixe par fermeture \u00e0 glissi\u00e8re. Convient \u00e0 00920-660 et 05020-660.<\/p>\n<p>OEKO-TEX\u00ae STANDARD 100<br \/>\n52% coton\/48% nylon<br \/>\nSerg\u00e9.<br \/>\n240 g\/m<br \/>\nLinge d\u00e9licat, max. 40\u00b0 C ; Ne pas blanchir ; Ne pas s\u00e9cher au s\u00e8che-linge ; Ne pas repasser ; Supporte le nettoyage normal<\/p>\n<p><a href=\"https:\/\/mascotsitecore-1ccb8.kxcdn.com\/pdf\/00539-620-01-de.pdf\" target=\"_blank\" rel=\"noopener\"><u>Ouvrir la fiche produit<\/u><\/a><\/p>","protected":false},"excerpt":{"rendered":"<ul>\n<li>Le Bearnylon\u00ae est un mat\u00e9riau hydrofuge et tr\u00e8s r\u00e9sistant.<\/li>\n<li>Doublure en fausse fourrure.<\/li>\n<li>\u00c9lastique r\u00e9glable.<\/li>\n<\/ul>","protected":false},"featured_media":544931,"template":"","meta":[],"product_brand":[],"product_cat":[9643,4209],"product_tag":[],"class_list":{"0":"post-544904","1":"product","2":"type-product","3":"status-publish","4":"has-post-thumbnail","6":"product_cat-equipment","7":"product_cat-zubehoer","8":"pa_brand-mascot","9":"pa_brand-type-workwear","10":"pa_filter-color-blau","11":"pa_filter-color-grau","12":"pa_filter-color-gruen","13":"pa_filter-color-rot","14":"pa_filter-color-schwarz","16":"first","17":"instock","18":"sale","19":"taxable","20":"shipping-taxable","21":"purchasable","22":"product-type-variable","23":"add-to-wishlist-before_image"},"exclude_global_add_ons":[],"addons":[],"acf":[],"_links":{"self":[{"href":"https:\/\/shop.kustom.ch\/fr\/wp-json\/wp\/v2\/product\/544904"}],"collection":[{"href":"https:\/\/shop.kustom.ch\/fr\/wp-json\/wp\/v2\/product"}],"about":[{"href":"https:\/\/shop.kustom.ch\/fr\/wp-json\/wp\/v2\/types\/product"}],"wp:featuredmedia":[{"embeddable":true,"href":"https:\/\/shop.kustom.ch\/fr\/wp-json\/wp\/v2\/media\/544931"}],"wp:attachment":[{"href":"https:\/\/shop.kustom.ch\/fr\/wp-json\/wp\/v2\/media?parent=544904"}],"wp:term":[{"taxonomy":"product_brand","embeddable":true,"href":"https:\/\/shop.kustom.ch\/fr\/wp-json\/wp\/v2\/product_brand?post=544904"},{"taxonomy":"product_cat","embeddable":true,"href":"https:\/\/shop.kustom.ch\/fr\/wp-json\/wp\/v2\/product_cat?post=544904"},{"taxonomy":"product_tag","embeddable":true,"href":"https:\/\/shop.kustom.ch\/fr\/wp-json\/wp\/v2\/product_tag?post=544904"}],"curies":[{"name":"wp","href":"https:\/\/api.w.org\/{rel}","templated":true}]}}