{"id":544894,"date":"2025-03-04T00:48:04","date_gmt":"2025-03-03T23:48:04","guid":{"rendered":"https:\/\/shop.kustom.ch\/?post_type=product&#038;p=544894"},"modified":"2026-03-30T13:14:21","modified_gmt":"2026-03-30T12:14:21","slug":"knieschutz-complete","status":"publish","type":"product","link":"https:\/\/shop.kustom.ch\/fr\/produit\/knieschutz-complete\/","title":{"rendered":"Protection des genoux COMPLETE"},"content":{"rendered":"<p>Retirer la protection des genoux du v\u00eatement avant le lavage. Certifi\u00e9 avec les produits MASCOT avec design de poche genouill\u00e8re SHORT\/LONG selon EN 14404. Dimensions 15 x 19,5 cm.<\/p>\n<p>EN 14404, type 2, niveau de performance 1<br \/>\n100% Ac\u00e9tate d'\u00e9thyl\u00e8ne et de vinyle (EVAZOTE\u00ae)<br \/>\nNe pas laver ; Ne pas blanchir ; Ne pas s\u00e9cher au s\u00e8che-linge ; Ne pas repasser ; Ne convient pas au nettoyage \u00e0 sec<\/p>\n<p><a href=\"https:\/\/mascotsitecore-1ccb8.kxcdn.com\/pdf\/00418-100-08-de.pdf\" target=\"_blank\" rel=\"noopener\"><u>Ouvrir la fiche produit<\/u><\/a><\/p>","protected":false},"excerpt":{"rendered":"<ul>\n<li>Indispensable pour une journ\u00e9e de travail \u00e0 genoux.<\/li>\n<li>La genouill\u00e8re est certifi\u00e9e SHORT\/LONG avec les produits MASCOT dot\u00e9s d'un design de genouill\u00e8re pour une utilisation.<\/li>\n<\/ul>","protected":false},"featured_media":544930,"template":"","meta":[],"product_brand":[],"product_cat":[9643,10501],"product_tag":[],"class_list":{"0":"post-544894","1":"product","2":"type-product","3":"status-publish","4":"has-post-thumbnail","6":"product_cat-equipment","7":"product_cat-knieschutz","8":"pa_brand-mascot","9":"pa_brand-type-workwear","10":"pa_filter-color-grau","12":"first","13":"instock","14":"sale","15":"taxable","16":"shipping-taxable","17":"purchasable","18":"product-type-variable","19":"add-to-wishlist-before_image"},"exclude_global_add_ons":[],"addons":[],"acf":[],"_links":{"self":[{"href":"https:\/\/shop.kustom.ch\/fr\/wp-json\/wp\/v2\/product\/544894"}],"collection":[{"href":"https:\/\/shop.kustom.ch\/fr\/wp-json\/wp\/v2\/product"}],"about":[{"href":"https:\/\/shop.kustom.ch\/fr\/wp-json\/wp\/v2\/types\/product"}],"wp:featuredmedia":[{"embeddable":true,"href":"https:\/\/shop.kustom.ch\/fr\/wp-json\/wp\/v2\/media\/544930"}],"wp:attachment":[{"href":"https:\/\/shop.kustom.ch\/fr\/wp-json\/wp\/v2\/media?parent=544894"}],"wp:term":[{"taxonomy":"product_brand","embeddable":true,"href":"https:\/\/shop.kustom.ch\/fr\/wp-json\/wp\/v2\/product_brand?post=544894"},{"taxonomy":"product_cat","embeddable":true,"href":"https:\/\/shop.kustom.ch\/fr\/wp-json\/wp\/v2\/product_cat?post=544894"},{"taxonomy":"product_tag","embeddable":true,"href":"https:\/\/shop.kustom.ch\/fr\/wp-json\/wp\/v2\/product_tag?post=544894"}],"curies":[{"name":"wp","href":"https:\/\/api.w.org\/{rel}","templated":true}]}}